{"id":14277,"date":"2025-06-04T05:01:31","date_gmt":"2025-06-04T05:01:31","guid":{"rendered":"https:\/\/keu.es\/politica-de-privacidad-y-proteccion-de-datos\/"},"modified":"2026-04-30T13:03:07","modified_gmt":"2026-04-30T13:03:07","slug":"politica-de-privacidad-canada","status":"publish","type":"page","link":"https:\/\/keu.es\/es\/politica-de-privacidad-canada\/","title":{"rendered":"Pol\u00edtica de Privacidad y Protecci\u00f3n de Datos Canad\u00e1"},"content":{"rendered":"\t\t<div data-elementor-type=\"wp-page\" data-elementor-id=\"14277\" class=\"elementor elementor-14277 elementor-14218\" data-elementor-post-type=\"page\">\n\t\t\t\t<div class=\"elementor-element elementor-element-fb17e8a e-flex e-con-boxed e-con e-parent\" data-id=\"fb17e8a\" data-element_type=\"container\" data-e-type=\"container\" data-settings=\"{&quot;background_background&quot;:&quot;classic&quot;}\">\n\t\t\t\t\t<div class=\"e-con-inner\">\n\t\t<div class=\"elementor-element elementor-element-d02578a e-con-full elementor-hidden-tablet elementor-hidden-mobile e-flex e-con e-child\" data-id=\"d02578a\" data-element_type=\"container\" data-e-type=\"container\">\n\t\t\t\t<div class=\"elementor-element elementor-element-f71a7ed elementor-widget elementor-widget-image\" data-id=\"f71a7ed\" data-element_type=\"widget\" data-e-type=\"widget\" data-widget_type=\"image.default\">\n\t\t\t\t\t\t\t\t\t\t\t\t\t\t\t<img fetchpriority=\"high\" decoding=\"async\" width=\"493\" height=\"197\" src=\"https:\/\/keu.es\/wp-content\/uploads\/2025\/02\/keu-logo-white-e1656493617765.png\" class=\"attachment-full size-full wp-image-8699\" alt=\"KEU Logo\" srcset=\"https:\/\/keu.es\/wp-content\/uploads\/2025\/02\/keu-logo-white-e1656493617765.png 493w, https:\/\/keu.es\/wp-content\/uploads\/2025\/02\/keu-logo-white-e1656493617765-300x120.png 300w\" sizes=\"(max-width: 493px) 100vw, 493px\" \/>\t\t\t\t\t\t\t\t\t\t\t\t\t\t\t<\/div>\n\t\t\t\t<\/div>\n\t\t<div class=\"elementor-element elementor-element-44c8206 e-con-full e-flex e-con e-child\" data-id=\"44c8206\" data-element_type=\"container\" data-e-type=\"container\" data-settings=\"{&quot;background_background&quot;:&quot;classic&quot;}\">\n\t\t\t\t<div class=\"elementor-element elementor-element-05fadf6 elementor-widget elementor-widget-heading\" data-id=\"05fadf6\" data-element_type=\"widget\" data-e-type=\"widget\" data-settings=\"{&quot;motion_fx_motion_fx_scrolling&quot;:&quot;yes&quot;,&quot;motion_fx_devices&quot;:[&quot;desktop&quot;,&quot;tablet&quot;,&quot;mobile&quot;]}\" data-widget_type=\"heading.default\">\n\t\t\t\t\t<h2 class=\"elementor-heading-title elementor-size-default\">Pol\u00edtica de Privacidad<br>y Protecci\u00f3n de Datos<\/h2>\t\t\t\t<\/div>\n\t\t\t\t<div class=\"elementor-element elementor-element-9d02679 elementor-align-center elementor-widget elementor-widget-button\" data-id=\"9d02679\" data-element_type=\"widget\" data-e-type=\"widget\" data-widget_type=\"button.default\">\n\t\t\t\t\t\t\t\t\t\t<a class=\"elementor-button elementor-button-link elementor-size-sm\" href=\"https:\/\/keu.es\/es\/\">\n\t\t\t\t\t\t<span class=\"elementor-button-content-wrapper\">\n\t\t\t\t\t\t\t\t\t<span class=\"elementor-button-text\">VOLVER A LA HOME<\/span>\n\t\t\t\t\t<\/span>\n\t\t\t\t\t<\/a>\n\t\t\t\t\t\t\t\t<\/div>\n\t\t\t\t<div class=\"elementor-element elementor-element-c565a90 elementor-invisible elementor-widget elementor-widget-heading\" data-id=\"c565a90\" data-element_type=\"widget\" data-e-type=\"widget\" data-settings=\"{&quot;motion_fx_motion_fx_scrolling&quot;:&quot;yes&quot;,&quot;_animation&quot;:&quot;fadeInDown&quot;,&quot;motion_fx_devices&quot;:[&quot;desktop&quot;,&quot;tablet&quot;,&quot;mobile&quot;]}\" data-widget_type=\"heading.default\">\n\t\t\t\t\t<h4 class=\"elementor-heading-title elementor-size-default\">1. Informaci\u00f3n general<\/h4>\t\t\t\t<\/div>\n\t\t\t\t<div class=\"elementor-element elementor-element-e844365 elementor-widget__width-inherit elementor-widget-mobile__width-initial elementor-widget elementor-widget-text-editor\" data-id=\"e844365\" data-element_type=\"widget\" data-e-type=\"widget\" data-widget_type=\"text-editor.default\">\n\t\t\t\t\t\t\t\t\t<p>Esta Pol\u00edtica de Privacidad explica c\u00f3mo KEU HOME recopila, utiliza y protege la informaci\u00f3n personal de los usuarios ubicados en Canad\u00e1, de conformidad con la Ley de Protecci\u00f3n de la Informaci\u00f3n Personal y Documentos Electr\u00f3nicos (PIPEDA, por sus siglas en ingl\u00e9s).<\/p><p>Dise\u00f1o Formas y L\u00edneas S.L., propietaria de la marca comercial KEU HOME, se compromete a tratar la informaci\u00f3n personal de forma transparente, segura y responsable.<\/p>\t\t\t\t\t\t\t\t<\/div>\n\t\t\t\t<div class=\"elementor-element elementor-element-a786a51 elementor-invisible elementor-widget elementor-widget-heading\" data-id=\"a786a51\" data-element_type=\"widget\" data-e-type=\"widget\" data-settings=\"{&quot;motion_fx_motion_fx_scrolling&quot;:&quot;yes&quot;,&quot;_animation&quot;:&quot;fadeInDown&quot;,&quot;motion_fx_devices&quot;:[&quot;desktop&quot;,&quot;tablet&quot;,&quot;mobile&quot;]}\" data-widget_type=\"heading.default\">\n\t\t\t\t\t<h4 class=\"elementor-heading-title elementor-size-default\">2. Controlador de datos<\/h4>\t\t\t\t<\/div>\n\t\t\t\t<div class=\"elementor-element elementor-element-82474f9 elementor-widget__width-inherit elementor-widget-mobile__width-initial elementor-widget elementor-widget-text-editor\" data-id=\"82474f9\" data-element_type=\"widget\" data-e-type=\"widget\" data-widget_type=\"text-editor.default\">\n\t\t\t\t\t\t\t\t\t<p>Denominaci\u00f3n social: Dise\u00f1o Formas y L\u00edneas S.L.<br>CIF: B42614230<br>Domicilio social: Calle Antonio T\u00e0pies, 29, 3\u00ba1\u00aa, Espa\u00f1a<br>Email: <a href=\"mailto:keu@keu.es\"><span style=\"text-decoration: underline;\"><strong>keu@keu.es<\/strong><\/span><\/a><br>Tel\u00e9fono: +34 613 630 795<\/p>\t\t\t\t\t\t\t\t<\/div>\n\t\t\t\t<div class=\"elementor-element elementor-element-c68b95c elementor-invisible elementor-widget elementor-widget-heading\" data-id=\"c68b95c\" data-element_type=\"widget\" data-e-type=\"widget\" data-settings=\"{&quot;motion_fx_motion_fx_scrolling&quot;:&quot;yes&quot;,&quot;_animation&quot;:&quot;fadeInDown&quot;,&quot;motion_fx_devices&quot;:[&quot;desktop&quot;,&quot;tablet&quot;,&quot;mobile&quot;]}\" data-widget_type=\"heading.default\">\n\t\t\t\t\t<h4 class=\"elementor-heading-title elementor-size-default\">3. Informaci\u00f3n personal que recopilamos<\/h4>\t\t\t\t<\/div>\n\t\t\t\t<div class=\"elementor-element elementor-element-1a469eb elementor-widget__width-inherit elementor-widget-mobile__width-initial elementor-widget elementor-widget-text-editor\" data-id=\"1a469eb\" data-element_type=\"widget\" data-e-type=\"widget\" data-widget_type=\"text-editor.default\">\n\t\t\t\t\t\t\t\t\t<p>Podemos recopilar la siguiente informaci\u00f3n personal:<\/p><ul><li>Nombre completo<\/li><li>Direcci\u00f3n de correo electr\u00f3nico<\/li><li>N\u00famero de tel\u00e9fono \/ WhatsApp<\/li><li>Informaci\u00f3n relacionada con su consulta o proyecto.<\/li><li>Datos t\u00e9cnicos (direcci\u00f3n IP, navegador, dispositivo, sistema operativo)<\/li><\/ul>\t\t\t\t\t\t\t\t<\/div>\n\t\t\t\t<div class=\"elementor-element elementor-element-515efb1 elementor-invisible elementor-widget elementor-widget-heading\" data-id=\"515efb1\" data-element_type=\"widget\" data-e-type=\"widget\" data-settings=\"{&quot;motion_fx_motion_fx_scrolling&quot;:&quot;yes&quot;,&quot;_animation&quot;:&quot;fadeInDown&quot;,&quot;motion_fx_devices&quot;:[&quot;desktop&quot;,&quot;tablet&quot;,&quot;mobile&quot;]}\" data-widget_type=\"heading.default\">\n\t\t\t\t\t<h4 class=\"elementor-heading-title elementor-size-default\">4. C\u00f3mo recopilamos su informaci\u00f3n<\/h4>\t\t\t\t<\/div>\n\t\t\t\t<div class=\"elementor-element elementor-element-76eaa87 elementor-widget__width-inherit elementor-widget-mobile__width-initial elementor-widget elementor-widget-text-editor\" data-id=\"76eaa87\" data-element_type=\"widget\" data-e-type=\"widget\" data-widget_type=\"text-editor.default\">\n\t\t\t\t\t\t\t\t\t<p>Recopilamos su informaci\u00f3n:<\/p><ul><li>Cuando rellenas un formulario de contacto o solicitas informaci\u00f3n<\/li><li>Cuando te comunicas con nosotros a trav\u00e9s de WhatsApp u otros canales<\/li><li>Autom\u00e1ticamente a trav\u00e9s de cookies y herramientas de an\u00e1lisis (por ejemplo, Google Analytics, Meta Pixel).<\/li><\/ul>\t\t\t\t\t\t\t\t<\/div>\n\t\t\t\t<div class=\"elementor-element elementor-element-3a364a3 elementor-invisible elementor-widget elementor-widget-heading\" data-id=\"3a364a3\" data-element_type=\"widget\" data-e-type=\"widget\" data-settings=\"{&quot;motion_fx_motion_fx_scrolling&quot;:&quot;yes&quot;,&quot;_animation&quot;:&quot;fadeInDown&quot;,&quot;motion_fx_devices&quot;:[&quot;desktop&quot;,&quot;tablet&quot;,&quot;mobile&quot;]}\" data-widget_type=\"heading.default\">\n\t\t\t\t\t<h4 class=\"elementor-heading-title elementor-size-default\">5. Finalidad de la recopilaci\u00f3n<\/h4>\t\t\t\t<\/div>\n\t\t\t\t<div class=\"elementor-element elementor-element-925da7b elementor-widget__width-inherit elementor-widget-mobile__width-initial elementor-widget elementor-widget-text-editor\" data-id=\"925da7b\" data-element_type=\"widget\" data-e-type=\"widget\" data-widget_type=\"text-editor.default\">\n\t\t\t\t\t\t\t\t\t<p>Su informaci\u00f3n personal se recopila y utiliza para los siguientes fines:<\/p><ul><li>Para responder a sus consultas y solicitudes<\/li><li>Proporcionar informaci\u00f3n sobre los productos y servicios de KEU.<\/li><li>Para gestionar la comunicaci\u00f3n continua.<\/li><li>Para enviar comunicaciones comerciales (cuando se haya dado el consentimiento)<\/li><li>Analizar el rendimiento del sitio web y mejorar la experiencia del usuario.<\/li><\/ul>\t\t\t\t\t\t\t\t<\/div>\n\t\t\t\t<div class=\"elementor-element elementor-element-711b41b elementor-invisible elementor-widget elementor-widget-heading\" data-id=\"711b41b\" data-element_type=\"widget\" data-e-type=\"widget\" data-settings=\"{&quot;motion_fx_motion_fx_scrolling&quot;:&quot;yes&quot;,&quot;_animation&quot;:&quot;fadeInDown&quot;,&quot;motion_fx_devices&quot;:[&quot;desktop&quot;,&quot;tablet&quot;,&quot;mobile&quot;]}\" data-widget_type=\"heading.default\">\n\t\t\t\t\t<h4 class=\"elementor-heading-title elementor-size-default\">6. Consentimiento<\/h4>\t\t\t\t<\/div>\n\t\t\t\t<div class=\"elementor-element elementor-element-e188480 elementor-widget__width-inherit elementor-widget-mobile__width-initial elementor-widget elementor-widget-text-editor\" data-id=\"e188480\" data-element_type=\"widget\" data-e-type=\"widget\" data-widget_type=\"text-editor.default\">\n\t\t\t\t\t\t\t\t\t<p>Seg\u00fan la legislaci\u00f3n canadiense (PIPEDA), se requiere su conocimiento y consentimiento para la recopilaci\u00f3n, el uso y la divulgaci\u00f3n de informaci\u00f3n personal.<\/p><p>Al enviar su informaci\u00f3n a trav\u00e9s de nuestro sitio web o al interactuar con nuestros servicios, usted acepta la recopilaci\u00f3n y el uso de su informaci\u00f3n personal tal como se describe en esta pol\u00edtica.<\/p><p>Usted podr\u00e1 retirar su consentimiento en cualquier momento, sujeto a restricciones legales o contractuales.<\/p>\t\t\t\t\t\t\t\t<\/div>\n\t\t\t\t<div class=\"elementor-element elementor-element-ec2d9ef elementor-invisible elementor-widget elementor-widget-heading\" data-id=\"ec2d9ef\" data-element_type=\"widget\" data-e-type=\"widget\" data-settings=\"{&quot;motion_fx_motion_fx_scrolling&quot;:&quot;yes&quot;,&quot;_animation&quot;:&quot;fadeInDown&quot;,&quot;motion_fx_devices&quot;:[&quot;desktop&quot;,&quot;tablet&quot;,&quot;mobile&quot;]}\" data-widget_type=\"heading.default\">\n\t\t\t\t\t<h4 class=\"elementor-heading-title elementor-size-default\">7. Retenci\u00f3n de datos<\/h4>\t\t\t\t<\/div>\n\t\t\t\t<div class=\"elementor-element elementor-element-0d86660 elementor-widget__width-inherit elementor-widget-mobile__width-initial elementor-widget elementor-widget-text-editor\" data-id=\"0d86660\" data-element_type=\"widget\" data-e-type=\"widget\" data-widget_type=\"text-editor.default\">\n\t\t\t\t\t\t\t\t\t<p>Conservamos su informaci\u00f3n personal:<\/p><ul><li>Durante el tiempo que sea necesario para cumplir con los fines descritos en esta pol\u00edtica.<\/li><li>Durante la duraci\u00f3n de cualquier relaci\u00f3n en curso<\/li><li>O hasta que usted solicite la eliminaci\u00f3n, sujeto a obligaciones legales.<\/li><\/ul>\t\t\t\t\t\t\t\t<\/div>\n\t\t\t\t<div class=\"elementor-element elementor-element-f0c8662 elementor-invisible elementor-widget elementor-widget-heading\" data-id=\"f0c8662\" data-element_type=\"widget\" data-e-type=\"widget\" data-settings=\"{&quot;motion_fx_motion_fx_scrolling&quot;:&quot;yes&quot;,&quot;_animation&quot;:&quot;fadeInDown&quot;,&quot;motion_fx_devices&quot;:[&quot;desktop&quot;,&quot;tablet&quot;,&quot;mobile&quot;]}\" data-widget_type=\"heading.default\">\n\t\t\t\t\t<h4 class=\"elementor-heading-title elementor-size-default\">8. Divulgaci\u00f3n de informaci\u00f3n<\/h4>\t\t\t\t<\/div>\n\t\t\t\t<div class=\"elementor-element elementor-element-fe14040 elementor-widget__width-inherit elementor-widget-mobile__width-initial elementor-widget elementor-widget-text-editor\" data-id=\"fe14040\" data-element_type=\"widget\" data-e-type=\"widget\" data-widget_type=\"text-editor.default\">\n\t\t\t\t\t\t\t\t\t<p>Podemos compartir su informaci\u00f3n con:<\/p><ul><li>Proveedores de servicios (hosting, CRM, anal\u00edtica, plataformas de marketing)<\/li><li>Socios tecnol\u00f3gicos (por ejemplo, Google, Meta, herramientas de comunicaci\u00f3n)<\/li><\/ul><p>Todos los terceros est\u00e1n obligados a proteger su informaci\u00f3n y a utilizarla \u00fanicamente para los fines para los que fue proporcionada.<\/p>\t\t\t\t\t\t\t\t<\/div>\n\t\t\t\t<div class=\"elementor-element elementor-element-15f7ec3 elementor-invisible elementor-widget elementor-widget-heading\" data-id=\"15f7ec3\" data-element_type=\"widget\" data-e-type=\"widget\" data-settings=\"{&quot;motion_fx_motion_fx_scrolling&quot;:&quot;yes&quot;,&quot;_animation&quot;:&quot;fadeInDown&quot;,&quot;motion_fx_devices&quot;:[&quot;desktop&quot;,&quot;tablet&quot;,&quot;mobile&quot;]}\" data-widget_type=\"heading.default\">\n\t\t\t\t\t<h4 class=\"elementor-heading-title elementor-size-default\">9. Transferencias internacionales de datos<\/h4>\t\t\t\t<\/div>\n\t\t\t\t<div class=\"elementor-element elementor-element-bee422a elementor-widget__width-inherit elementor-widget-mobile__width-initial elementor-widget elementor-widget-text-editor\" data-id=\"bee422a\" data-element_type=\"widget\" data-e-type=\"widget\" data-widget_type=\"text-editor.default\">\n\t\t\t\t\t\t\t\t\t<p>Su informaci\u00f3n puede ser transferida y procesada fuera de Canad\u00e1, incluso en la Uni\u00f3n Europea o en los Estados Unidos.<\/p><p>Al utilizar nuestros servicios, usted reconoce y consiente dichas transferencias, entendiendo que las leyes de protecci\u00f3n de datos en estas jurisdicciones pueden diferir de las de Canad\u00e1.<\/p>\t\t\t\t\t\t\t\t<\/div>\n\t\t\t\t<div class=\"elementor-element elementor-element-4fdc27c elementor-invisible elementor-widget elementor-widget-heading\" data-id=\"4fdc27c\" data-element_type=\"widget\" data-e-type=\"widget\" data-settings=\"{&quot;motion_fx_motion_fx_scrolling&quot;:&quot;yes&quot;,&quot;_animation&quot;:&quot;fadeInDown&quot;,&quot;motion_fx_devices&quot;:[&quot;desktop&quot;,&quot;tablet&quot;,&quot;mobile&quot;]}\" data-widget_type=\"heading.default\">\n\t\t\t\t\t<h4 class=\"elementor-heading-title elementor-size-default\">10. Tus derechos<\/h4>\t\t\t\t<\/div>\n\t\t\t\t<div class=\"elementor-element elementor-element-3e44419 elementor-widget__width-inherit elementor-widget-mobile__width-initial elementor-widget elementor-widget-text-editor\" data-id=\"3e44419\" data-element_type=\"widget\" data-e-type=\"widget\" data-widget_type=\"text-editor.default\">\n\t\t\t\t\t\t\t\t\t<p>Seg\u00fan la PIPEDA, usted tiene derecho a:<\/p><ul><li>Accede a tu informaci\u00f3n personal<\/li><li>Solicitar la correcci\u00f3n de informaci\u00f3n inexacta o incompleta.<\/li><li>Retira tu consentimiento<\/li><li>Solicita informaci\u00f3n sobre c\u00f3mo se utilizan tus datos.<\/li><\/ul><p>Para ejercer tus derechos, cont\u00e1ctanos en:<\/p><p><a href=\"mailto:keu@keu.es\"><span style=\"text-decoration: underline;\"><strong>keu@keu.es<\/strong><\/span><\/a><\/p><p>Si no est\u00e1 satisfecho con nuestra respuesta, puede ponerse en contacto con la Oficina del Comisionado de Privacidad de Canad\u00e1:<\/p><p><a href=\"https:\/\/www.priv.gc.ca\" target=\"_blank\" rel=\"noopener\"><span style=\"text-decoration: underline;\">https:\/\/www.priv.gc.ca<\/span><\/a><\/p>\t\t\t\t\t\t\t\t<\/div>\n\t\t\t\t<div class=\"elementor-element elementor-element-f9b9331 elementor-invisible elementor-widget elementor-widget-heading\" data-id=\"f9b9331\" data-element_type=\"widget\" data-e-type=\"widget\" data-settings=\"{&quot;motion_fx_motion_fx_scrolling&quot;:&quot;yes&quot;,&quot;_animation&quot;:&quot;fadeInDown&quot;,&quot;motion_fx_devices&quot;:[&quot;desktop&quot;,&quot;tablet&quot;,&quot;mobile&quot;]}\" data-widget_type=\"heading.default\">\n\t\t\t\t\t<h4 class=\"elementor-heading-title elementor-size-default\">11. Seguridad de los datos<\/h4>\t\t\t\t<\/div>\n\t\t\t\t<div class=\"elementor-element elementor-element-6143354 elementor-widget__width-inherit elementor-widget-mobile__width-initial elementor-widget elementor-widget-text-editor\" data-id=\"6143354\" data-element_type=\"widget\" data-e-type=\"widget\" data-widget_type=\"text-editor.default\">\n\t\t\t\t\t\t\t\t\t<p>Implementamos medidas de seguridad adecuadas para proteger su informaci\u00f3n personal contra el acceso, la divulgaci\u00f3n o el uso indebido no autorizados.<\/p><p>Este sitio web utiliza cifrado SSL\/TLS para garantizar la transmisi\u00f3n segura de datos.<\/p>\t\t\t\t\t\t\t\t<\/div>\n\t\t\t\t<div class=\"elementor-element elementor-element-1abdab0 elementor-invisible elementor-widget elementor-widget-heading\" data-id=\"1abdab0\" data-element_type=\"widget\" data-e-type=\"widget\" data-settings=\"{&quot;motion_fx_motion_fx_scrolling&quot;:&quot;yes&quot;,&quot;_animation&quot;:&quot;fadeInDown&quot;,&quot;motion_fx_devices&quot;:[&quot;desktop&quot;,&quot;tablet&quot;,&quot;mobile&quot;]}\" data-widget_type=\"heading.default\">\n\t\t\t\t\t<h4 class=\"elementor-heading-title elementor-size-default\">12. Cookies<\/h4>\t\t\t\t<\/div>\n\t\t\t\t<div class=\"elementor-element elementor-element-8de5bfe elementor-widget__width-inherit elementor-widget-mobile__width-initial elementor-widget elementor-widget-text-editor\" data-id=\"8de5bfe\" data-element_type=\"widget\" data-e-type=\"widget\" data-widget_type=\"text-editor.default\">\n\t\t\t\t\t\t\t\t\t<p>Utilizamos cookies y tecnolog\u00edas similares para:<\/p><ul><li>Mejorar la funcionalidad del sitio web<\/li><li>Analizar el tr\u00e1fico (Google Analytics)<\/li><li>Ofrecer publicidad personalizada (Meta\/P\u00edxel de Facebook)<\/li><\/ul><p>Puedes gestionar tus preferencias de cookies a trav\u00e9s del banner de consentimiento o de la configuraci\u00f3n de tu navegador.<\/p>\t\t\t\t\t\t\t\t<\/div>\n\t\t\t\t<div class=\"elementor-element elementor-element-492293b elementor-invisible elementor-widget elementor-widget-heading\" data-id=\"492293b\" data-element_type=\"widget\" data-e-type=\"widget\" data-settings=\"{&quot;motion_fx_motion_fx_scrolling&quot;:&quot;yes&quot;,&quot;_animation&quot;:&quot;fadeInDown&quot;,&quot;motion_fx_devices&quot;:[&quot;desktop&quot;,&quot;tablet&quot;,&quot;mobile&quot;]}\" data-widget_type=\"heading.default\">\n\t\t\t\t\t<h4 class=\"elementor-heading-title elementor-size-default\">13. Herramientas externas<\/h4>\t\t\t\t<\/div>\n\t\t\t\t<div class=\"elementor-element elementor-element-16e4301 elementor-widget__width-inherit elementor-widget-mobile__width-initial elementor-widget elementor-widget-text-editor\" data-id=\"16e4301\" data-element_type=\"widget\" data-e-type=\"widget\" data-widget_type=\"text-editor.default\">\n\t\t\t\t\t\t\t\t\t<p>Podemos utilizar servicios de terceros como:<\/p><ul><li>Google Analytics (Google LLC, EE. UU.)<\/li><li>Meta \/ Facebook Pixel<\/li><li>WhatsApp Business<\/li><li>YouTube (Google LLC)<\/li><li>Herramientas CRM (por ejemplo HubSpot o similares)<\/li><\/ul>\t\t\t\t\t\t\t\t<\/div>\n\t\t\t\t<div class=\"elementor-element elementor-element-97f78c0 elementor-invisible elementor-widget elementor-widget-heading\" data-id=\"97f78c0\" data-element_type=\"widget\" data-e-type=\"widget\" data-settings=\"{&quot;motion_fx_motion_fx_scrolling&quot;:&quot;yes&quot;,&quot;_animation&quot;:&quot;fadeInDown&quot;,&quot;motion_fx_devices&quot;:[&quot;desktop&quot;,&quot;tablet&quot;,&quot;mobile&quot;]}\" data-widget_type=\"heading.default\">\n\t\t\t\t\t<h4 class=\"elementor-heading-title elementor-size-default\">14. Enlaces de terceros<\/h4>\t\t\t\t<\/div>\n\t\t\t\t<div class=\"elementor-element elementor-element-7036e20 elementor-widget__width-inherit elementor-widget-mobile__width-initial elementor-widget elementor-widget-text-editor\" data-id=\"7036e20\" data-element_type=\"widget\" data-e-type=\"widget\" data-widget_type=\"text-editor.default\">\n\t\t\t\t\t\t\t\t\t<p>Nuestro sitio web puede incluir enlaces a sitios web externos. KEU HOME no se responsabiliza de su contenido ni de sus pr\u00e1cticas de privacidad. Le recomendamos consultar sus pol\u00edticas de privacidad.  <\/p>\t\t\t\t\t\t\t\t<\/div>\n\t\t\t\t<div class=\"elementor-element elementor-element-453d694 elementor-invisible elementor-widget elementor-widget-heading\" data-id=\"453d694\" data-element_type=\"widget\" data-e-type=\"widget\" data-settings=\"{&quot;motion_fx_motion_fx_scrolling&quot;:&quot;yes&quot;,&quot;_animation&quot;:&quot;fadeInDown&quot;,&quot;motion_fx_devices&quot;:[&quot;desktop&quot;,&quot;tablet&quot;,&quot;mobile&quot;]}\" data-widget_type=\"heading.default\">\n\t\t\t\t\t<h4 class=\"elementor-heading-title elementor-size-default\">15. Cambios a esta Pol\u00edtica<\/h4>\t\t\t\t<\/div>\n\t\t\t\t<div class=\"elementor-element elementor-element-d6877f5 elementor-widget__width-inherit elementor-widget-mobile__width-initial elementor-widget elementor-widget-text-editor\" data-id=\"d6877f5\" data-element_type=\"widget\" data-e-type=\"widget\" data-widget_type=\"text-editor.default\">\n\t\t\t\t\t\t\t\t\t<p>Es posible que actualicemos esta Pol\u00edtica de Privacidad peri\u00f3dicamente para reflejar cambios en los requisitos legales o en las operaciones comerciales.<\/p>\t\t\t\t\t\t\t\t<\/div>\n\t\t\t\t<div class=\"elementor-element elementor-element-b2e8873 elementor-invisible elementor-widget elementor-widget-heading\" data-id=\"b2e8873\" data-element_type=\"widget\" data-e-type=\"widget\" data-settings=\"{&quot;motion_fx_motion_fx_scrolling&quot;:&quot;yes&quot;,&quot;_animation&quot;:&quot;fadeInDown&quot;,&quot;motion_fx_devices&quot;:[&quot;desktop&quot;,&quot;tablet&quot;,&quot;mobile&quot;]}\" data-widget_type=\"heading.default\">\n\t\t\t\t\t<h4 class=\"elementor-heading-title elementor-size-default\">16. Contacto<\/h4>\t\t\t\t<\/div>\n\t\t\t\t<div class=\"elementor-element elementor-element-fb09e9f elementor-widget__width-inherit elementor-widget-mobile__width-initial elementor-widget elementor-widget-text-editor\" data-id=\"fb09e9f\" data-element_type=\"widget\" data-e-type=\"widget\" data-widget_type=\"text-editor.default\">\n\t\t\t\t\t\t\t\t\t<p>Si tiene alguna pregunta sobre esta Pol\u00edtica de Privacidad o sobre c\u00f3mo se maneja su informaci\u00f3n personal, puede ponerse en contacto con nosotros en:<\/p><p><a href=\"mailto:keu@keu.es\"><span style=\"text-decoration: underline;\"><strong>keu@keu.es<\/strong><\/span><\/a><\/p>\t\t\t\t\t\t\t\t<\/div>\n\t\t\t\t<div class=\"elementor-element elementor-element-5c0414c elementor-align-center elementor-widget elementor-widget-button\" data-id=\"5c0414c\" data-element_type=\"widget\" data-e-type=\"widget\" data-widget_type=\"button.default\">\n\t\t\t\t\t\t\t\t\t\t<a class=\"elementor-button elementor-button-link elementor-size-sm\" href=\"https:\/\/keu.es\/es\/\">\n\t\t\t\t\t\t<span class=\"elementor-button-content-wrapper\">\n\t\t\t\t\t\t\t\t\t<span class=\"elementor-button-text\">VOLVER A LA HOME<\/span>\n\t\t\t\t\t<\/span>\n\t\t\t\t\t<\/a>\n\t\t\t\t\t\t\t\t<\/div>\n\t\t\t\t<\/div>\n\t\t\t\t\t<\/div>\n\t\t\t\t<\/div>\n\t\t<div class=\"elementor-element elementor-element-2364571 e-con-full e-flex e-con e-parent\" data-id=\"2364571\" data-element_type=\"container\" data-e-type=\"container\" data-settings=\"{&quot;background_background&quot;:&quot;classic&quot;}\">\n\t\t<div class=\"elementor-element elementor-element-7f2384f e-con-full e-flex e-con e-child\" data-id=\"7f2384f\" data-element_type=\"container\" data-e-type=\"container\">\n\t\t\t\t<\/div>\n\t\t<div class=\"elementor-element elementor-element-8545d08 e-con-full e-flex e-con e-child\" data-id=\"8545d08\" data-element_type=\"container\" data-e-type=\"container\">\n\t\t\t\t<div class=\"elementor-element elementor-element-2826442 elementor-widget__width-inherit elementor-widget-mobile__width-initial elementor-widget elementor-widget-text-editor\" data-id=\"2826442\" data-element_type=\"widget\" data-e-type=\"widget\" data-widget_type=\"text-editor.default\">\n\t\t\t\t\t\t\t\t\t<p>Director de Ventas &#8211; Este de Canad\u00e1<br>Tel\u00e9fono: <strong style=\"color: #766c50;\"><a href=\"tel:+14162747474\">+1 416 274 7474<\/a><\/strong> (Toronto)<\/p>\t\t\t\t\t\t\t\t<\/div>\n\t\t\t\t<\/div>\n\t\t<div class=\"elementor-element elementor-element-ac75720 e-con-full e-flex e-con e-child\" data-id=\"ac75720\" data-element_type=\"container\" data-e-type=\"container\">\n\t\t\t\t<\/div>\n\t\t\t\t<\/div>\n\t\t\t\t<\/div>\n\t\t","protected":false},"excerpt":{"rendered":"<p>Pol\u00edtica de Privacidady Protecci\u00f3n de Datos VOLVER A LA HOME 1. Informaci\u00f3n general Esta Pol\u00edtica de Privacidad explica c\u00f3mo KEU HOME recopila, utiliza y protege la informaci\u00f3n personal de los usuarios ubicados en Canad\u00e1, de conformidad con la Ley de Protecci\u00f3n de la Informaci\u00f3n Personal y Documentos Electr\u00f3nicos (PIPEDA, por sus siglas en ingl\u00e9s). Dise\u00f1o [&hellip;]<\/p>\n","protected":false},"author":19,"featured_media":0,"parent":0,"menu_order":0,"comment_status":"closed","ping_status":"closed","template":"elementor_header_footer","meta":{"_acf_changed":false,"content-type":"","footnotes":""},"class_list":["post-14277","page","type-page","status-publish","hentry"],"acf":[],"_links":{"self":[{"href":"https:\/\/keu.es\/es\/wp-json\/wp\/v2\/pages\/14277","targetHints":{"allow":["GET"]}}],"collection":[{"href":"https:\/\/keu.es\/es\/wp-json\/wp\/v2\/pages"}],"about":[{"href":"https:\/\/keu.es\/es\/wp-json\/wp\/v2\/types\/page"}],"author":[{"embeddable":true,"href":"https:\/\/keu.es\/es\/wp-json\/wp\/v2\/users\/19"}],"replies":[{"embeddable":true,"href":"https:\/\/keu.es\/es\/wp-json\/wp\/v2\/comments?post=14277"}],"version-history":[{"count":0,"href":"https:\/\/keu.es\/es\/wp-json\/wp\/v2\/pages\/14277\/revisions"}],"wp:attachment":[{"href":"https:\/\/keu.es\/es\/wp-json\/wp\/v2\/media?parent=14277"}],"curies":[{"name":"wp","href":"https:\/\/api.w.org\/{rel}","templated":true}]}}