{"id":24819,"date":"2026-03-18T13:15:41","date_gmt":"2026-03-18T13:15:41","guid":{"rendered":"https:\/\/keu.es\/?page_id=24819"},"modified":"2026-03-26T11:14:59","modified_gmt":"2026-03-26T11:14:59","slug":"el-momento-keu","status":"publish","type":"page","link":"https:\/\/keu.es\/es\/el-momento-keu\/","title":{"rendered":"El Momento KEU"},"content":{"rendered":"\t\t<div data-elementor-type=\"wp-page\" data-elementor-id=\"24819\" class=\"elementor elementor-24819\" data-elementor-post-type=\"page\">\n\t\t\t\t<div class=\"elementor-element elementor-element-4500710 e-flex e-con-boxed e-con e-parent\" data-id=\"4500710\" data-element_type=\"container\" data-e-type=\"container\" data-settings=\"{&quot;background_background&quot;:&quot;classic&quot;}\">\n\t\t\t\t\t<div class=\"e-con-inner\">\n\t\t<div class=\"elementor-element elementor-element-841e67b e-con-full e-flex e-con e-child\" data-id=\"841e67b\" data-element_type=\"container\" data-e-type=\"container\">\n\t\t\t\t<div class=\"elementor-element elementor-element-0aef75e elementor-widget__width-initial elementor-invisible elementor-widget elementor-widget-heading\" data-id=\"0aef75e\" data-element_type=\"widget\" data-e-type=\"widget\" data-settings=\"{&quot;_animation&quot;:&quot;fadeInDown&quot;}\" data-widget_type=\"heading.default\">\n\t\t\t\t\t<h2 class=\"elementor-heading-title elementor-size-default\">El Momento <span style=\"color:  #C1A66E\">KEU <\/span><\/h2>\t\t\t\t<\/div>\n\t\t\t\t<div class=\"elementor-element elementor-element-6c9715e elementor-widget__width-initial elementor-invisible elementor-widget elementor-widget-text-editor\" data-id=\"6c9715e\" data-element_type=\"widget\" data-e-type=\"widget\" data-settings=\"{&quot;_animation&quot;:&quot;fadeInDown&quot;}\" data-widget_type=\"text-editor.default\">\n\t\t\t\t\t\t\t\t\t<p>KEU Homes est\u00e1 experimentando un momento de gran demanda a nivel mundial.<\/p><p>Clientes de <strong>Estados Unidos, Canad\u00e1, Europa y el Caribe<\/strong> est\u00e1n reservando activamente plazas de producci\u00f3n para los pr\u00f3ximos a\u00f1os.<\/p>\t\t\t\t\t\t\t\t<\/div>\n\t\t\t\t<\/div>\n\t\t<div class=\"elementor-element elementor-element-ee9b40a e-con-full e-flex e-con e-child\" data-id=\"ee9b40a\" data-element_type=\"container\" data-e-type=\"container\">\n\t\t\t\t<\/div>\n\t\t\t\t\t<\/div>\n\t\t\t\t<\/div>\n\t\t<div class=\"elementor-element elementor-element-a195169 e-flex e-con-boxed e-con e-parent\" data-id=\"a195169\" data-element_type=\"container\" data-e-type=\"container\">\n\t\t\t\t\t<div class=\"e-con-inner\">\n\t\t\t\t<div class=\"elementor-element elementor-element-f86e56a elementor-invisible elementor-widget elementor-widget-heading\" data-id=\"f86e56a\" data-element_type=\"widget\" data-e-type=\"widget\" data-settings=\"{&quot;_animation&quot;:&quot;fadeInDown&quot;}\" data-widget_type=\"heading.default\">\n\t\t\t\t\t<h2 class=\"elementor-heading-title elementor-size-default\">La demanda est\u00e1 <b>creciendo<\/b>.<br>La producci\u00f3n es <b>limitada<\/b>.<\/h2>\t\t\t\t<\/div>\n\t\t\t\t<div class=\"elementor-element elementor-element-650f41a elementor-widget__width-initial elementor-invisible elementor-widget elementor-widget-text-editor\" data-id=\"650f41a\" data-element_type=\"widget\" data-e-type=\"widget\" data-settings=\"{&quot;_animation&quot;:&quot;fadeInDown&quot;}\" data-widget_type=\"text-editor.default\">\n\t\t\t\t\t\t\t\t\t<p><strong>KEU no construye a gran escala.<\/strong><\/p><p>Cada vivienda se fabrica mediante un proceso controlado que da prioridad a la <strong>precisi\u00f3n, la calidad y el dise\u00f1o.<\/strong><\/p><p>Por este motivo, <strong>solo se puede producir un n\u00famero limitado de viviendas al a\u00f1o.<\/strong><\/p>\t\t\t\t\t\t\t\t<\/div>\n\t\t\t\t\t<\/div>\n\t\t\t\t<\/div>\n\t\t<div class=\"elementor-element elementor-element-be969e4 e-flex e-con-boxed e-con e-parent\" data-id=\"be969e4\" data-element_type=\"container\" data-e-type=\"container\">\n\t\t\t\t\t<div class=\"e-con-inner\">\n\t\t<div class=\"elementor-element elementor-element-b5245f0 e-con-full e-flex e-con e-child\" data-id=\"b5245f0\" data-element_type=\"container\" data-e-type=\"container\">\n\t\t\t\t<div class=\"elementor-element elementor-element-aef2a8d elementor-invisible elementor-widget elementor-widget-image\" data-id=\"aef2a8d\" data-element_type=\"widget\" data-e-type=\"widget\" data-settings=\"{&quot;_animation&quot;:&quot;fadeInLeft&quot;}\" data-widget_type=\"image.default\">\n\t\t\t\t\t\t\t\t\t\t\t\t\t\t\t<img fetchpriority=\"high\" decoding=\"async\" width=\"1000\" height=\"1000\" src=\"https:\/\/keu.es\/wp-content\/uploads\/2026\/03\/HOME-25.png\" class=\"attachment-full size-full wp-image-24534\" alt=\"\" srcset=\"https:\/\/keu.es\/wp-content\/uploads\/2026\/03\/HOME-25.png 1000w, https:\/\/keu.es\/wp-content\/uploads\/2026\/03\/HOME-25-300x300.png 300w, https:\/\/keu.es\/wp-content\/uploads\/2026\/03\/HOME-25-150x150.png 150w, https:\/\/keu.es\/wp-content\/uploads\/2026\/03\/HOME-25-768x768.png 768w\" sizes=\"(max-width: 1000px) 100vw, 1000px\" \/>\t\t\t\t\t\t\t\t\t\t\t\t\t\t\t<\/div>\n\t\t\t\t<\/div>\n\t\t<div class=\"elementor-element elementor-element-91b77af e-con-full e-flex e-con e-child\" data-id=\"91b77af\" data-element_type=\"container\" data-e-type=\"container\">\n\t\t\t\t<div class=\"elementor-element elementor-element-4c52a02 elementor-invisible elementor-widget elementor-widget-heading\" data-id=\"4c52a02\" data-element_type=\"widget\" data-e-type=\"widget\" data-settings=\"{&quot;_animation&quot;:&quot;fadeInDown&quot;}\" data-widget_type=\"heading.default\">\n\t\t\t\t\t<h2 class=\"elementor-heading-title elementor-size-default\">No producimos en serie<\/h2>\t\t\t\t<\/div>\n\t\t\t\t<div class=\"elementor-element elementor-element-0089897 elementor-invisible elementor-widget elementor-widget-text-editor\" data-id=\"0089897\" data-element_type=\"widget\" data-e-type=\"widget\" data-settings=\"{&quot;_animation&quot;:&quot;fadeInDown&quot;}\" data-widget_type=\"text-editor.default\">\n\t\t\t\t\t\t\t\t\t<p><strong>Las viviendas de KEU no son productos estandarizados.<\/strong><\/p><p>Cada unidad se dise\u00f1a de forma <strong>individual<\/strong>, adapt\u00e1ndose a su <strong>ubicaci\u00f3n<\/strong> y a las <strong>necesidades<\/strong> de cada cliente.<\/p><p>Este enfoque garantiza un mayor nivel de calidad, pero tambi\u00e9n limita el n\u00famero de viviendas que se pueden construir.<\/p>\t\t\t\t\t\t\t\t<\/div>\n\t\t\t\t<\/div>\n\t\t\t\t\t<\/div>\n\t\t\t\t<\/div>\n\t\t<div class=\"elementor-element elementor-element-38aad41 e-flex e-con-boxed e-con e-parent\" data-id=\"38aad41\" data-element_type=\"container\" data-e-type=\"container\" data-settings=\"{&quot;background_background&quot;:&quot;classic&quot;}\">\n\t\t\t\t\t<div class=\"e-con-inner\">\n\t\t\t\t<div class=\"elementor-element elementor-element-f427261 elementor-invisible elementor-widget elementor-widget-heading\" data-id=\"f427261\" data-element_type=\"widget\" data-e-type=\"widget\" data-settings=\"{&quot;_animation&quot;:&quot;fadeInDown&quot;}\" data-widget_type=\"heading.default\">\n\t\t\t\t\t<h2 class=\"elementor-heading-title elementor-size-default\">Un n\u00famero limitado de proyectos cada a\u00f1o<\/h2>\t\t\t\t<\/div>\n\t\t\t\t<div class=\"elementor-element elementor-element-0bf4240 elementor-widget__width-initial elementor-invisible elementor-widget elementor-widget-text-editor\" data-id=\"0bf4240\" data-element_type=\"widget\" data-e-type=\"widget\" data-settings=\"{&quot;_animation&quot;:&quot;fadeInDown&quot;}\" data-widget_type=\"text-editor.default\">\n\t\t\t\t\t\t\t\t\t<p>La capacidad de producci\u00f3n se planifica con antelaci\u00f3n.<\/p><p>Una vez reservadas todos los espacios de producci\u00f3n, los nuevos proyectos pasan a la cola de reservas.<\/p>\t\t\t\t\t\t\t\t<\/div>\n\t\t\t\t\t<\/div>\n\t\t\t\t<\/div>\n\t\t<div class=\"elementor-element elementor-element-24da794 e-flex e-con-boxed e-con e-parent\" data-id=\"24da794\" data-element_type=\"container\" data-e-type=\"container\">\n\t\t\t\t\t<div class=\"e-con-inner\">\n\t\t\t\t<div class=\"elementor-element elementor-element-e806156 elementor-invisible elementor-widget elementor-widget-heading\" data-id=\"e806156\" data-element_type=\"widget\" data-e-type=\"widget\" data-settings=\"{&quot;_animation&quot;:&quot;fadeInDown&quot;}\" data-widget_type=\"heading.default\">\n\t\t\t\t\t<h2 class=\"elementor-heading-title elementor-size-default\">El momento actual<\/h2>\t\t\t\t<\/div>\n\t\t<div class=\"elementor-element elementor-element-51fc6e6 e-con-full e-flex e-con e-child\" data-id=\"51fc6e6\" data-element_type=\"container\" data-e-type=\"container\">\n\t\t<div class=\"elementor-element elementor-element-e8d3fb3 e-con-full e-flex e-con e-child\" data-id=\"e8d3fb3\" data-element_type=\"container\" data-e-type=\"container\">\n\t\t\t\t<div class=\"elementor-element elementor-element-1074f6b elementor-invisible elementor-widget elementor-widget-image\" data-id=\"1074f6b\" data-element_type=\"widget\" data-e-type=\"widget\" data-settings=\"{&quot;_animation&quot;:&quot;fadeIn&quot;}\" data-widget_type=\"image.default\">\n\t\t\t\t\t\t\t\t\t\t\t\t\t\t\t<img decoding=\"async\" width=\"1250\" height=\"1250\" src=\"https:\/\/keu.es\/wp-content\/uploads\/2026\/03\/HOME-34.png\" class=\"attachment-full size-full wp-image-24644\" alt=\"\" srcset=\"https:\/\/keu.es\/wp-content\/uploads\/2026\/03\/HOME-34.png 1250w, https:\/\/keu.es\/wp-content\/uploads\/2026\/03\/HOME-34-300x300.png 300w, https:\/\/keu.es\/wp-content\/uploads\/2026\/03\/HOME-34-1024x1024.png 1024w, https:\/\/keu.es\/wp-content\/uploads\/2026\/03\/HOME-34-150x150.png 150w, https:\/\/keu.es\/wp-content\/uploads\/2026\/03\/HOME-34-768x768.png 768w\" sizes=\"(max-width: 1250px) 100vw, 1250px\" \/>\t\t\t\t\t\t\t\t\t\t\t\t\t\t\t<\/div>\n\t\t\t\t<div class=\"elementor-element elementor-element-19ca2c4 elementor-invisible elementor-widget elementor-widget-heading\" data-id=\"19ca2c4\" data-element_type=\"widget\" data-e-type=\"widget\" data-settings=\"{&quot;_animation&quot;:&quot;fadeInUp&quot;}\" data-widget_type=\"heading.default\">\n\t\t\t\t\t<h2 class=\"elementor-heading-title elementor-size-default\">La demanda global contin\u00faa aumentando<\/h2>\t\t\t\t<\/div>\n\t\t\t\t<\/div>\n\t\t<div class=\"elementor-element elementor-element-818d82e e-con-full e-flex e-con e-child\" data-id=\"818d82e\" data-element_type=\"container\" data-e-type=\"container\">\n\t\t\t\t<div class=\"elementor-element elementor-element-24a891f elementor-invisible elementor-widget elementor-widget-image\" data-id=\"24a891f\" data-element_type=\"widget\" data-e-type=\"widget\" data-settings=\"{&quot;_animation&quot;:&quot;fadeIn&quot;}\" data-widget_type=\"image.default\">\n\t\t\t\t\t\t\t\t\t\t\t\t\t\t\t<img decoding=\"async\" width=\"1250\" height=\"1250\" src=\"https:\/\/keu.es\/wp-content\/uploads\/2026\/03\/HOME-36.png\" class=\"attachment-full size-full wp-image-24647\" alt=\"\" srcset=\"https:\/\/keu.es\/wp-content\/uploads\/2026\/03\/HOME-36.png 1250w, https:\/\/keu.es\/wp-content\/uploads\/2026\/03\/HOME-36-300x300.png 300w, https:\/\/keu.es\/wp-content\/uploads\/2026\/03\/HOME-36-1024x1024.png 1024w, https:\/\/keu.es\/wp-content\/uploads\/2026\/03\/HOME-36-150x150.png 150w, https:\/\/keu.es\/wp-content\/uploads\/2026\/03\/HOME-36-768x768.png 768w\" sizes=\"(max-width: 1250px) 100vw, 1250px\" \/>\t\t\t\t\t\t\t\t\t\t\t\t\t\t\t<\/div>\n\t\t\t\t<div class=\"elementor-element elementor-element-fc13b59 elementor-invisible elementor-widget elementor-widget-heading\" data-id=\"fc13b59\" data-element_type=\"widget\" data-e-type=\"widget\" data-settings=\"{&quot;_animation&quot;:&quot;fadeInUp&quot;}\" data-widget_type=\"heading.default\">\n\t\t\t\t\t<h2 class=\"elementor-heading-title elementor-size-default\">La capacidad de producci\u00f3n se mantiene fija<\/h2>\t\t\t\t<\/div>\n\t\t\t\t<\/div>\n\t\t<div class=\"elementor-element elementor-element-fc3dbfe e-con-full e-flex e-con e-child\" data-id=\"fc3dbfe\" data-element_type=\"container\" data-e-type=\"container\">\n\t\t\t\t<div class=\"elementor-element elementor-element-d72d9ab elementor-invisible elementor-widget elementor-widget-image\" data-id=\"d72d9ab\" data-element_type=\"widget\" data-e-type=\"widget\" data-settings=\"{&quot;_animation&quot;:&quot;fadeIn&quot;}\" data-widget_type=\"image.default\">\n\t\t\t\t\t\t\t\t\t\t\t\t\t\t\t<img loading=\"lazy\" decoding=\"async\" width=\"1000\" height=\"1000\" src=\"https:\/\/keu.es\/wp-content\/uploads\/2026\/03\/HOME-35.png\" class=\"attachment-full size-full wp-image-24650\" alt=\"\" srcset=\"https:\/\/keu.es\/wp-content\/uploads\/2026\/03\/HOME-35.png 1000w, https:\/\/keu.es\/wp-content\/uploads\/2026\/03\/HOME-35-300x300.png 300w, https:\/\/keu.es\/wp-content\/uploads\/2026\/03\/HOME-35-150x150.png 150w, https:\/\/keu.es\/wp-content\/uploads\/2026\/03\/HOME-35-768x768.png 768w\" sizes=\"(max-width: 1000px) 100vw, 1000px\" \/>\t\t\t\t\t\t\t\t\t\t\t\t\t\t\t<\/div>\n\t\t\t\t<div class=\"elementor-element elementor-element-6fa05cc elementor-invisible elementor-widget elementor-widget-heading\" data-id=\"6fa05cc\" data-element_type=\"widget\" data-e-type=\"widget\" data-settings=\"{&quot;_animation&quot;:&quot;fadeInUp&quot;}\" data-widget_type=\"heading.default\">\n\t\t\t\t\t<h2 class=\"elementor-heading-title elementor-size-default\">Los espacios de producci\u00f3n son limitados<\/h2>\t\t\t\t<\/div>\n\t\t\t\t<\/div>\n\t\t\t\t<\/div>\n\t\t\t\t<div class=\"elementor-element elementor-element-fc30c19 elementor-align-center elementor-invisible elementor-widget elementor-widget-button\" data-id=\"fc30c19\" data-element_type=\"widget\" data-e-type=\"widget\" data-settings=\"{&quot;_animation&quot;:&quot;fadeInDown&quot;}\" data-widget_type=\"button.default\">\n\t\t\t\t\t\t\t\t\t\t<a class=\"elementor-button elementor-button-link elementor-size-sm\" href=\"https:\/\/keu.es\/es\/pre-order\/\">\n\t\t\t\t\t\t<span class=\"elementor-button-content-wrapper\">\n\t\t\t\t\t\t\t\t\t<span class=\"elementor-button-text\">Reserva tu espacio de producci\u00f3n KEU<\/span>\n\t\t\t\t\t<\/span>\n\t\t\t\t\t<\/a>\n\t\t\t\t\t\t\t\t<\/div>\n\t\t\t\t\t<\/div>\n\t\t\t\t<\/div>\n\t\t<div class=\"elementor-element elementor-element-7e63f82 e-con-full e-flex e-con e-parent\" data-id=\"7e63f82\" data-element_type=\"container\" data-e-type=\"container\" data-settings=\"{&quot;background_background&quot;:&quot;classic&quot;}\">\n\t\t\t\t<div class=\"elementor-element elementor-element-e54cdbd elementor-widget elementor-widget-spacer\" data-id=\"e54cdbd\" data-element_type=\"widget\" data-e-type=\"widget\" data-widget_type=\"spacer.default\">\n\t\t\t\t\t\t\t<div class=\"elementor-spacer\">\n\t\t\t<div class=\"elementor-spacer-inner\"><\/div>\n\t\t<\/div>\n\t\t\t\t\t\t<\/div>\n\t\t\t\t<\/div>\n\t\t\t\t<\/div>\n\t\t","protected":false},"excerpt":{"rendered":"<p>El Momento KEU KEU Homes est\u00e1 experimentando un momento de gran demanda a nivel mundial. Clientes de Estados Unidos, Canad\u00e1, Europa y el Caribe est\u00e1n reservando activamente plazas de producci\u00f3n para los pr\u00f3ximos a\u00f1os. La demanda est\u00e1 creciendo.La producci\u00f3n es limitada. KEU no construye a gran escala. Cada vivienda se fabrica mediante un proceso controlado [&hellip;]<\/p>\n","protected":false},"author":19,"featured_media":0,"parent":0,"menu_order":0,"comment_status":"closed","ping_status":"closed","template":"elementor_header_footer","meta":{"_acf_changed":false,"content-type":"","footnotes":""},"class_list":["post-24819","page","type-page","status-publish","hentry"],"acf":[],"yoast_head":"<!-- This site is optimized with the Yoast SEO plugin v27.4 - https:\/\/yoast.com\/product\/yoast-seo-wordpress\/ -->\n<title>El Momento KEU - KEU Your home anywhere<\/title>\n<meta name=\"robots\" content=\"index, follow, max-snippet:-1, max-image-preview:large, max-video-preview:-1\" \/>\n<link rel=\"canonical\" href=\"https:\/\/keu.es\/es\/el-momento-keu\/\" \/>\n<meta property=\"og:locale\" content=\"es_ES\" \/>\n<meta property=\"og:type\" content=\"article\" \/>\n<meta property=\"og:title\" content=\"El Momento KEU - KEU Your home anywhere\" \/>\n<meta property=\"og:description\" content=\"El Momento KEU KEU Homes est\u00e1 experimentando un momento de gran demanda a nivel mundial. Clientes de Estados Unidos, Canad\u00e1, Europa y el Caribe est\u00e1n reservando activamente plazas de producci\u00f3n para los pr\u00f3ximos a\u00f1os. La demanda est\u00e1 creciendo.La producci\u00f3n es limitada. KEU no construye a gran escala. Cada vivienda se fabrica mediante un proceso controlado [&hellip;]\" \/>\n<meta property=\"og:url\" content=\"https:\/\/keu.es\/es\/el-momento-keu\/\" \/>\n<meta property=\"og:site_name\" content=\"KEU Your home anywhere\" \/>\n<meta property=\"article:modified_time\" content=\"2026-03-26T11:14:59+00:00\" \/>\n<meta property=\"og:image\" content=\"https:\/\/keu.es\/wp-content\/uploads\/2026\/03\/HOME-25.png\" \/>\n\t<meta property=\"og:image:width\" content=\"1000\" \/>\n\t<meta property=\"og:image:height\" content=\"1000\" \/>\n\t<meta property=\"og:image:type\" content=\"image\/png\" \/>\n<meta name=\"twitter:card\" content=\"summary_large_image\" \/>\n<meta name=\"twitter:label1\" content=\"Tiempo de lectura\" \/>\n\t<meta name=\"twitter:data1\" content=\"1 minuto\" \/>\n<script type=\"application\/ld+json\" class=\"yoast-schema-graph\">{\"@context\":\"https:\\\/\\\/schema.org\",\"@graph\":[{\"@type\":\"WebPage\",\"@id\":\"https:\\\/\\\/keu.es\\\/es\\\/el-momento-keu\\\/\",\"url\":\"https:\\\/\\\/keu.es\\\/es\\\/el-momento-keu\\\/\",\"name\":\"El Momento KEU - KEU Your home anywhere\",\"isPartOf\":{\"@id\":\"http:\\\/\\\/keu.es\\\/#website\"},\"primaryImageOfPage\":{\"@id\":\"https:\\\/\\\/keu.es\\\/es\\\/el-momento-keu\\\/#primaryimage\"},\"image\":{\"@id\":\"https:\\\/\\\/keu.es\\\/es\\\/el-momento-keu\\\/#primaryimage\"},\"thumbnailUrl\":\"https:\\\/\\\/keu.es\\\/wp-content\\\/uploads\\\/2026\\\/03\\\/HOME-25.png\",\"datePublished\":\"2026-03-18T13:15:41+00:00\",\"dateModified\":\"2026-03-26T11:14:59+00:00\",\"breadcrumb\":{\"@id\":\"https:\\\/\\\/keu.es\\\/es\\\/el-momento-keu\\\/#breadcrumb\"},\"inLanguage\":\"es\",\"potentialAction\":[{\"@type\":\"ReadAction\",\"target\":[\"https:\\\/\\\/keu.es\\\/es\\\/el-momento-keu\\\/\"]}]},{\"@type\":\"ImageObject\",\"inLanguage\":\"es\",\"@id\":\"https:\\\/\\\/keu.es\\\/es\\\/el-momento-keu\\\/#primaryimage\",\"url\":\"https:\\\/\\\/keu.es\\\/wp-content\\\/uploads\\\/2026\\\/03\\\/HOME-25.png\",\"contentUrl\":\"https:\\\/\\\/keu.es\\\/wp-content\\\/uploads\\\/2026\\\/03\\\/HOME-25.png\"},{\"@type\":\"BreadcrumbList\",\"@id\":\"https:\\\/\\\/keu.es\\\/es\\\/el-momento-keu\\\/#breadcrumb\",\"itemListElement\":[{\"@type\":\"ListItem\",\"position\":1,\"name\":\"Portada\",\"item\":\"https:\\\/\\\/keu.es\\\/es\\\/main-2\\\/\"},{\"@type\":\"ListItem\",\"position\":2,\"name\":\"El Momento KEU\"}]},{\"@type\":\"WebSite\",\"@id\":\"http:\\\/\\\/keu.es\\\/#website\",\"url\":\"http:\\\/\\\/keu.es\\\/\",\"name\":\"KEU Your home anywhere\",\"description\":\"Smart prefabricated homes\",\"publisher\":{\"@id\":\"http:\\\/\\\/keu.es\\\/#organization\"},\"potentialAction\":[{\"@type\":\"SearchAction\",\"target\":{\"@type\":\"EntryPoint\",\"urlTemplate\":\"http:\\\/\\\/keu.es\\\/?s={search_term_string}\"},\"query-input\":{\"@type\":\"PropertyValueSpecification\",\"valueRequired\":true,\"valueName\":\"search_term_string\"}}],\"inLanguage\":\"es\"},{\"@type\":\"Organization\",\"@id\":\"http:\\\/\\\/keu.es\\\/#organization\",\"name\":\"KEU Your home anywhere\",\"url\":\"http:\\\/\\\/keu.es\\\/\",\"logo\":{\"@type\":\"ImageObject\",\"inLanguage\":\"es\",\"@id\":\"http:\\\/\\\/keu.es\\\/#\\\/schema\\\/logo\\\/image\\\/\",\"url\":\"https:\\\/\\\/keu.es\\\/wp-content\\\/uploads\\\/2026\\\/02\\\/Keu-logo.webp\",\"contentUrl\":\"https:\\\/\\\/keu.es\\\/wp-content\\\/uploads\\\/2026\\\/02\\\/Keu-logo.webp\",\"width\":493,\"height\":197,\"caption\":\"KEU Your home anywhere\"},\"image\":{\"@id\":\"http:\\\/\\\/keu.es\\\/#\\\/schema\\\/logo\\\/image\\\/\"}}]}<\/script>\n<!-- \/ Yoast SEO plugin. -->","yoast_head_json":{"title":"El Momento KEU - KEU Your home anywhere","robots":{"index":"index","follow":"follow","max-snippet":"max-snippet:-1","max-image-preview":"max-image-preview:large","max-video-preview":"max-video-preview:-1"},"canonical":"https:\/\/keu.es\/es\/el-momento-keu\/","og_locale":"es_ES","og_type":"article","og_title":"El Momento KEU - KEU Your home anywhere","og_description":"El Momento KEU KEU Homes est\u00e1 experimentando un momento de gran demanda a nivel mundial. Clientes de Estados Unidos, Canad\u00e1, Europa y el Caribe est\u00e1n reservando activamente plazas de producci\u00f3n para los pr\u00f3ximos a\u00f1os. La demanda est\u00e1 creciendo.La producci\u00f3n es limitada. KEU no construye a gran escala. Cada vivienda se fabrica mediante un proceso controlado [&hellip;]","og_url":"https:\/\/keu.es\/es\/el-momento-keu\/","og_site_name":"KEU Your home anywhere","article_modified_time":"2026-03-26T11:14:59+00:00","og_image":[{"width":1000,"height":1000,"url":"https:\/\/keu.es\/wp-content\/uploads\/2026\/03\/HOME-25.png","type":"image\/png"}],"twitter_card":"summary_large_image","twitter_misc":{"Tiempo de lectura":"1 minuto"},"schema":{"@context":"https:\/\/schema.org","@graph":[{"@type":"WebPage","@id":"https:\/\/keu.es\/es\/el-momento-keu\/","url":"https:\/\/keu.es\/es\/el-momento-keu\/","name":"El Momento KEU - KEU Your home anywhere","isPartOf":{"@id":"http:\/\/keu.es\/#website"},"primaryImageOfPage":{"@id":"https:\/\/keu.es\/es\/el-momento-keu\/#primaryimage"},"image":{"@id":"https:\/\/keu.es\/es\/el-momento-keu\/#primaryimage"},"thumbnailUrl":"https:\/\/keu.es\/wp-content\/uploads\/2026\/03\/HOME-25.png","datePublished":"2026-03-18T13:15:41+00:00","dateModified":"2026-03-26T11:14:59+00:00","breadcrumb":{"@id":"https:\/\/keu.es\/es\/el-momento-keu\/#breadcrumb"},"inLanguage":"es","potentialAction":[{"@type":"ReadAction","target":["https:\/\/keu.es\/es\/el-momento-keu\/"]}]},{"@type":"ImageObject","inLanguage":"es","@id":"https:\/\/keu.es\/es\/el-momento-keu\/#primaryimage","url":"https:\/\/keu.es\/wp-content\/uploads\/2026\/03\/HOME-25.png","contentUrl":"https:\/\/keu.es\/wp-content\/uploads\/2026\/03\/HOME-25.png"},{"@type":"BreadcrumbList","@id":"https:\/\/keu.es\/es\/el-momento-keu\/#breadcrumb","itemListElement":[{"@type":"ListItem","position":1,"name":"Portada","item":"https:\/\/keu.es\/es\/main-2\/"},{"@type":"ListItem","position":2,"name":"El Momento KEU"}]},{"@type":"WebSite","@id":"http:\/\/keu.es\/#website","url":"http:\/\/keu.es\/","name":"KEU Your home anywhere","description":"Smart prefabricated homes","publisher":{"@id":"http:\/\/keu.es\/#organization"},"potentialAction":[{"@type":"SearchAction","target":{"@type":"EntryPoint","urlTemplate":"http:\/\/keu.es\/?s={search_term_string}"},"query-input":{"@type":"PropertyValueSpecification","valueRequired":true,"valueName":"search_term_string"}}],"inLanguage":"es"},{"@type":"Organization","@id":"http:\/\/keu.es\/#organization","name":"KEU Your home anywhere","url":"http:\/\/keu.es\/","logo":{"@type":"ImageObject","inLanguage":"es","@id":"http:\/\/keu.es\/#\/schema\/logo\/image\/","url":"https:\/\/keu.es\/wp-content\/uploads\/2026\/02\/Keu-logo.webp","contentUrl":"https:\/\/keu.es\/wp-content\/uploads\/2026\/02\/Keu-logo.webp","width":493,"height":197,"caption":"KEU Your home anywhere"},"image":{"@id":"http:\/\/keu.es\/#\/schema\/logo\/image\/"}}]}},"_links":{"self":[{"href":"https:\/\/keu.es\/es\/wp-json\/wp\/v2\/pages\/24819","targetHints":{"allow":["GET"]}}],"collection":[{"href":"https:\/\/keu.es\/es\/wp-json\/wp\/v2\/pages"}],"about":[{"href":"https:\/\/keu.es\/es\/wp-json\/wp\/v2\/types\/page"}],"author":[{"embeddable":true,"href":"https:\/\/keu.es\/es\/wp-json\/wp\/v2\/users\/19"}],"replies":[{"embeddable":true,"href":"https:\/\/keu.es\/es\/wp-json\/wp\/v2\/comments?post=24819"}],"version-history":[{"count":0,"href":"https:\/\/keu.es\/es\/wp-json\/wp\/v2\/pages\/24819\/revisions"}],"wp:attachment":[{"href":"https:\/\/keu.es\/es\/wp-json\/wp\/v2\/media?parent=24819"}],"curies":[{"name":"wp","href":"https:\/\/api.w.org\/{rel}","templated":true}]}}