{"id":26505,"date":"2026-02-14T23:19:29","date_gmt":"2026-02-14T23:19:29","guid":{"rendered":"https:\/\/keu.es\/proyectos-keu-2\/"},"modified":"2026-04-24T11:54:43","modified_gmt":"2026-04-24T11:54:43","slug":"proyectos-keu","status":"publish","type":"page","link":"https:\/\/keu.es\/es\/proyectos-keu\/","title":{"rendered":"Proyectos Keu"},"content":{"rendered":"\t\t<div data-elementor-type=\"wp-page\" data-elementor-id=\"26505\" class=\"elementor elementor-26505 elementor-22933\" data-elementor-post-type=\"page\">\n\t\t\t\t<div class=\"elementor-element elementor-element-8db4363 e-flex e-con-boxed e-con e-parent\" data-id=\"8db4363\" data-element_type=\"container\" data-e-type=\"container\" data-settings=\"{&quot;background_background&quot;:&quot;classic&quot;}\">\n\t\t\t\t\t<div class=\"e-con-inner\">\n\t\t<div class=\"elementor-element elementor-element-29dfe23e e-con-full e-flex e-con e-child\" data-id=\"29dfe23e\" data-element_type=\"container\" data-e-type=\"container\" data-settings=\"{&quot;background_background&quot;:&quot;classic&quot;}\">\n\t\t\t\t<div class=\"elementor-element elementor-element-3e35da73 elementor-widget elementor-widget-image\" data-id=\"3e35da73\" data-element_type=\"widget\" data-e-type=\"widget\" data-widget_type=\"image.default\">\n\t\t\t\t\t\t\t\t\t\t\t\t\t\t\t<img fetchpriority=\"high\" decoding=\"async\" width=\"493\" height=\"197\" src=\"https:\/\/keu.es\/wp-content\/uploads\/2026\/02\/Keu-logo.webp\" class=\"attachment-large size-large wp-image-21657\" alt=\"\" srcset=\"https:\/\/keu.es\/wp-content\/uploads\/2026\/02\/Keu-logo.webp 493w, https:\/\/keu.es\/wp-content\/uploads\/2026\/02\/Keu-logo-300x120.webp 300w\" sizes=\"(max-width: 493px) 100vw, 493px\" \/>\t\t\t\t\t\t\t\t\t\t\t\t\t\t\t<\/div>\n\t\t\t\t<div class=\"elementor-element elementor-element-3ca1c8f3 elementor-widget elementor-widget-heading\" data-id=\"3ca1c8f3\" data-element_type=\"widget\" data-e-type=\"widget\" data-widget_type=\"heading.default\">\n\t\t\t\t\t<h2 class=\"elementor-heading-title elementor-size-default\">PROYECTOS<\/h2>\t\t\t\t<\/div>\n\t\t\t\t<\/div>\n\t\t\t\t\t<\/div>\n\t\t\t\t<\/div>\n\t\t<div class=\"elementor-element elementor-element-5269a111 e-con-full e-flex e-con e-child\" data-id=\"5269a111\" data-element_type=\"container\" data-e-type=\"container\" data-settings=\"{&quot;background_background&quot;:&quot;classic&quot;}\">\n\t\t\t\t<div class=\"elementor-element elementor-element-36d71466 elementor-widget elementor-widget-heading\" data-id=\"36d71466\" data-element_type=\"widget\" data-e-type=\"widget\" data-widget_type=\"heading.default\">\n\t\t\t\t\t<h2 class=\"elementor-heading-title elementor-size-default\"><br>\u00abUna casa es una m\u00e1quina<br>para vivir en ella. La casa debe ser<br>el envoltorio de la vida, la m\u00e1quina<br>de la felicidad\u00bb. <br><\/h2>\t\t\t\t<\/div>\n\t\t\t\t<div class=\"elementor-element elementor-element-28dd2d12 elementor-widget elementor-widget-text-editor\" data-id=\"28dd2d12\" data-element_type=\"widget\" data-e-type=\"widget\" data-widget_type=\"text-editor.default\">\n\t\t\t\t\t\t\t\t\t<p>Arquitecto Le Corbusier<\/p>\t\t\t\t\t\t\t\t<\/div>\n\t\t\t\t<\/div>\n\t\t<div class=\"elementor-element elementor-element-4db3a233 e-con-full e-flex e-con e-parent\" data-id=\"4db3a233\" data-element_type=\"container\" data-e-type=\"container\" id=\"proyectos\" data-settings=\"{&quot;background_background&quot;:&quot;classic&quot;}\">\n\t\t\t\t<div class=\"elementor-element elementor-element-79aac723 elementor-widget elementor-widget-heading\" data-id=\"79aac723\" data-element_type=\"widget\" data-e-type=\"widget\" data-widget_type=\"heading.default\">\n\t\t\t\t\t<h2 class=\"elementor-heading-title elementor-size-default\">En KEU creemos que cada proyecto es m\u00e1s que una simple estructura:\nes una historia de vida, un espacio que encarna sue\u00f1os, culturas y formas de vivir.<br>Aqu\u00ed compartimos las historias que hay detr\u00e1s de cada vivienda, porque cada hogar tiene su propia voz.<\/h2>\t\t\t\t<\/div>\n\t\t<div class=\"elementor-element elementor-element-3d701dd6 e-flex e-con-boxed e-con e-child\" data-id=\"3d701dd6\" data-element_type=\"container\" data-e-type=\"container\" data-settings=\"{&quot;background_background&quot;:&quot;classic&quot;}\">\n\t\t\t\t\t<div class=\"e-con-inner\">\n\t\t<a class=\"elementor-element elementor-element-90cbe8d e-con-full proyectos-grid-img e-flex e-con e-child\" data-id=\"90cbe8d\" data-element_type=\"container\" data-e-type=\"container\" data-settings=\"{&quot;background_background&quot;:&quot;classic&quot;}\" href=\"https:\/\/keu.es\/es\/proyectos\/keu-chic-evasion\/\">\n\t\t<div class=\"elementor-element elementor-element-489126a1 e-con-full e-flex e-con e-child\" data-id=\"489126a1\" data-element_type=\"container\" data-e-type=\"container\">\n\t\t\t\t<div class=\"elementor-element elementor-element-ddd6448 elementor-widget elementor-widget-heading\" data-id=\"ddd6448\" data-element_type=\"widget\" data-e-type=\"widget\" data-widget_type=\"heading.default\">\n\t\t\t\t\t<h2 class=\"elementor-heading-title elementor-size-default\">EVASI\u00d3N CHICA<\/h2>\t\t\t\t<\/div>\n\t\t\t\t<div class=\"elementor-element elementor-element-779d04d6 elementor-widget elementor-widget-heading\" data-id=\"779d04d6\" data-element_type=\"widget\" data-e-type=\"widget\" data-widget_type=\"heading.default\">\n\t\t\t\t\t<h2 class=\"elementor-heading-title elementor-size-default\">FRANCIA<\/h2>\t\t\t\t<\/div>\n\t\t\t\t<\/div>\n\t\t\t\t<div class=\"elementor-element elementor-element-793fa21a cta-proyectos-card  elementor-widget elementor-widget-heading\" data-id=\"793fa21a\" data-element_type=\"widget\" data-e-type=\"widget\" data-widget_type=\"heading.default\">\n\t\t\t\t\t<h2 class=\"elementor-heading-title elementor-size-default\">IR AL PROYECTO<\/h2>\t\t\t\t<\/div>\n\t\t\t\t<\/a>\n\t\t<a class=\"elementor-element elementor-element-739f9e08 e-con-full proyectos-grid-img e-flex e-con e-child\" data-id=\"739f9e08\" data-element_type=\"container\" data-e-type=\"container\" data-settings=\"{&quot;background_background&quot;:&quot;classic&quot;}\" href=\"https:\/\/keu.es\/es\/proyectos\/keu-stillhouse\/\">\n\t\t<div class=\"elementor-element elementor-element-706c3c7 e-con-full e-flex e-con e-child\" data-id=\"706c3c7\" data-element_type=\"container\" data-e-type=\"container\">\n\t\t\t\t<div class=\"elementor-element elementor-element-35f381fa elementor-widget elementor-widget-heading\" data-id=\"35f381fa\" data-element_type=\"widget\" data-e-type=\"widget\" data-widget_type=\"heading.default\">\n\t\t\t\t\t<h2 class=\"elementor-heading-title elementor-size-default\">STILLHOUSE<\/h2>\t\t\t\t<\/div>\n\t\t\t\t<div class=\"elementor-element elementor-element-6bf59c01 elementor-widget elementor-widget-heading\" data-id=\"6bf59c01\" data-element_type=\"widget\" data-e-type=\"widget\" data-widget_type=\"heading.default\">\n\t\t\t\t\t<h2 class=\"elementor-heading-title elementor-size-default\">ALEMANIA<\/h2>\t\t\t\t<\/div>\n\t\t\t\t<\/div>\n\t\t\t\t<div class=\"elementor-element elementor-element-57494ef8 cta-proyectos-card  elementor-widget elementor-widget-heading\" data-id=\"57494ef8\" data-element_type=\"widget\" data-e-type=\"widget\" data-widget_type=\"heading.default\">\n\t\t\t\t\t<h2 class=\"elementor-heading-title elementor-size-default\">IR AL PROYECTO<\/h2>\t\t\t\t<\/div>\n\t\t\t\t<\/a>\n\t\t\t\t\t<\/div>\n\t\t\t\t<\/div>\n\t\t<div class=\"elementor-element elementor-element-6392197a e-flex e-con-boxed e-con e-child\" data-id=\"6392197a\" data-element_type=\"container\" data-e-type=\"container\" data-settings=\"{&quot;background_background&quot;:&quot;classic&quot;}\">\n\t\t\t\t\t<div class=\"e-con-inner\">\n\t\t<a class=\"elementor-element elementor-element-66192bcd e-con-full proyectos-grid-img e-flex e-con e-child\" data-id=\"66192bcd\" data-element_type=\"container\" data-e-type=\"container\" data-settings=\"{&quot;background_background&quot;:&quot;classic&quot;}\" href=\"https:\/\/keu.es\/es\/proyectos\/keu-p-e-i\/\">\n\t\t<div class=\"elementor-element elementor-element-380b253b e-con-full e-flex e-con e-child\" data-id=\"380b253b\" data-element_type=\"container\" data-e-type=\"container\">\n\t\t\t\t<div class=\"elementor-element elementor-element-1b316887 elementor-widget elementor-widget-heading\" data-id=\"1b316887\" data-element_type=\"widget\" data-e-type=\"widget\" data-widget_type=\"heading.default\">\n\t\t\t\t\t<h2 class=\"elementor-heading-title elementor-size-default\">KEU P.E.I<\/h2>\t\t\t\t<\/div>\n\t\t\t\t<div class=\"elementor-element elementor-element-13f64811 elementor-widget elementor-widget-heading\" data-id=\"13f64811\" data-element_type=\"widget\" data-e-type=\"widget\" data-widget_type=\"heading.default\">\n\t\t\t\t\t<h2 class=\"elementor-heading-title elementor-size-default\">CANAD\u00c1<\/h2>\t\t\t\t<\/div>\n\t\t\t\t<\/div>\n\t\t\t\t<div class=\"elementor-element elementor-element-70190e05 cta-proyectos-card  elementor-widget elementor-widget-heading\" data-id=\"70190e05\" data-element_type=\"widget\" data-e-type=\"widget\" data-widget_type=\"heading.default\">\n\t\t\t\t\t<h2 class=\"elementor-heading-title elementor-size-default\">IR AL PROYECTO<\/h2>\t\t\t\t<\/div>\n\t\t\t\t<\/a>\n\t\t<a class=\"elementor-element elementor-element-3aa93c06 e-con-full proyectos-grid-img e-flex e-con e-child\" data-id=\"3aa93c06\" data-element_type=\"container\" data-e-type=\"container\" data-settings=\"{&quot;background_background&quot;:&quot;classic&quot;}\" href=\"https:\/\/keu.es\/es\/proyectos\/keu-nirvana\/\">\n\t\t<div class=\"elementor-element elementor-element-d16c94a e-con-full e-flex e-con e-child\" data-id=\"d16c94a\" data-element_type=\"container\" data-e-type=\"container\">\n\t\t\t\t<div class=\"elementor-element elementor-element-1f621ed9 elementor-widget elementor-widget-heading\" data-id=\"1f621ed9\" data-element_type=\"widget\" data-e-type=\"widget\" data-widget_type=\"heading.default\">\n\t\t\t\t\t<h2 class=\"elementor-heading-title elementor-size-default\">KEU NIRVANA<\/h2>\t\t\t\t<\/div>\n\t\t\t\t<div class=\"elementor-element elementor-element-6f847b02 elementor-widget elementor-widget-heading\" data-id=\"6f847b02\" data-element_type=\"widget\" data-e-type=\"widget\" data-widget_type=\"heading.default\">\n\t\t\t\t\t<h2 class=\"elementor-heading-title elementor-size-default\">CAYEY - PUERTO RICO<\/h2>\t\t\t\t<\/div>\n\t\t\t\t<\/div>\n\t\t\t\t<div class=\"elementor-element elementor-element-1dce8db4 cta-proyectos-card  elementor-widget elementor-widget-heading\" data-id=\"1dce8db4\" data-element_type=\"widget\" data-e-type=\"widget\" data-widget_type=\"heading.default\">\n\t\t\t\t\t<h2 class=\"elementor-heading-title elementor-size-default\">IR AL PROYECTO<\/h2>\t\t\t\t<\/div>\n\t\t\t\t<\/a>\n\t\t\t\t\t<\/div>\n\t\t\t\t<\/div>\n\t\t<div class=\"elementor-element elementor-element-78cd1e70 e-flex e-con-boxed e-con e-child\" data-id=\"78cd1e70\" data-element_type=\"container\" data-e-type=\"container\" data-settings=\"{&quot;background_background&quot;:&quot;classic&quot;}\">\n\t\t\t\t\t<div class=\"e-con-inner\">\n\t\t<a class=\"elementor-element elementor-element-5d27d96e e-con-full proyectos-grid-img e-flex e-con e-child\" data-id=\"5d27d96e\" data-element_type=\"container\" data-e-type=\"container\" data-settings=\"{&quot;background_background&quot;:&quot;classic&quot;}\" href=\"https:\/\/keu.es\/es\/proyectos\/keu-aguadilla\/\">\n\t\t<div class=\"elementor-element elementor-element-46a7e5b8 e-con-full e-flex e-con e-child\" data-id=\"46a7e5b8\" data-element_type=\"container\" data-e-type=\"container\">\n\t\t\t\t<div class=\"elementor-element elementor-element-ce046d6 elementor-widget elementor-widget-heading\" data-id=\"ce046d6\" data-element_type=\"widget\" data-e-type=\"widget\" data-widget_type=\"heading.default\">\n\t\t\t\t\t<h2 class=\"elementor-heading-title elementor-size-default\">KEU AGUADILLA<\/h2>\t\t\t\t<\/div>\n\t\t\t\t<div class=\"elementor-element elementor-element-c0a70ac elementor-widget elementor-widget-heading\" data-id=\"c0a70ac\" data-element_type=\"widget\" data-e-type=\"widget\" data-widget_type=\"heading.default\">\n\t\t\t\t\t<h2 class=\"elementor-heading-title elementor-size-default\">Puerto Rico<\/h2>\t\t\t\t<\/div>\n\t\t\t\t<\/div>\n\t\t\t\t<div class=\"elementor-element elementor-element-35286d6 cta-proyectos-card  elementor-widget elementor-widget-heading\" data-id=\"35286d6\" data-element_type=\"widget\" data-e-type=\"widget\" data-widget_type=\"heading.default\">\n\t\t\t\t\t<h2 class=\"elementor-heading-title elementor-size-default\">IR AL PROYECTO<\/h2>\t\t\t\t<\/div>\n\t\t\t\t<\/a>\n\t\t<a class=\"elementor-element elementor-element-73cf60e e-con-full proyectos-grid-img e-flex e-con e-child\" data-id=\"73cf60e\" data-element_type=\"container\" data-e-type=\"container\" data-settings=\"{&quot;background_background&quot;:&quot;classic&quot;}\" href=\"https:\/\/keu.es\/es\/proyectos\/keu-culebra\/\">\n\t\t<div class=\"elementor-element elementor-element-19533f3d e-con-full e-flex e-con e-child\" data-id=\"19533f3d\" data-element_type=\"container\" data-e-type=\"container\">\n\t\t\t\t<div class=\"elementor-element elementor-element-1ef8dd07 elementor-widget elementor-widget-heading\" data-id=\"1ef8dd07\" data-element_type=\"widget\" data-e-type=\"widget\" data-widget_type=\"heading.default\">\n\t\t\t\t\t<h2 class=\"elementor-heading-title elementor-size-default\">KEU CULEBRA<\/h2>\t\t\t\t<\/div>\n\t\t\t\t<div class=\"elementor-element elementor-element-6ca6c2c0 elementor-widget elementor-widget-heading\" data-id=\"6ca6c2c0\" data-element_type=\"widget\" data-e-type=\"widget\" data-widget_type=\"heading.default\">\n\t\t\t\t\t<h2 class=\"elementor-heading-title elementor-size-default\">Puerto Rico<\/h2>\t\t\t\t<\/div>\n\t\t\t\t<\/div>\n\t\t\t\t<div class=\"elementor-element elementor-element-11af3ac0 cta-proyectos-card  elementor-widget elementor-widget-heading\" data-id=\"11af3ac0\" data-element_type=\"widget\" data-e-type=\"widget\" data-widget_type=\"heading.default\">\n\t\t\t\t\t<h2 class=\"elementor-heading-title elementor-size-default\">IR AL PROYECTO<\/h2>\t\t\t\t<\/div>\n\t\t\t\t<\/a>\n\t\t\t\t\t<\/div>\n\t\t\t\t<\/div>\n\t\t<div class=\"elementor-element elementor-element-17748d6 e-flex e-con-boxed e-con e-child\" data-id=\"17748d6\" data-element_type=\"container\" data-e-type=\"container\" data-settings=\"{&quot;background_background&quot;:&quot;classic&quot;}\">\n\t\t\t\t\t<div class=\"e-con-inner\">\n\t\t<a class=\"elementor-element elementor-element-3faba80b e-con-full proyectos-grid-img e-flex e-con e-child\" data-id=\"3faba80b\" data-element_type=\"container\" data-e-type=\"container\" data-settings=\"{&quot;background_background&quot;:&quot;classic&quot;}\" href=\"https:\/\/keu.es\/es\/proyectos\/keu-elche\/\">\n\t\t<div class=\"elementor-element elementor-element-262e9356 e-con-full e-flex e-con e-child\" data-id=\"262e9356\" data-element_type=\"container\" data-e-type=\"container\">\n\t\t\t\t<div class=\"elementor-element elementor-element-65eae0fe elementor-widget elementor-widget-heading\" data-id=\"65eae0fe\" data-element_type=\"widget\" data-e-type=\"widget\" data-widget_type=\"heading.default\">\n\t\t\t\t\t<h2 class=\"elementor-heading-title elementor-size-default\">KEU ELCHE<\/h2>\t\t\t\t<\/div>\n\t\t\t\t<div class=\"elementor-element elementor-element-3adc0a04 elementor-widget elementor-widget-heading\" data-id=\"3adc0a04\" data-element_type=\"widget\" data-e-type=\"widget\" data-widget_type=\"heading.default\">\n\t\t\t\t\t<h2 class=\"elementor-heading-title elementor-size-default\">ESPA\u00d1A<\/h2>\t\t\t\t<\/div>\n\t\t\t\t<\/div>\n\t\t\t\t<div class=\"elementor-element elementor-element-6328d37f cta-proyectos-card  elementor-widget elementor-widget-heading\" data-id=\"6328d37f\" data-element_type=\"widget\" data-e-type=\"widget\" data-widget_type=\"heading.default\">\n\t\t\t\t\t<h2 class=\"elementor-heading-title elementor-size-default\">IR AL PROYECTO<\/h2>\t\t\t\t<\/div>\n\t\t\t\t<\/a>\n\t\t<a class=\"elementor-element elementor-element-252c0a61 e-con-full proyectos-grid-img e-flex e-con e-child\" data-id=\"252c0a61\" data-element_type=\"container\" data-e-type=\"container\" data-settings=\"{&quot;background_background&quot;:&quot;classic&quot;}\" href=\"https:\/\/keu.es\/es\/proyectos\/keu-ibiza\/\">\n\t\t<div class=\"elementor-element elementor-element-5cf06b30 e-con-full e-flex e-con e-child\" data-id=\"5cf06b30\" data-element_type=\"container\" data-e-type=\"container\">\n\t\t\t\t<div class=\"elementor-element elementor-element-777c9a77 elementor-widget elementor-widget-heading\" data-id=\"777c9a77\" data-element_type=\"widget\" data-e-type=\"widget\" data-widget_type=\"heading.default\">\n\t\t\t\t\t<h2 class=\"elementor-heading-title elementor-size-default\">KEU IBIZA<\/h2>\t\t\t\t<\/div>\n\t\t\t\t<div class=\"elementor-element elementor-element-248287f8 elementor-widget elementor-widget-heading\" data-id=\"248287f8\" data-element_type=\"widget\" data-e-type=\"widget\" data-widget_type=\"heading.default\">\n\t\t\t\t\t<h2 class=\"elementor-heading-title elementor-size-default\">ESPA\u00d1A<\/h2>\t\t\t\t<\/div>\n\t\t\t\t<\/div>\n\t\t\t\t<div class=\"elementor-element elementor-element-13aef07e cta-proyectos-card  elementor-widget elementor-widget-heading\" data-id=\"13aef07e\" data-element_type=\"widget\" data-e-type=\"widget\" data-widget_type=\"heading.default\">\n\t\t\t\t\t<h2 class=\"elementor-heading-title elementor-size-default\">IR AL PROYECTO<\/h2>\t\t\t\t<\/div>\n\t\t\t\t<\/a>\n\t\t\t\t\t<\/div>\n\t\t\t\t<\/div>\n\t\t<div class=\"elementor-element elementor-element-1914dfa7 e-flex e-con-boxed e-con e-child\" data-id=\"1914dfa7\" data-element_type=\"container\" data-e-type=\"container\" data-settings=\"{&quot;background_background&quot;:&quot;classic&quot;}\">\n\t\t\t\t\t<div class=\"e-con-inner\">\n\t\t<a class=\"elementor-element elementor-element-5c63a19c e-con-full proyectos-grid-img e-flex e-con e-child\" data-id=\"5c63a19c\" data-element_type=\"container\" data-e-type=\"container\" data-settings=\"{&quot;background_background&quot;:&quot;classic&quot;}\" href=\"https:\/\/keu.es\/es\/proyectos\/keu-aguada\/\">\n\t\t<div class=\"elementor-element elementor-element-331d99e2 e-con-full e-flex e-con e-child\" data-id=\"331d99e2\" data-element_type=\"container\" data-e-type=\"container\">\n\t\t\t\t<div class=\"elementor-element elementor-element-52a2ebee elementor-widget elementor-widget-heading\" data-id=\"52a2ebee\" data-element_type=\"widget\" data-e-type=\"widget\" data-widget_type=\"heading.default\">\n\t\t\t\t\t<h2 class=\"elementor-heading-title elementor-size-default\">KEU AGUADA<\/h2>\t\t\t\t<\/div>\n\t\t\t\t<div class=\"elementor-element elementor-element-141e327e elementor-widget elementor-widget-heading\" data-id=\"141e327e\" data-element_type=\"widget\" data-e-type=\"widget\" data-widget_type=\"heading.default\">\n\t\t\t\t\t<h2 class=\"elementor-heading-title elementor-size-default\">Puerto Rico<\/h2>\t\t\t\t<\/div>\n\t\t\t\t<\/div>\n\t\t\t\t<div class=\"elementor-element elementor-element-5585e5d9 cta-proyectos-card  elementor-widget elementor-widget-heading\" data-id=\"5585e5d9\" data-element_type=\"widget\" data-e-type=\"widget\" data-widget_type=\"heading.default\">\n\t\t\t\t\t<h2 class=\"elementor-heading-title elementor-size-default\">IR AL PROYECTO<\/h2>\t\t\t\t<\/div>\n\t\t\t\t<\/a>\n\t\t<a class=\"elementor-element elementor-element-5716d4e0 e-con-full proyectos-grid-img e-flex e-con e-child\" data-id=\"5716d4e0\" data-element_type=\"container\" data-e-type=\"container\" data-settings=\"{&quot;background_background&quot;:&quot;classic&quot;}\" href=\"https:\/\/keu.es\/es\/proyectos\/keu-combate\/\">\n\t\t<div class=\"elementor-element elementor-element-43571b0e e-con-full e-flex e-con e-child\" data-id=\"43571b0e\" data-element_type=\"container\" data-e-type=\"container\">\n\t\t\t\t<div class=\"elementor-element elementor-element-4d62763a elementor-widget elementor-widget-heading\" data-id=\"4d62763a\" data-element_type=\"widget\" data-e-type=\"widget\" data-widget_type=\"heading.default\">\n\t\t\t\t\t<h2 class=\"elementor-heading-title elementor-size-default\">KEU COMBATE<\/h2>\t\t\t\t<\/div>\n\t\t\t\t<div class=\"elementor-element elementor-element-a94c0ce elementor-widget elementor-widget-heading\" data-id=\"a94c0ce\" data-element_type=\"widget\" data-e-type=\"widget\" data-widget_type=\"heading.default\">\n\t\t\t\t\t<h2 class=\"elementor-heading-title elementor-size-default\">Puerto Rico<\/h2>\t\t\t\t<\/div>\n\t\t\t\t<\/div>\n\t\t\t\t<div class=\"elementor-element elementor-element-425395a5 cta-proyectos-card  elementor-widget elementor-widget-heading\" data-id=\"425395a5\" data-element_type=\"widget\" data-e-type=\"widget\" data-widget_type=\"heading.default\">\n\t\t\t\t\t<h2 class=\"elementor-heading-title elementor-size-default\">GO TO THE PROJECT<\/h2>\t\t\t\t<\/div>\n\t\t\t\t<\/a>\n\t\t\t\t\t<\/div>\n\t\t\t\t<\/div>\n\t\t\t\t<\/div>\n\t\t<div class=\"elementor-element elementor-element-3033eb8 e-flex e-con-boxed e-con e-parent\" data-id=\"3033eb8\" data-element_type=\"container\" data-e-type=\"container\" id=\"about-us\" data-settings=\"{&quot;background_background&quot;:&quot;classic&quot;}\">\n\t\t\t\t\t<div class=\"e-con-inner\">\n\t\t\t\t<div class=\"elementor-element elementor-element-adfcc7a elementor-widget elementor-widget-text-editor\" data-id=\"adfcc7a\" data-element_type=\"widget\" data-e-type=\"widget\" data-widget_type=\"text-editor.default\">\n\t\t\t\t\t\t\t\t\t<article class=\"text-token-text-primary w-full focus:outline-none [--shadow-height:45px] has-data-writing-block:pointer-events-none has-data-writing-block:-mt-(--shadow-height) has-data-writing-block:pt-(--shadow-height) [&amp;:has([data-writing-block])&gt;*]:pointer-events-auto scroll-mt-(--header-height)\" dir=\"auto\" tabindex=\"-1\" data-turn-id=\"ce5d2c38-1c0d-41f1-b513-e94015ab20d6\" data-testid=\"conversation-turn-3\" data-scroll-anchor=\"false\" data-turn=\"user\"><\/article><article class=\"text-token-text-primary w-full focus:outline-none [--shadow-height:45px] has-data-writing-block:pointer-events-none has-data-writing-block:-mt-(--shadow-height) has-data-writing-block:pt-(--shadow-height) [&amp;:has([data-writing-block])&gt;*]:pointer-events-auto scroll-mt-[calc(var(--header-height)+min(200px,max(70px,20svh)))]\" dir=\"auto\" tabindex=\"-1\" data-turn-id=\"request-WEB:72c9f417-5082-4f4c-8161-7906bc7773ec-1\" data-testid=\"conversation-turn-4\" data-scroll-anchor=\"true\" data-turn=\"assistant\"><div class=\"text-base my-auto mx-auto pb-10 [--thread-content-margin:--spacing(4)] @w-sm\/main:[--thread-content-margin:--spacing(6)] @w-lg\/main:[--thread-content-margin:--spacing(16)] px-(--thread-content-margin)\"><div class=\"[--thread-content-max-width:40rem] @w-lg\/main:[--thread-content-max-width:48rem] mx-auto max-w-(--thread-content-max-width) flex-1 group\/turn-messages focus-visible:outline-hidden relative flex w-full min-w-0 flex-col agent-turn\" tabindex=\"-1\"><div class=\"flex max-w-full flex-col grow\"><div class=\"min-h-8 text-message relative flex w-full flex-col items-end gap-2 text-start break-words whitespace-normal [.text-message+&amp;]:mt-1\" dir=\"auto\" data-message-author-role=\"assistant\" data-message-id=\"3e292e51-764e-4aa7-ac4c-705cedf1a476\" data-message-model-slug=\"gpt-5-2\"><div class=\"flex w-full flex-col gap-1 empty:hidden first:pt-[1px]\"><div class=\"markdown prose dark:prose-invert w-full wrap-break-word light markdown-new-styling\"><p data-start=\"0\" data-end=\"56\">Nuestros espacios crean experiencias y dan forma a formas de vida.<\/p><\/div><\/div><\/div><\/div><\/div><\/div><\/article>\t\t\t\t\t\t\t\t<\/div>\n\t\t\t\t<div class=\"elementor-element elementor-element-5f579fd5 elementor-widget elementor-widget-text-editor\" data-id=\"5f579fd5\" data-element_type=\"widget\" data-e-type=\"widget\" data-widget_type=\"text-editor.default\">\n\t\t\t\t\t\t\t\t\t<p data-start=\"58\" data-end=\"127\">Explora nuestro trabajo y descubre<\/p><p data-start=\"58\" data-end=\"127\">c\u00f3mo podemos hacer realidad tu visi\u00f3n.<\/p><p data-start=\"129\" data-end=\"247\"> <\/p>\t\t\t\t\t\t\t\t<\/div>\n\t\t\t\t\t<\/div>\n\t\t\t\t<\/div>\n\t\t\t\t<\/div>\n\t\t","protected":false},"excerpt":{"rendered":"<p>PROYECTOS \u00abUna casa es una m\u00e1quinapara vivir en ella. La casa debe serel envoltorio de la vida, la m\u00e1quinade la felicidad\u00bb. Arquitecto Le Corbusier En KEU creemos que cada proyecto es m\u00e1s que una simple estructura: es una historia de vida, un espacio que encarna sue\u00f1os, culturas y formas de vivir.Aqu\u00ed compartimos las historias que [&hellip;]<\/p>\n","protected":false},"author":20,"featured_media":0,"parent":0,"menu_order":0,"comment_status":"closed","ping_status":"closed","template":"elementor_header_footer","meta":{"_acf_changed":false,"content-type":"","footnotes":""},"class_list":["post-26505","page","type-page","status-publish","hentry"],"acf":[],"_links":{"self":[{"href":"https:\/\/keu.es\/es\/wp-json\/wp\/v2\/pages\/26505","targetHints":{"allow":["GET"]}}],"collection":[{"href":"https:\/\/keu.es\/es\/wp-json\/wp\/v2\/pages"}],"about":[{"href":"https:\/\/keu.es\/es\/wp-json\/wp\/v2\/types\/page"}],"author":[{"embeddable":true,"href":"https:\/\/keu.es\/es\/wp-json\/wp\/v2\/users\/20"}],"replies":[{"embeddable":true,"href":"https:\/\/keu.es\/es\/wp-json\/wp\/v2\/comments?post=26505"}],"version-history":[{"count":0,"href":"https:\/\/keu.es\/es\/wp-json\/wp\/v2\/pages\/26505\/revisions"}],"wp:attachment":[{"href":"https:\/\/keu.es\/es\/wp-json\/wp\/v2\/media?parent=26505"}],"curies":[{"name":"wp","href":"https:\/\/api.w.org\/{rel}","templated":true}]}}