{"id":9786,"date":"2025-03-08T05:20:04","date_gmt":"2025-03-08T05:20:04","guid":{"rendered":"https:\/\/keu.es\/gracias-keu\/"},"modified":"2025-03-28T12:59:00","modified_gmt":"2025-03-28T12:59:00","slug":"gracias-keu","status":"publish","type":"page","link":"https:\/\/keu.es\/es\/gracias-keu\/","title":{"rendered":"Gracias KEU"},"content":{"rendered":"\t\t<div data-elementor-type=\"wp-page\" data-elementor-id=\"9786\" class=\"elementor elementor-9786 elementor-9724\" data-elementor-post-type=\"page\">\n\t\t\t\t<div class=\"elementor-element elementor-element-fb17e8a e-flex e-con-boxed e-con e-parent\" data-id=\"fb17e8a\" data-element_type=\"container\" data-e-type=\"container\" data-settings=\"{&quot;background_background&quot;:&quot;classic&quot;}\">\n\t\t\t\t\t<div class=\"e-con-inner\">\n\t\t\t\t<div class=\"elementor-element elementor-element-d19d107 elementor-widget elementor-widget-image\" data-id=\"d19d107\" data-element_type=\"widget\" data-e-type=\"widget\" data-widget_type=\"image.default\">\n\t\t\t\t\t\t\t\t\t\t\t\t\t\t\t<img fetchpriority=\"high\" decoding=\"async\" width=\"512\" height=\"512\" src=\"https:\/\/keu.es\/wp-content\/uploads\/2025\/03\/checked-2.png\" class=\"attachment-large size-large wp-image-9615\" alt=\"\" srcset=\"https:\/\/keu.es\/wp-content\/uploads\/2025\/03\/checked-2.png 512w, https:\/\/keu.es\/wp-content\/uploads\/2025\/03\/checked-2-300x300.png 300w, https:\/\/keu.es\/wp-content\/uploads\/2025\/03\/checked-2-150x150.png 150w\" sizes=\"(max-width: 512px) 100vw, 512px\" \/>\t\t\t\t\t\t\t\t\t\t\t\t\t\t\t<\/div>\n\t\t\t\t<div class=\"elementor-element elementor-element-e3a9e53 elementor-widget elementor-widget-heading\" data-id=\"e3a9e53\" data-element_type=\"widget\" data-e-type=\"widget\" data-settings=\"{&quot;motion_fx_motion_fx_scrolling&quot;:&quot;yes&quot;,&quot;motion_fx_devices&quot;:[&quot;desktop&quot;,&quot;tablet&quot;,&quot;mobile&quot;]}\" data-widget_type=\"heading.default\">\n\t\t\t\t\t<h2 class=\"elementor-heading-title elementor-size-default\">\u00a1GRACIAS!<\/h2>\t\t\t\t<\/div>\n\t\t\t\t<div class=\"elementor-element elementor-element-ab27f03 elementor-widget__width-initial elementor-widget-mobile__width-initial elementor-widget elementor-widget-text-editor\" data-id=\"ab27f03\" data-element_type=\"widget\" data-e-type=\"widget\" data-widget_type=\"text-editor.default\">\n\t\t\t\t\t\t\t\t\t<p>\u00a1Gracias por completar nuestro formulario! Agradecemos que se tome el tiempo de compartir su informaci\u00f3n con nosotros. Revisaremos su informaci\u00f3n y nos comunicaremos con usted lo antes posible. Mientras tanto, no dude en explorar nuestro sitio web y obtener m\u00e1s informaci\u00f3n sobre nuestros productos.<\/p>\n\t\t\t\t\t\t\t\t<\/div>\n\t\t\t\t<div class=\"elementor-element elementor-element-a71059c elementor-align-right elementor-widget elementor-widget-button\" data-id=\"a71059c\" data-element_type=\"widget\" data-e-type=\"widget\" data-widget_type=\"button.default\">\n\t\t\t\t\t\t\t\t\t\t<a class=\"elementor-button elementor-button-link elementor-size-sm\" href=\"https:\/\/keu.es\/es\/\">\n\t\t\t\t\t\t<span class=\"elementor-button-content-wrapper\">\n\t\t\t\t\t\t\t\t\t<span class=\"elementor-button-text\">IR A LA HOME<\/span>\n\t\t\t\t\t<\/span>\n\t\t\t\t\t<\/a>\n\t\t\t\t\t\t\t\t<\/div>\n\t\t\t\t<div class=\"elementor-element elementor-element-c087f2b elementor-shape-rounded elementor-grid-0 e-grid-align-center elementor-widget elementor-widget-social-icons\" data-id=\"c087f2b\" data-element_type=\"widget\" data-e-type=\"widget\" data-widget_type=\"social-icons.default\">\n\t\t\t\t\t\t\t<div class=\"elementor-social-icons-wrapper elementor-grid\" role=\"list\">\n\t\t\t\t\t\t\t<span class=\"elementor-grid-item\" role=\"listitem\">\n\t\t\t\t\t<a class=\"elementor-icon elementor-social-icon elementor-social-icon-youtube elementor-repeater-item-b4a063f\" href=\"https:\/\/www.youtube.com\/@keuluxuryhome\" target=\"_blank\">\n\t\t\t\t\t\t<span class=\"elementor-screen-only\">Youtube<\/span>\n\t\t\t\t\t\t<i aria-hidden=\"true\" class=\"fab fa-youtube\"><\/i>\t\t\t\t\t<\/a>\n\t\t\t\t<\/span>\n\t\t\t\t\t\t\t<span class=\"elementor-grid-item\" role=\"listitem\">\n\t\t\t\t\t<a class=\"elementor-icon elementor-social-icon elementor-social-icon-facebook-f elementor-repeater-item-d48c606\" href=\"https:\/\/www.facebook.com\/keuluxuryhome\" target=\"_blank\">\n\t\t\t\t\t\t<span class=\"elementor-screen-only\">Facebook-f<\/span>\n\t\t\t\t\t\t<i aria-hidden=\"true\" class=\"fab fa-facebook-f\"><\/i>\t\t\t\t\t<\/a>\n\t\t\t\t<\/span>\n\t\t\t\t\t\t\t<span class=\"elementor-grid-item\" role=\"listitem\">\n\t\t\t\t\t<a class=\"elementor-icon elementor-social-icon elementor-social-icon-instagram elementor-repeater-item-d913de6\" href=\"https:\/\/www.instagram.com\/keu.luxuryhome\/\" target=\"_blank\">\n\t\t\t\t\t\t<span class=\"elementor-screen-only\">Instagram<\/span>\n\t\t\t\t\t\t<i aria-hidden=\"true\" class=\"fab fa-instagram\"><\/i>\t\t\t\t\t<\/a>\n\t\t\t\t<\/span>\n\t\t\t\t\t\t\t<span class=\"elementor-grid-item\" role=\"listitem\">\n\t\t\t\t\t<a class=\"elementor-icon elementor-social-icon elementor-social-icon-pinterest-p elementor-repeater-item-00c820d\" href=\"https:\/\/es.pinterest.com\/keuhome\/\" target=\"_blank\">\n\t\t\t\t\t\t<span class=\"elementor-screen-only\">Pinterest-p<\/span>\n\t\t\t\t\t\t<i aria-hidden=\"true\" class=\"fab fa-pinterest-p\"><\/i>\t\t\t\t\t<\/a>\n\t\t\t\t<\/span>\n\t\t\t\t\t<\/div>\n\t\t\t\t\t\t<\/div>\n\t\t\t\t\t<\/div>\n\t\t\t\t<\/div>\n\t\t<div class=\"elementor-element elementor-element-aa26080 e-con-full e-flex e-con e-parent\" data-id=\"aa26080\" data-element_type=\"container\" data-e-type=\"container\" data-settings=\"{&quot;background_background&quot;:&quot;gradient&quot;}\">\n\t\t<div class=\"elementor-element elementor-element-3306097 e-con-full e-flex e-con e-child\" data-id=\"3306097\" data-element_type=\"container\" data-e-type=\"container\" data-settings=\"{&quot;background_background&quot;:&quot;classic&quot;}\">\n\t\t<div class=\"elementor-element elementor-element-b8bd0c4 e-grid e-con-full e-con e-child\" data-id=\"b8bd0c4\" data-element_type=\"container\" data-e-type=\"container\">\n\t\t\t\t<div class=\"elementor-element elementor-element-0e0e490 elementor-widget elementor-widget-text-editor\" data-id=\"0e0e490\" data-element_type=\"widget\" data-e-type=\"widget\" data-widget_type=\"text-editor.default\">\n\t\t\t\t\t\t\t\t\t<h6 style=\"margin: 0 !important; font-size: 11px;\">todos los derechos reservados 2025, keu<\/h6>\n\t\t\t\t\t\t\t\t<\/div>\n\t\t\t\t<\/div>\n\t\t\t\t<\/div>\n\t\t<div class=\"elementor-element elementor-element-57655bc e-flex e-con-boxed e-con e-child\" data-id=\"57655bc\" data-element_type=\"container\" data-e-type=\"container\">\n\t\t\t\t\t<div class=\"e-con-inner\">\n\t\t\t\t<div class=\"elementor-element elementor-element-cf00832 rotate elementor-widget-mobile__width-inherit elementor-widget elementor-widget-text-editor\" data-id=\"cf00832\" data-element_type=\"widget\" data-e-type=\"widget\" data-widget_type=\"text-editor.default\">\n\t\t\t\t\t\t\t\t\t<h6 style=\"font-size: 11px;\">Dise\u00f1ado en Espa\u00f1a<\/h6>\n\t\t\t\t\t\t\t\t<\/div>\n\t\t\t\t\t<\/div>\n\t\t\t\t<\/div>\n\t\t\t\t<\/div>\n\t\t\t\t<\/div>\n\t\t","protected":false},"excerpt":{"rendered":"<p>\u00a1GRACIAS! \u00a1Gracias por completar nuestro formulario! Agradecemos que se tome el tiempo de compartir su informaci\u00f3n con nosotros. Revisaremos su informaci\u00f3n y nos comunicaremos con usted lo antes posible. Mientras tanto, no dude en explorar nuestro sitio web y obtener m\u00e1s informaci\u00f3n sobre nuestros productos. IR A LA HOME Youtube Facebook-f Instagram Pinterest-p todos los [&hellip;]<\/p>\n","protected":false},"author":19,"featured_media":0,"parent":0,"menu_order":0,"comment_status":"closed","ping_status":"closed","template":"elementor_canvas","meta":{"_acf_changed":false,"content-type":"","footnotes":""},"class_list":["post-9786","page","type-page","status-publish","hentry"],"acf":[],"yoast_head":"<!-- This site is optimized with the Yoast SEO plugin v27.4 - https:\/\/yoast.com\/product\/yoast-seo-wordpress\/ -->\n<title>Gracias KEU - KEU Your home anywhere<\/title>\n<meta name=\"robots\" content=\"index, follow, max-snippet:-1, max-image-preview:large, max-video-preview:-1\" \/>\n<link rel=\"canonical\" href=\"https:\/\/keu.es\/es\/gracias-keu\/\" \/>\n<meta property=\"og:locale\" content=\"es_ES\" \/>\n<meta property=\"og:type\" content=\"article\" \/>\n<meta property=\"og:title\" content=\"Gracias KEU - KEU Your home anywhere\" \/>\n<meta property=\"og:description\" content=\"\u00a1GRACIAS! \u00a1Gracias por completar nuestro formulario! Agradecemos que se tome el tiempo de compartir su informaci\u00f3n con nosotros. Revisaremos su informaci\u00f3n y nos comunicaremos con usted lo antes posible. Mientras tanto, no dude en explorar nuestro sitio web y obtener m\u00e1s informaci\u00f3n sobre nuestros productos. IR A LA HOME Youtube Facebook-f Instagram Pinterest-p todos los [&hellip;]\" \/>\n<meta property=\"og:url\" content=\"https:\/\/keu.es\/es\/gracias-keu\/\" \/>\n<meta property=\"og:site_name\" content=\"KEU Your home anywhere\" \/>\n<meta property=\"article:modified_time\" content=\"2025-03-28T12:59:00+00:00\" \/>\n<meta property=\"og:image\" content=\"https:\/\/keu.es\/wp-content\/uploads\/2025\/03\/checked-2.png\" \/>\n<meta name=\"twitter:card\" content=\"summary_large_image\" \/>\n<script type=\"application\/ld+json\" class=\"yoast-schema-graph\">{\"@context\":\"https:\\\/\\\/schema.org\",\"@graph\":[{\"@type\":\"WebPage\",\"@id\":\"https:\\\/\\\/keu.es\\\/es\\\/gracias-keu\\\/\",\"url\":\"https:\\\/\\\/keu.es\\\/es\\\/gracias-keu\\\/\",\"name\":\"Gracias KEU - KEU Your home anywhere\",\"isPartOf\":{\"@id\":\"http:\\\/\\\/keu.es\\\/#website\"},\"primaryImageOfPage\":{\"@id\":\"https:\\\/\\\/keu.es\\\/es\\\/gracias-keu\\\/#primaryimage\"},\"image\":{\"@id\":\"https:\\\/\\\/keu.es\\\/es\\\/gracias-keu\\\/#primaryimage\"},\"thumbnailUrl\":\"https:\\\/\\\/keu.es\\\/wp-content\\\/uploads\\\/2025\\\/03\\\/checked-2.png\",\"datePublished\":\"2025-03-08T05:20:04+00:00\",\"dateModified\":\"2025-03-28T12:59:00+00:00\",\"breadcrumb\":{\"@id\":\"https:\\\/\\\/keu.es\\\/es\\\/gracias-keu\\\/#breadcrumb\"},\"inLanguage\":\"es\",\"potentialAction\":[{\"@type\":\"ReadAction\",\"target\":[\"https:\\\/\\\/keu.es\\\/es\\\/gracias-keu\\\/\"]}]},{\"@type\":\"ImageObject\",\"inLanguage\":\"es\",\"@id\":\"https:\\\/\\\/keu.es\\\/es\\\/gracias-keu\\\/#primaryimage\",\"url\":\"https:\\\/\\\/keu.es\\\/wp-content\\\/uploads\\\/2025\\\/03\\\/checked-2.png\",\"contentUrl\":\"https:\\\/\\\/keu.es\\\/wp-content\\\/uploads\\\/2025\\\/03\\\/checked-2.png\"},{\"@type\":\"BreadcrumbList\",\"@id\":\"https:\\\/\\\/keu.es\\\/es\\\/gracias-keu\\\/#breadcrumb\",\"itemListElement\":[{\"@type\":\"ListItem\",\"position\":1,\"name\":\"Portada\",\"item\":\"https:\\\/\\\/keu.es\\\/es\\\/main-2\\\/\"},{\"@type\":\"ListItem\",\"position\":2,\"name\":\"Gracias KEU\"}]},{\"@type\":\"WebSite\",\"@id\":\"http:\\\/\\\/keu.es\\\/#website\",\"url\":\"http:\\\/\\\/keu.es\\\/\",\"name\":\"KEU Your home anywhere\",\"description\":\"Smart prefabricated homes\",\"publisher\":{\"@id\":\"http:\\\/\\\/keu.es\\\/#organization\"},\"potentialAction\":[{\"@type\":\"SearchAction\",\"target\":{\"@type\":\"EntryPoint\",\"urlTemplate\":\"http:\\\/\\\/keu.es\\\/?s={search_term_string}\"},\"query-input\":{\"@type\":\"PropertyValueSpecification\",\"valueRequired\":true,\"valueName\":\"search_term_string\"}}],\"inLanguage\":\"es\"},{\"@type\":\"Organization\",\"@id\":\"http:\\\/\\\/keu.es\\\/#organization\",\"name\":\"KEU Your home anywhere\",\"url\":\"http:\\\/\\\/keu.es\\\/\",\"logo\":{\"@type\":\"ImageObject\",\"inLanguage\":\"es\",\"@id\":\"http:\\\/\\\/keu.es\\\/#\\\/schema\\\/logo\\\/image\\\/\",\"url\":\"https:\\\/\\\/keu.es\\\/wp-content\\\/uploads\\\/2026\\\/02\\\/Keu-logo.webp\",\"contentUrl\":\"https:\\\/\\\/keu.es\\\/wp-content\\\/uploads\\\/2026\\\/02\\\/Keu-logo.webp\",\"width\":493,\"height\":197,\"caption\":\"KEU Your home anywhere\"},\"image\":{\"@id\":\"http:\\\/\\\/keu.es\\\/#\\\/schema\\\/logo\\\/image\\\/\"}}]}<\/script>\n<!-- \/ Yoast SEO plugin. -->","yoast_head_json":{"title":"Gracias KEU - KEU Your home anywhere","robots":{"index":"index","follow":"follow","max-snippet":"max-snippet:-1","max-image-preview":"max-image-preview:large","max-video-preview":"max-video-preview:-1"},"canonical":"https:\/\/keu.es\/es\/gracias-keu\/","og_locale":"es_ES","og_type":"article","og_title":"Gracias KEU - KEU Your home anywhere","og_description":"\u00a1GRACIAS! \u00a1Gracias por completar nuestro formulario! Agradecemos que se tome el tiempo de compartir su informaci\u00f3n con nosotros. Revisaremos su informaci\u00f3n y nos comunicaremos con usted lo antes posible. Mientras tanto, no dude en explorar nuestro sitio web y obtener m\u00e1s informaci\u00f3n sobre nuestros productos. IR A LA HOME Youtube Facebook-f Instagram Pinterest-p todos los [&hellip;]","og_url":"https:\/\/keu.es\/es\/gracias-keu\/","og_site_name":"KEU Your home anywhere","article_modified_time":"2025-03-28T12:59:00+00:00","og_image":[{"url":"https:\/\/keu.es\/wp-content\/uploads\/2025\/03\/checked-2.png","type":"","width":"","height":""}],"twitter_card":"summary_large_image","schema":{"@context":"https:\/\/schema.org","@graph":[{"@type":"WebPage","@id":"https:\/\/keu.es\/es\/gracias-keu\/","url":"https:\/\/keu.es\/es\/gracias-keu\/","name":"Gracias KEU - KEU Your home anywhere","isPartOf":{"@id":"http:\/\/keu.es\/#website"},"primaryImageOfPage":{"@id":"https:\/\/keu.es\/es\/gracias-keu\/#primaryimage"},"image":{"@id":"https:\/\/keu.es\/es\/gracias-keu\/#primaryimage"},"thumbnailUrl":"https:\/\/keu.es\/wp-content\/uploads\/2025\/03\/checked-2.png","datePublished":"2025-03-08T05:20:04+00:00","dateModified":"2025-03-28T12:59:00+00:00","breadcrumb":{"@id":"https:\/\/keu.es\/es\/gracias-keu\/#breadcrumb"},"inLanguage":"es","potentialAction":[{"@type":"ReadAction","target":["https:\/\/keu.es\/es\/gracias-keu\/"]}]},{"@type":"ImageObject","inLanguage":"es","@id":"https:\/\/keu.es\/es\/gracias-keu\/#primaryimage","url":"https:\/\/keu.es\/wp-content\/uploads\/2025\/03\/checked-2.png","contentUrl":"https:\/\/keu.es\/wp-content\/uploads\/2025\/03\/checked-2.png"},{"@type":"BreadcrumbList","@id":"https:\/\/keu.es\/es\/gracias-keu\/#breadcrumb","itemListElement":[{"@type":"ListItem","position":1,"name":"Portada","item":"https:\/\/keu.es\/es\/main-2\/"},{"@type":"ListItem","position":2,"name":"Gracias KEU"}]},{"@type":"WebSite","@id":"http:\/\/keu.es\/#website","url":"http:\/\/keu.es\/","name":"KEU Your home anywhere","description":"Smart prefabricated homes","publisher":{"@id":"http:\/\/keu.es\/#organization"},"potentialAction":[{"@type":"SearchAction","target":{"@type":"EntryPoint","urlTemplate":"http:\/\/keu.es\/?s={search_term_string}"},"query-input":{"@type":"PropertyValueSpecification","valueRequired":true,"valueName":"search_term_string"}}],"inLanguage":"es"},{"@type":"Organization","@id":"http:\/\/keu.es\/#organization","name":"KEU Your home anywhere","url":"http:\/\/keu.es\/","logo":{"@type":"ImageObject","inLanguage":"es","@id":"http:\/\/keu.es\/#\/schema\/logo\/image\/","url":"https:\/\/keu.es\/wp-content\/uploads\/2026\/02\/Keu-logo.webp","contentUrl":"https:\/\/keu.es\/wp-content\/uploads\/2026\/02\/Keu-logo.webp","width":493,"height":197,"caption":"KEU Your home anywhere"},"image":{"@id":"http:\/\/keu.es\/#\/schema\/logo\/image\/"}}]}},"_links":{"self":[{"href":"https:\/\/keu.es\/es\/wp-json\/wp\/v2\/pages\/9786","targetHints":{"allow":["GET"]}}],"collection":[{"href":"https:\/\/keu.es\/es\/wp-json\/wp\/v2\/pages"}],"about":[{"href":"https:\/\/keu.es\/es\/wp-json\/wp\/v2\/types\/page"}],"author":[{"embeddable":true,"href":"https:\/\/keu.es\/es\/wp-json\/wp\/v2\/users\/19"}],"replies":[{"embeddable":true,"href":"https:\/\/keu.es\/es\/wp-json\/wp\/v2\/comments?post=9786"}],"version-history":[{"count":0,"href":"https:\/\/keu.es\/es\/wp-json\/wp\/v2\/pages\/9786\/revisions"}],"wp:attachment":[{"href":"https:\/\/keu.es\/es\/wp-json\/wp\/v2\/media?parent=9786"}],"curies":[{"name":"wp","href":"https:\/\/api.w.org\/{rel}","templated":true}]}}