{"id":28763,"date":"2026-03-17T10:37:05","date_gmt":"2026-03-17T10:37:05","guid":{"rendered":"https:\/\/keu.es\/le-moment-keu\/"},"modified":"2026-05-13T09:54:24","modified_gmt":"2026-05-13T09:54:24","slug":"le-moment-keu","status":"publish","type":"page","link":"https:\/\/keu.es\/fr\/le-moment-keu\/","title":{"rendered":"Le moment KEU"},"content":{"rendered":"\t\t<div data-elementor-type=\"wp-page\" data-elementor-id=\"28763\" class=\"elementor elementor-28763 elementor-24408\" data-elementor-post-type=\"page\">\n\t\t\t\t<div class=\"elementor-element elementor-element-4500710 e-flex e-con-boxed e-con e-parent\" data-id=\"4500710\" data-element_type=\"container\" data-e-type=\"container\" data-settings=\"{&quot;background_background&quot;:&quot;classic&quot;}\">\n\t\t\t\t\t<div class=\"e-con-inner\">\n\t\t<div class=\"elementor-element elementor-element-841e67b e-con-full e-flex e-con e-child\" data-id=\"841e67b\" data-element_type=\"container\" data-e-type=\"container\">\n\t\t\t\t<div class=\"elementor-element elementor-element-0aef75e elementor-widget__width-initial elementor-invisible elementor-widget elementor-widget-heading\" data-id=\"0aef75e\" data-element_type=\"widget\" data-e-type=\"widget\" data-settings=\"{&quot;_animation&quot;:&quot;fadeInDown&quot;}\" data-widget_type=\"heading.default\">\n\t\t\t\t\t<h2 class=\"elementor-heading-title elementor-size-default\"><span style=\"color: #C1A66E\">Le moment KEU<\/span><\/h2>\t\t\t\t<\/div>\n\t\t\t\t<div class=\"elementor-element elementor-element-6c9715e elementor-widget__width-initial elementor-invisible elementor-widget elementor-widget-text-editor\" data-id=\"6c9715e\" data-element_type=\"widget\" data-e-type=\"widget\" data-settings=\"{&quot;_animation&quot;:&quot;fadeInDown&quot;}\" data-widget_type=\"text-editor.default\">\n\t\t\t\t\t\t\t\t\t<p data-start=\"422\" data-end=\"479\">KEU Homes conna\u00eet actuellement une forte demande mondiale.<\/p><p data-start=\"481\" data-end=\"605\">Des clients des <strong>\u00c9tats-Unis, du Canada, d&rsquo;Europe et des Cara\u00efbes<\/strong> r\u00e9servent activement des cr\u00e9neaux de production pour les ann\u00e9es \u00e0 venir.<\/p>\t\t\t\t\t\t\t\t<\/div>\n\t\t\t\t<\/div>\n\t\t<div class=\"elementor-element elementor-element-ee9b40a e-con-full e-flex e-con e-child\" data-id=\"ee9b40a\" data-element_type=\"container\" data-e-type=\"container\">\n\t\t\t\t<\/div>\n\t\t\t\t\t<\/div>\n\t\t\t\t<\/div>\n\t\t<div class=\"elementor-element elementor-element-a195169 e-flex e-con-boxed e-con e-parent\" data-id=\"a195169\" data-element_type=\"container\" data-e-type=\"container\">\n\t\t\t\t\t<div class=\"e-con-inner\">\n\t\t\t\t<div class=\"elementor-element elementor-element-f86e56a elementor-invisible elementor-widget elementor-widget-heading\" data-id=\"f86e56a\" data-element_type=\"widget\" data-e-type=\"widget\" data-settings=\"{&quot;_animation&quot;:&quot;fadeInDown&quot;}\" data-widget_type=\"heading.default\">\n\t\t\t\t\t<h2 class=\"elementor-heading-title elementor-size-default\">La demande est <b>en croissance.<\/b><br \/>La production est <b>limit\u00e9e.<\/b><\/h2>\t\t\t\t<\/div>\n\t\t\t\t<div class=\"elementor-element elementor-element-650f41a elementor-widget__width-initial elementor-invisible elementor-widget elementor-widget-text-editor\" data-id=\"650f41a\" data-element_type=\"widget\" data-e-type=\"widget\" data-settings=\"{&quot;_animation&quot;:&quot;fadeInDown&quot;}\" data-widget_type=\"text-editor.default\">\n\t\t\t\t\t\t\t\t\t<p><strong>KEU ne construit pas \u00e0 grande \u00e9chelle.<\/strong><\/p><p>Chaque maison est fabriqu\u00e9e selon un processus contr\u00f4l\u00e9 qui privil\u00e9gie la pr\u00e9cision, la qualit\u00e9 et le design.<\/p><p>De ce fait, seul un nombre limit\u00e9 de logements peut \u00eatre produit chaque ann\u00e9e.<\/p>\t\t\t\t\t\t\t\t<\/div>\n\t\t\t\t\t<\/div>\n\t\t\t\t<\/div>\n\t\t<div class=\"elementor-element elementor-element-be969e4 e-flex e-con-boxed e-con e-parent\" data-id=\"be969e4\" data-element_type=\"container\" data-e-type=\"container\">\n\t\t\t\t\t<div class=\"e-con-inner\">\n\t\t<div class=\"elementor-element elementor-element-b5245f0 e-con-full e-flex e-con e-child\" data-id=\"b5245f0\" data-element_type=\"container\" data-e-type=\"container\">\n\t\t\t\t<div class=\"elementor-element elementor-element-aef2a8d elementor-widget-mobile__width-inherit elementor-invisible elementor-widget elementor-widget-image\" data-id=\"aef2a8d\" data-element_type=\"widget\" data-e-type=\"widget\" data-settings=\"{&quot;_animation&quot;:&quot;fadeInLeft&quot;}\" data-widget_type=\"image.default\">\n\t\t\t\t\t\t\t\t\t\t\t\t\t\t\t<img fetchpriority=\"high\" decoding=\"async\" width=\"2560\" height=\"1792\" src=\"https:\/\/keu.es\/wp-content\/uploads\/2026\/03\/Sesion-corporativa-KEU-30-noviembre-2023-156-Editar-scaled.jpg\" class=\"attachment-full size-full wp-image-28726\" alt=\"\" srcset=\"https:\/\/keu.es\/wp-content\/uploads\/2026\/03\/Sesion-corporativa-KEU-30-noviembre-2023-156-Editar-scaled.jpg 2560w, https:\/\/keu.es\/wp-content\/uploads\/2026\/03\/Sesion-corporativa-KEU-30-noviembre-2023-156-Editar-300x210.jpg 300w, https:\/\/keu.es\/wp-content\/uploads\/2026\/03\/Sesion-corporativa-KEU-30-noviembre-2023-156-Editar-1024x717.jpg 1024w, https:\/\/keu.es\/wp-content\/uploads\/2026\/03\/Sesion-corporativa-KEU-30-noviembre-2023-156-Editar-768x538.jpg 768w, https:\/\/keu.es\/wp-content\/uploads\/2026\/03\/Sesion-corporativa-KEU-30-noviembre-2023-156-Editar-1536x1075.jpg 1536w, https:\/\/keu.es\/wp-content\/uploads\/2026\/03\/Sesion-corporativa-KEU-30-noviembre-2023-156-Editar-2048x1434.jpg 2048w\" sizes=\"(max-width: 2560px) 100vw, 2560px\" \/>\t\t\t\t\t\t\t\t\t\t\t\t\t\t\t<\/div>\n\t\t\t\t<\/div>\n\t\t<div class=\"elementor-element elementor-element-91b77af e-con-full e-flex e-con e-child\" data-id=\"91b77af\" data-element_type=\"container\" data-e-type=\"container\">\n\t\t\t\t<div class=\"elementor-element elementor-element-4c52a02 elementor-invisible elementor-widget elementor-widget-heading\" data-id=\"4c52a02\" data-element_type=\"widget\" data-e-type=\"widget\" data-settings=\"{&quot;_animation&quot;:&quot;fadeInDown&quot;}\" data-widget_type=\"heading.default\">\n\t\t\t\t\t<h2 class=\"elementor-heading-title elementor-size-default\">Pas de production de masse<\/h2>\t\t\t\t<\/div>\n\t\t\t\t<div class=\"elementor-element elementor-element-0089897 elementor-invisible elementor-widget elementor-widget-text-editor\" data-id=\"0089897\" data-element_type=\"widget\" data-e-type=\"widget\" data-settings=\"{&quot;_animation&quot;:&quot;fadeInDown&quot;}\" data-widget_type=\"text-editor.default\">\n\t\t\t\t\t\t\t\t\t<p data-start=\"897\" data-end=\"933\"><strong>Les maisons KEU ne sont pas des produits standard.<\/strong><\/p><p data-start=\"935\" data-end=\"1025\">Chaque unit\u00e9 est d\u00e9velopp\u00e9e <strong>individuellement<\/strong>, adapt\u00e9e \u00e0 son emplacement et aux besoins de chaque client.<\/p><p data-start=\"1027\" data-end=\"1124\">Cette approche garantit un <strong>niveau de qualit\u00e9 sup\u00e9rieur<\/strong>, mais elle limite \u00e9galement le nombre de logements pouvant \u00eatre construits.<\/p>\t\t\t\t\t\t\t\t<\/div>\n\t\t\t\t<\/div>\n\t\t\t\t\t<\/div>\n\t\t\t\t<\/div>\n\t\t<div class=\"elementor-element elementor-element-1122545 e-flex e-con-boxed e-con e-parent\" data-id=\"1122545\" data-element_type=\"container\" data-e-type=\"container\" data-settings=\"{&quot;background_background&quot;:&quot;classic&quot;}\">\n\t\t\t\t\t<div class=\"e-con-inner\">\n\t\t\t\t<div class=\"elementor-element elementor-element-fd10e31 elementor-invisible elementor-widget elementor-widget-heading\" data-id=\"fd10e31\" data-element_type=\"widget\" data-e-type=\"widget\" data-settings=\"{&quot;_animation&quot;:&quot;fadeInDown&quot;}\" data-widget_type=\"heading.default\">\n\t\t\t\t\t<h2 class=\"elementor-heading-title elementor-size-default\">Un nombre limit\u00e9 de projets chaque ann\u00e9e<\/h2>\t\t\t\t<\/div>\n\t\t\t\t<div class=\"elementor-element elementor-element-94239b8 elementor-widget__width-initial elementor-invisible elementor-widget elementor-widget-text-editor\" data-id=\"94239b8\" data-element_type=\"widget\" data-e-type=\"widget\" data-settings=\"{&quot;_animation&quot;:&quot;fadeInDown&quot;}\" data-widget_type=\"text-editor.default\">\n\t\t\t\t\t\t\t\t\t<p data-start=\"1174\" data-end=\"1216\">La capacit\u00e9 de production est planifi\u00e9e \u00e0 l&rsquo;avance.<\/p><p data-start=\"1218\" data-end=\"1299\">Une fois tous les cr\u00e9neaux r\u00e9serv\u00e9s, les nouveaux projets passent au cycle de production suivant.<\/p>\t\t\t\t\t\t\t\t<\/div>\n\t\t\t\t\t<\/div>\n\t\t\t\t<\/div>\n\t\t<div class=\"elementor-element elementor-element-24da794 e-flex e-con-boxed e-con e-parent\" data-id=\"24da794\" data-element_type=\"container\" data-e-type=\"container\">\n\t\t\t\t\t<div class=\"e-con-inner\">\n\t\t\t\t<div class=\"elementor-element elementor-element-e806156 elementor-invisible elementor-widget elementor-widget-heading\" data-id=\"e806156\" data-element_type=\"widget\" data-e-type=\"widget\" data-settings=\"{&quot;_animation&quot;:&quot;fadeInDown&quot;}\" data-widget_type=\"heading.default\">\n\t\t\t\t\t<h2 class=\"elementor-heading-title elementor-size-default\">Le moment actuel<\/h2>\t\t\t\t<\/div>\n\t\t<div class=\"elementor-element elementor-element-51fc6e6 e-con-full e-flex e-con e-child\" data-id=\"51fc6e6\" data-element_type=\"container\" data-e-type=\"container\">\n\t\t<div class=\"elementor-element elementor-element-e8d3fb3 e-con-full e-flex e-con e-child\" data-id=\"e8d3fb3\" data-element_type=\"container\" data-e-type=\"container\">\n\t\t\t\t<div class=\"elementor-element elementor-element-1074f6b elementor-invisible elementor-widget elementor-widget-image\" data-id=\"1074f6b\" data-element_type=\"widget\" data-e-type=\"widget\" data-settings=\"{&quot;_animation&quot;:&quot;fadeIn&quot;}\" data-widget_type=\"image.default\">\n\t\t\t\t\t\t\t\t\t\t\t\t\t\t\t<img decoding=\"async\" width=\"1250\" height=\"1250\" src=\"https:\/\/keu.es\/wp-content\/uploads\/2026\/03\/HOME-34.png\" class=\"attachment-full size-full wp-image-28779\" alt=\"\" srcset=\"https:\/\/keu.es\/wp-content\/uploads\/2026\/03\/HOME-34.png 1250w, https:\/\/keu.es\/wp-content\/uploads\/2026\/03\/HOME-34-300x300.png 300w, https:\/\/keu.es\/wp-content\/uploads\/2026\/03\/HOME-34-1024x1024.png 1024w, https:\/\/keu.es\/wp-content\/uploads\/2026\/03\/HOME-34-150x150.png 150w, https:\/\/keu.es\/wp-content\/uploads\/2026\/03\/HOME-34-768x768.png 768w\" sizes=\"(max-width: 1250px) 100vw, 1250px\" \/>\t\t\t\t\t\t\t\t\t\t\t\t\t\t\t<\/div>\n\t\t\t\t<div class=\"elementor-element elementor-element-19ca2c4 elementor-invisible elementor-widget elementor-widget-heading\" data-id=\"19ca2c4\" data-element_type=\"widget\" data-e-type=\"widget\" data-settings=\"{&quot;_animation&quot;:&quot;fadeInUp&quot;}\" data-widget_type=\"heading.default\">\n\t\t\t\t\t<h2 class=\"elementor-heading-title elementor-size-default\">La demande mondiale continue d'augmenter<\/h2>\t\t\t\t<\/div>\n\t\t\t\t<\/div>\n\t\t<div class=\"elementor-element elementor-element-818d82e e-con-full e-flex e-con e-child\" data-id=\"818d82e\" data-element_type=\"container\" data-e-type=\"container\">\n\t\t\t\t<div class=\"elementor-element elementor-element-24a891f elementor-invisible elementor-widget elementor-widget-image\" data-id=\"24a891f\" data-element_type=\"widget\" data-e-type=\"widget\" data-settings=\"{&quot;_animation&quot;:&quot;fadeIn&quot;}\" data-widget_type=\"image.default\">\n\t\t\t\t\t\t\t\t\t\t\t\t\t\t\t<img decoding=\"async\" width=\"1250\" height=\"1250\" src=\"https:\/\/keu.es\/wp-content\/uploads\/2026\/03\/HOME-36.png\" class=\"attachment-full size-full wp-image-28780\" alt=\"\" srcset=\"https:\/\/keu.es\/wp-content\/uploads\/2026\/03\/HOME-36.png 1250w, https:\/\/keu.es\/wp-content\/uploads\/2026\/03\/HOME-36-300x300.png 300w, https:\/\/keu.es\/wp-content\/uploads\/2026\/03\/HOME-36-1024x1024.png 1024w, https:\/\/keu.es\/wp-content\/uploads\/2026\/03\/HOME-36-150x150.png 150w, https:\/\/keu.es\/wp-content\/uploads\/2026\/03\/HOME-36-768x768.png 768w\" sizes=\"(max-width: 1250px) 100vw, 1250px\" \/>\t\t\t\t\t\t\t\t\t\t\t\t\t\t\t<\/div>\n\t\t\t\t<div class=\"elementor-element elementor-element-fc13b59 elementor-invisible elementor-widget elementor-widget-heading\" data-id=\"fc13b59\" data-element_type=\"widget\" data-e-type=\"widget\" data-settings=\"{&quot;_animation&quot;:&quot;fadeInUp&quot;}\" data-widget_type=\"heading.default\">\n\t\t\t\t\t<h2 class=\"elementor-heading-title elementor-size-default\">La capacit\u00e9 de production reste fixe<\/h2>\t\t\t\t<\/div>\n\t\t\t\t<\/div>\n\t\t<div class=\"elementor-element elementor-element-fc3dbfe e-con-full e-flex e-con e-child\" data-id=\"fc3dbfe\" data-element_type=\"container\" data-e-type=\"container\">\n\t\t\t\t<div class=\"elementor-element elementor-element-d72d9ab elementor-invisible elementor-widget elementor-widget-image\" data-id=\"d72d9ab\" data-element_type=\"widget\" data-e-type=\"widget\" data-settings=\"{&quot;_animation&quot;:&quot;fadeIn&quot;}\" data-widget_type=\"image.default\">\n\t\t\t\t\t\t\t\t\t\t\t\t\t\t\t<img loading=\"lazy\" decoding=\"async\" width=\"1000\" height=\"1000\" src=\"https:\/\/keu.es\/wp-content\/uploads\/2026\/03\/HOME-35.png\" class=\"attachment-full size-full wp-image-28781\" alt=\"\" srcset=\"https:\/\/keu.es\/wp-content\/uploads\/2026\/03\/HOME-35.png 1000w, https:\/\/keu.es\/wp-content\/uploads\/2026\/03\/HOME-35-300x300.png 300w, https:\/\/keu.es\/wp-content\/uploads\/2026\/03\/HOME-35-150x150.png 150w, https:\/\/keu.es\/wp-content\/uploads\/2026\/03\/HOME-35-768x768.png 768w\" sizes=\"(max-width: 1000px) 100vw, 1000px\" \/>\t\t\t\t\t\t\t\t\t\t\t\t\t\t\t<\/div>\n\t\t\t\t<div class=\"elementor-element elementor-element-6fa05cc elementor-invisible elementor-widget elementor-widget-heading\" data-id=\"6fa05cc\" data-element_type=\"widget\" data-e-type=\"widget\" data-settings=\"{&quot;_animation&quot;:&quot;fadeInUp&quot;}\" data-widget_type=\"heading.default\">\n\t\t\t\t\t<h2 class=\"elementor-heading-title elementor-size-default\">Les places disponibles sont limit\u00e9es.<\/h2>\t\t\t\t<\/div>\n\t\t\t\t<\/div>\n\t\t\t\t<\/div>\n\t\t\t\t<div class=\"elementor-element elementor-element-fc30c19 elementor-align-center elementor-invisible elementor-widget elementor-widget-button\" data-id=\"fc30c19\" data-element_type=\"widget\" data-e-type=\"widget\" data-settings=\"{&quot;_animation&quot;:&quot;fadeInDown&quot;}\" data-widget_type=\"button.default\">\n\t\t\t\t\t\t\t\t\t\t<a class=\"elementor-button elementor-button-link elementor-size-sm\" href=\"https:\/\/keu.es\/order\/\">\n\t\t\t\t\t\t<span class=\"elementor-button-content-wrapper\">\n\t\t\t\t\t\t\t\t\t<span class=\"elementor-button-text\">R\u00e9servez votre cr\u00e9neau de production KEU<\/span>\n\t\t\t\t\t<\/span>\n\t\t\t\t\t<\/a>\n\t\t\t\t\t\t\t\t<\/div>\n\t\t\t\t\t<\/div>\n\t\t\t\t<\/div>\n\t\t<div class=\"elementor-element elementor-element-7e63f82 e-con-full e-flex e-con e-parent\" data-id=\"7e63f82\" data-element_type=\"container\" data-e-type=\"container\" data-settings=\"{&quot;background_background&quot;:&quot;classic&quot;}\">\n\t\t\t\t<div class=\"elementor-element elementor-element-e54cdbd elementor-widget elementor-widget-spacer\" data-id=\"e54cdbd\" data-element_type=\"widget\" data-e-type=\"widget\" data-widget_type=\"spacer.default\">\n\t\t\t\t\t\t\t<div class=\"elementor-spacer\">\n\t\t\t<div class=\"elementor-spacer-inner\"><\/div>\n\t\t<\/div>\n\t\t\t\t\t\t<\/div>\n\t\t\t\t<\/div>\n\t\t\t\t<\/div>\n\t\t","protected":false},"excerpt":{"rendered":"<p>Le moment KEU KEU Homes conna\u00eet actuellement une forte demande mondiale. Des clients des \u00c9tats-Unis, du Canada, d&rsquo;Europe et des Cara\u00efbes r\u00e9servent activement des cr\u00e9neaux de production pour les ann\u00e9es \u00e0 venir. La demande est en croissance.La production est limit\u00e9e. KEU ne construit pas \u00e0 grande \u00e9chelle. Chaque maison est fabriqu\u00e9e selon un processus contr\u00f4l\u00e9 [&hellip;]<\/p>\n","protected":false},"author":19,"featured_media":0,"parent":0,"menu_order":0,"comment_status":"closed","ping_status":"closed","template":"elementor_header_footer","meta":{"_acf_changed":false,"content-type":"","footnotes":""},"class_list":["post-28763","page","type-page","status-publish","hentry"],"acf":[],"_links":{"self":[{"href":"https:\/\/keu.es\/fr\/wp-json\/wp\/v2\/pages\/28763","targetHints":{"allow":["GET"]}}],"collection":[{"href":"https:\/\/keu.es\/fr\/wp-json\/wp\/v2\/pages"}],"about":[{"href":"https:\/\/keu.es\/fr\/wp-json\/wp\/v2\/types\/page"}],"author":[{"embeddable":true,"href":"https:\/\/keu.es\/fr\/wp-json\/wp\/v2\/users\/19"}],"replies":[{"embeddable":true,"href":"https:\/\/keu.es\/fr\/wp-json\/wp\/v2\/comments?post=28763"}],"version-history":[{"count":1,"href":"https:\/\/keu.es\/fr\/wp-json\/wp\/v2\/pages\/28763\/revisions"}],"predecessor-version":[{"id":28789,"href":"https:\/\/keu.es\/fr\/wp-json\/wp\/v2\/pages\/28763\/revisions\/28789"}],"wp:attachment":[{"href":"https:\/\/keu.es\/fr\/wp-json\/wp\/v2\/media?parent=28763"}],"curies":[{"name":"wp","href":"https:\/\/api.w.org\/{rel}","templated":true}]}}