{"id":26510,"date":"2026-03-17T10:37:05","date_gmt":"2026-03-17T10:37:05","guid":{"rendered":"https:\/\/keu.es\/o-momento-keu\/"},"modified":"2026-04-27T07:55:04","modified_gmt":"2026-04-27T07:55:04","slug":"o-momento-keu","status":"publish","type":"page","link":"https:\/\/keu.es\/pt-pt\/o-momento-keu\/","title":{"rendered":"O Momento KEU"},"content":{"rendered":"\t\t<div data-elementor-type=\"wp-page\" data-elementor-id=\"26510\" class=\"elementor elementor-26510 elementor-24408\" data-elementor-post-type=\"page\">\n\t\t\t\t<div class=\"elementor-element elementor-element-4500710 e-flex e-con-boxed e-con e-parent\" data-id=\"4500710\" data-element_type=\"container\" data-e-type=\"container\" data-settings=\"{&quot;background_background&quot;:&quot;classic&quot;}\">\n\t\t\t\t\t<div class=\"e-con-inner\">\n\t\t<div class=\"elementor-element elementor-element-841e67b e-con-full e-flex e-con e-child\" data-id=\"841e67b\" data-element_type=\"container\" data-e-type=\"container\">\n\t\t\t\t<div class=\"elementor-element elementor-element-0aef75e elementor-widget__width-initial elementor-invisible elementor-widget elementor-widget-heading\" data-id=\"0aef75e\" data-element_type=\"widget\" data-e-type=\"widget\" data-settings=\"{&quot;_animation&quot;:&quot;fadeInDown&quot;}\" data-widget_type=\"heading.default\">\n\t\t\t\t\t<h2 class=\"elementor-heading-title elementor-size-default\"><span style=\"color: #C1A66E\">O Momento KEU<\/span><\/h2>\t\t\t\t<\/div>\n\t\t\t\t<div class=\"elementor-element elementor-element-6c9715e elementor-widget__width-initial elementor-invisible elementor-widget elementor-widget-text-editor\" data-id=\"6c9715e\" data-element_type=\"widget\" data-e-type=\"widget\" data-settings=\"{&quot;_animation&quot;:&quot;fadeInDown&quot;}\" data-widget_type=\"text-editor.default\">\n\t\t\t\t\t\t\t\t\t<p data-start=\"422\" data-end=\"479\">A KEU Homes est\u00e1 a atravessar um per\u00edodo de elevada procura a n\u00edvel mundial.<\/p><p data-start=\"481\" data-end=\"605\">Clientes dos <strong>Estados Unidos, do Canad\u00e1, da Europa e das Cara\u00edbas<\/strong> est\u00e3o a reservar ativamente vagas de produ\u00e7\u00e3o para os pr\u00f3ximos anos.<\/p>\t\t\t\t\t\t\t\t<\/div>\n\t\t\t\t<\/div>\n\t\t<div class=\"elementor-element elementor-element-ee9b40a e-con-full e-flex e-con e-child\" data-id=\"ee9b40a\" data-element_type=\"container\" data-e-type=\"container\">\n\t\t\t\t<\/div>\n\t\t\t\t\t<\/div>\n\t\t\t\t<\/div>\n\t\t<div class=\"elementor-element elementor-element-a195169 e-flex e-con-boxed e-con e-parent\" data-id=\"a195169\" data-element_type=\"container\" data-e-type=\"container\">\n\t\t\t\t\t<div class=\"e-con-inner\">\n\t\t\t\t<div class=\"elementor-element elementor-element-f86e56a elementor-invisible elementor-widget elementor-widget-heading\" data-id=\"f86e56a\" data-element_type=\"widget\" data-e-type=\"widget\" data-settings=\"{&quot;_animation&quot;:&quot;fadeInDown&quot;}\" data-widget_type=\"heading.default\">\n\t\t\t\t\t<h2 class=\"elementor-heading-title elementor-size-default\">A procura est\u00e1 a <b>aumentar<\/b>.<br>A produ\u00e7\u00e3o \u00e9 <b>limitada<\/b>.<\/h2>\t\t\t\t<\/div>\n\t\t\t\t<div class=\"elementor-element elementor-element-650f41a elementor-widget__width-initial elementor-invisible elementor-widget elementor-widget-text-editor\" data-id=\"650f41a\" data-element_type=\"widget\" data-e-type=\"widget\" data-settings=\"{&quot;_animation&quot;:&quot;fadeInDown&quot;}\" data-widget_type=\"text-editor.default\">\n\t\t\t\t\t\t\t\t\t<p><strong>A KEU n\u00e3o constr\u00f3i em grande escala.<\/strong><\/p><p>Cada casa \u00e9 fabricada atrav\u00e9s de um processo controlado que privilegia a precis\u00e3o, a qualidade e o design.<\/p><p>Por esse motivo, <strong>apenas um n\u00famero limitado de casas pode ser constru\u00eddo anualmente.<\/strong><\/p>\t\t\t\t\t\t\t\t<\/div>\n\t\t\t\t\t<\/div>\n\t\t\t\t<\/div>\n\t\t<div class=\"elementor-element elementor-element-be969e4 e-flex e-con-boxed e-con e-parent\" data-id=\"be969e4\" data-element_type=\"container\" data-e-type=\"container\">\n\t\t\t\t\t<div class=\"e-con-inner\">\n\t\t<div class=\"elementor-element elementor-element-b5245f0 e-con-full e-flex e-con e-child\" data-id=\"b5245f0\" data-element_type=\"container\" data-e-type=\"container\">\n\t\t\t\t<div class=\"elementor-element elementor-element-aef2a8d elementor-invisible elementor-widget elementor-widget-image\" data-id=\"aef2a8d\" data-element_type=\"widget\" data-e-type=\"widget\" data-settings=\"{&quot;_animation&quot;:&quot;fadeInLeft&quot;}\" data-widget_type=\"image.default\">\n\t\t\t\t\t\t\t\t\t\t\t\t\t\t\t<img fetchpriority=\"high\" decoding=\"async\" width=\"1000\" height=\"1000\" src=\"https:\/\/keu.es\/wp-content\/uploads\/2026\/03\/HOME-25.png\" class=\"attachment-full size-full wp-image-26520\" alt=\"\" srcset=\"https:\/\/keu.es\/wp-content\/uploads\/2026\/03\/HOME-25.png 1000w, https:\/\/keu.es\/wp-content\/uploads\/2026\/03\/HOME-25-300x300.png 300w, https:\/\/keu.es\/wp-content\/uploads\/2026\/03\/HOME-25-150x150.png 150w, https:\/\/keu.es\/wp-content\/uploads\/2026\/03\/HOME-25-768x768.png 768w\" sizes=\"(max-width: 1000px) 100vw, 1000px\" \/>\t\t\t\t\t\t\t\t\t\t\t\t\t\t\t<\/div>\n\t\t\t\t<\/div>\n\t\t<div class=\"elementor-element elementor-element-91b77af e-con-full e-flex e-con e-child\" data-id=\"91b77af\" data-element_type=\"container\" data-e-type=\"container\">\n\t\t\t\t<div class=\"elementor-element elementor-element-4c52a02 elementor-invisible elementor-widget elementor-widget-heading\" data-id=\"4c52a02\" data-element_type=\"widget\" data-e-type=\"widget\" data-settings=\"{&quot;_animation&quot;:&quot;fadeInDown&quot;}\" data-widget_type=\"heading.default\">\n\t\t\t\t\t<h2 class=\"elementor-heading-title elementor-size-default\">N\u00e3o se trata de produ\u00e7\u00e3o em massa<\/h2>\t\t\t\t<\/div>\n\t\t\t\t<div class=\"elementor-element elementor-element-0089897 elementor-invisible elementor-widget elementor-widget-text-editor\" data-id=\"0089897\" data-element_type=\"widget\" data-e-type=\"widget\" data-settings=\"{&quot;_animation&quot;:&quot;fadeInDown&quot;}\" data-widget_type=\"text-editor.default\">\n\t\t\t\t\t\t\t\t\t<p data-start=\"897\" data-end=\"933\"><strong>As casas KEU n\u00e3o s\u00e3o produtos em s\u00e9rie.<\/strong><\/p><p data-start=\"935\" data-end=\"1025\">Cada unidade \u00e9 concebida <strong>individualmente<\/strong>, adaptada \u00e0 sua localiza\u00e7\u00e3o e \u00e0s necessidades de cada cliente.<\/p><p data-start=\"1027\" data-end=\"1124\">Esta abordagem garante um <strong>n\u00edvel de qualidade superior<\/strong> \u2014 mas tamb\u00e9m limita o n\u00famero de habita\u00e7\u00f5es que podem ser constru\u00eddas.<\/p>\t\t\t\t\t\t\t\t<\/div>\n\t\t\t\t<\/div>\n\t\t\t\t\t<\/div>\n\t\t\t\t<\/div>\n\t\t<div class=\"elementor-element elementor-element-1122545 e-flex e-con-boxed e-con e-parent\" data-id=\"1122545\" data-element_type=\"container\" data-e-type=\"container\" data-settings=\"{&quot;background_background&quot;:&quot;classic&quot;}\">\n\t\t\t\t\t<div class=\"e-con-inner\">\n\t\t\t\t<div class=\"elementor-element elementor-element-fd10e31 elementor-invisible elementor-widget elementor-widget-heading\" data-id=\"fd10e31\" data-element_type=\"widget\" data-e-type=\"widget\" data-settings=\"{&quot;_animation&quot;:&quot;fadeInDown&quot;}\" data-widget_type=\"heading.default\">\n\t\t\t\t\t<h2 class=\"elementor-heading-title elementor-size-default\">Um n\u00famero limitado de projetos por ano<\/h2>\t\t\t\t<\/div>\n\t\t\t\t<div class=\"elementor-element elementor-element-94239b8 elementor-widget__width-initial elementor-invisible elementor-widget elementor-widget-text-editor\" data-id=\"94239b8\" data-element_type=\"widget\" data-e-type=\"widget\" data-settings=\"{&quot;_animation&quot;:&quot;fadeInDown&quot;}\" data-widget_type=\"text-editor.default\">\n\t\t\t\t\t\t\t\t\t<p data-start=\"1174\" data-end=\"1216\">A capacidade de produ\u00e7\u00e3o \u00e9 planeada com anteced\u00eancia.<\/p><p data-start=\"1218\" data-end=\"1299\">Assim que todas as vagas estiverem reservadas, os novos projetos passam para o ciclo de produ\u00e7\u00e3o seguinte.<\/p>\t\t\t\t\t\t\t\t<\/div>\n\t\t\t\t\t<\/div>\n\t\t\t\t<\/div>\n\t\t<div class=\"elementor-element elementor-element-24da794 e-flex e-con-boxed e-con e-parent\" data-id=\"24da794\" data-element_type=\"container\" data-e-type=\"container\">\n\t\t\t\t\t<div class=\"e-con-inner\">\n\t\t\t\t<div class=\"elementor-element elementor-element-e806156 elementor-invisible elementor-widget elementor-widget-heading\" data-id=\"e806156\" data-element_type=\"widget\" data-e-type=\"widget\" data-settings=\"{&quot;_animation&quot;:&quot;fadeInDown&quot;}\" data-widget_type=\"heading.default\">\n\t\t\t\t\t<h2 class=\"elementor-heading-title elementor-size-default\">O momento atual<\/h2>\t\t\t\t<\/div>\n\t\t<div class=\"elementor-element elementor-element-51fc6e6 e-con-full e-flex e-con e-child\" data-id=\"51fc6e6\" data-element_type=\"container\" data-e-type=\"container\">\n\t\t<div class=\"elementor-element elementor-element-e8d3fb3 e-con-full e-flex e-con e-child\" data-id=\"e8d3fb3\" data-element_type=\"container\" data-e-type=\"container\">\n\t\t\t\t<div class=\"elementor-element elementor-element-1074f6b elementor-invisible elementor-widget elementor-widget-image\" data-id=\"1074f6b\" data-element_type=\"widget\" data-e-type=\"widget\" data-settings=\"{&quot;_animation&quot;:&quot;fadeIn&quot;}\" data-widget_type=\"image.default\">\n\t\t\t\t\t\t\t\t\t\t\t\t\t\t\t<img decoding=\"async\" width=\"1250\" height=\"1250\" src=\"https:\/\/keu.es\/wp-content\/uploads\/2026\/03\/HOME-34.png\" class=\"attachment-full size-full wp-image-26526\" alt=\"\" srcset=\"https:\/\/keu.es\/wp-content\/uploads\/2026\/03\/HOME-34.png 1250w, https:\/\/keu.es\/wp-content\/uploads\/2026\/03\/HOME-34-300x300.png 300w, https:\/\/keu.es\/wp-content\/uploads\/2026\/03\/HOME-34-1024x1024.png 1024w, https:\/\/keu.es\/wp-content\/uploads\/2026\/03\/HOME-34-150x150.png 150w, https:\/\/keu.es\/wp-content\/uploads\/2026\/03\/HOME-34-768x768.png 768w\" sizes=\"(max-width: 1250px) 100vw, 1250px\" \/>\t\t\t\t\t\t\t\t\t\t\t\t\t\t\t<\/div>\n\t\t\t\t<div class=\"elementor-element elementor-element-19ca2c4 elementor-invisible elementor-widget elementor-widget-heading\" data-id=\"19ca2c4\" data-element_type=\"widget\" data-e-type=\"widget\" data-settings=\"{&quot;_animation&quot;:&quot;fadeInUp&quot;}\" data-widget_type=\"heading.default\">\n\t\t\t\t\t<h2 class=\"elementor-heading-title elementor-size-default\">A procura global continua a aumentar<\/h2>\t\t\t\t<\/div>\n\t\t\t\t<\/div>\n\t\t<div class=\"elementor-element elementor-element-818d82e e-con-full e-flex e-con e-child\" data-id=\"818d82e\" data-element_type=\"container\" data-e-type=\"container\">\n\t\t\t\t<div class=\"elementor-element elementor-element-24a891f elementor-invisible elementor-widget elementor-widget-image\" data-id=\"24a891f\" data-element_type=\"widget\" data-e-type=\"widget\" data-settings=\"{&quot;_animation&quot;:&quot;fadeIn&quot;}\" data-widget_type=\"image.default\">\n\t\t\t\t\t\t\t\t\t\t\t\t\t\t\t<img decoding=\"async\" width=\"1250\" height=\"1250\" src=\"https:\/\/keu.es\/wp-content\/uploads\/2026\/03\/HOME-36.png\" class=\"attachment-full size-full wp-image-26527\" alt=\"\" srcset=\"https:\/\/keu.es\/wp-content\/uploads\/2026\/03\/HOME-36.png 1250w, https:\/\/keu.es\/wp-content\/uploads\/2026\/03\/HOME-36-300x300.png 300w, https:\/\/keu.es\/wp-content\/uploads\/2026\/03\/HOME-36-1024x1024.png 1024w, https:\/\/keu.es\/wp-content\/uploads\/2026\/03\/HOME-36-150x150.png 150w, https:\/\/keu.es\/wp-content\/uploads\/2026\/03\/HOME-36-768x768.png 768w\" sizes=\"(max-width: 1250px) 100vw, 1250px\" \/>\t\t\t\t\t\t\t\t\t\t\t\t\t\t\t<\/div>\n\t\t\t\t<div class=\"elementor-element elementor-element-fc13b59 elementor-invisible elementor-widget elementor-widget-heading\" data-id=\"fc13b59\" data-element_type=\"widget\" data-e-type=\"widget\" data-settings=\"{&quot;_animation&quot;:&quot;fadeInUp&quot;}\" data-widget_type=\"heading.default\">\n\t\t\t\t\t<h2 class=\"elementor-heading-title elementor-size-default\">A capacidade de produ\u00e7\u00e3o permanece inalterada<\/h2>\t\t\t\t<\/div>\n\t\t\t\t<\/div>\n\t\t<div class=\"elementor-element elementor-element-fc3dbfe e-con-full e-flex e-con e-child\" data-id=\"fc3dbfe\" data-element_type=\"container\" data-e-type=\"container\">\n\t\t\t\t<div class=\"elementor-element elementor-element-d72d9ab elementor-invisible elementor-widget elementor-widget-image\" data-id=\"d72d9ab\" data-element_type=\"widget\" data-e-type=\"widget\" data-settings=\"{&quot;_animation&quot;:&quot;fadeIn&quot;}\" data-widget_type=\"image.default\">\n\t\t\t\t\t\t\t\t\t\t\t\t\t\t\t<img loading=\"lazy\" decoding=\"async\" width=\"1000\" height=\"1000\" src=\"https:\/\/keu.es\/wp-content\/uploads\/2026\/03\/HOME-35.png\" class=\"attachment-full size-full wp-image-26528\" alt=\"\" srcset=\"https:\/\/keu.es\/wp-content\/uploads\/2026\/03\/HOME-35.png 1000w, https:\/\/keu.es\/wp-content\/uploads\/2026\/03\/HOME-35-300x300.png 300w, https:\/\/keu.es\/wp-content\/uploads\/2026\/03\/HOME-35-150x150.png 150w, https:\/\/keu.es\/wp-content\/uploads\/2026\/03\/HOME-35-768x768.png 768w\" sizes=\"(max-width: 1000px) 100vw, 1000px\" \/>\t\t\t\t\t\t\t\t\t\t\t\t\t\t\t<\/div>\n\t\t\t\t<div class=\"elementor-element elementor-element-6fa05cc elementor-invisible elementor-widget elementor-widget-heading\" data-id=\"6fa05cc\" data-element_type=\"widget\" data-e-type=\"widget\" data-settings=\"{&quot;_animation&quot;:&quot;fadeInUp&quot;}\" data-widget_type=\"heading.default\">\n\t\t\t\t\t<h2 class=\"elementor-heading-title elementor-size-default\">As vagas dispon\u00edveis s\u00e3o limitadas<\/h2>\t\t\t\t<\/div>\n\t\t\t\t<\/div>\n\t\t\t\t<\/div>\n\t\t\t\t<div class=\"elementor-element elementor-element-fc30c19 elementor-align-center elementor-invisible elementor-widget elementor-widget-button\" data-id=\"fc30c19\" data-element_type=\"widget\" data-e-type=\"widget\" data-settings=\"{&quot;_animation&quot;:&quot;fadeInDown&quot;}\" data-widget_type=\"button.default\">\n\t\t\t\t\t\t\t\t\t\t<a class=\"elementor-button elementor-button-link elementor-size-sm\" href=\"https:\/\/keu.es\/pt-pt\/encomenda\/\">\n\t\t\t\t\t\t<span class=\"elementor-button-content-wrapper\">\n\t\t\t\t\t\t\t\t\t<span class=\"elementor-button-text\">Reserve o seu espa\u00e7o de produ\u00e7\u00e3o na KEU<\/span>\n\t\t\t\t\t<\/span>\n\t\t\t\t\t<\/a>\n\t\t\t\t\t\t\t\t<\/div>\n\t\t\t\t\t<\/div>\n\t\t\t\t<\/div>\n\t\t<div class=\"elementor-element elementor-element-7e63f82 e-con-full e-flex e-con e-parent\" data-id=\"7e63f82\" data-element_type=\"container\" data-e-type=\"container\" data-settings=\"{&quot;background_background&quot;:&quot;classic&quot;}\">\n\t\t\t\t<div class=\"elementor-element elementor-element-e54cdbd elementor-widget elementor-widget-spacer\" data-id=\"e54cdbd\" data-element_type=\"widget\" data-e-type=\"widget\" data-widget_type=\"spacer.default\">\n\t\t\t\t\t\t\t<div class=\"elementor-spacer\">\n\t\t\t<div class=\"elementor-spacer-inner\"><\/div>\n\t\t<\/div>\n\t\t\t\t\t\t<\/div>\n\t\t\t\t<\/div>\n\t\t\t\t<\/div>\n\t\t","protected":false},"excerpt":{"rendered":"<p>O Momento KEU A KEU Homes est\u00e1 a atravessar um per\u00edodo de elevada procura a n\u00edvel mundial. Clientes dos Estados Unidos, do Canad\u00e1, da Europa e das Cara\u00edbas est\u00e3o a reservar ativamente vagas de produ\u00e7\u00e3o para os pr\u00f3ximos anos. A procura est\u00e1 a aumentar.A produ\u00e7\u00e3o \u00e9 limitada. A KEU n\u00e3o constr\u00f3i em grande escala. Cada [&hellip;]<\/p>\n","protected":false},"author":19,"featured_media":0,"parent":0,"menu_order":0,"comment_status":"closed","ping_status":"closed","template":"elementor_header_footer","meta":{"_acf_changed":false,"content-type":"","footnotes":""},"class_list":["post-26510","page","type-page","status-publish","hentry"],"acf":[],"_links":{"self":[{"href":"https:\/\/keu.es\/pt-pt\/wp-json\/wp\/v2\/pages\/26510","targetHints":{"allow":["GET"]}}],"collection":[{"href":"https:\/\/keu.es\/pt-pt\/wp-json\/wp\/v2\/pages"}],"about":[{"href":"https:\/\/keu.es\/pt-pt\/wp-json\/wp\/v2\/types\/page"}],"author":[{"embeddable":true,"href":"https:\/\/keu.es\/pt-pt\/wp-json\/wp\/v2\/users\/19"}],"replies":[{"embeddable":true,"href":"https:\/\/keu.es\/pt-pt\/wp-json\/wp\/v2\/comments?post=26510"}],"version-history":[{"count":1,"href":"https:\/\/keu.es\/pt-pt\/wp-json\/wp\/v2\/pages\/26510\/revisions"}],"predecessor-version":[{"id":26566,"href":"https:\/\/keu.es\/pt-pt\/wp-json\/wp\/v2\/pages\/26510\/revisions\/26566"}],"wp:attachment":[{"href":"https:\/\/keu.es\/pt-pt\/wp-json\/wp\/v2\/media?parent=26510"}],"curies":[{"name":"wp","href":"https:\/\/api.w.org\/{rel}","templated":true}]}}