{"id":27240,"date":"2025-06-04T09:39:48","date_gmt":"2025-06-04T09:39:48","guid":{"rendered":"https:\/\/keu.es\/politica-de-privacidade-e-protecao-de-dados\/"},"modified":"2026-05-04T13:04:06","modified_gmt":"2026-05-04T13:04:06","slug":"politica-de-privacidade-e-protecao-de-dados","status":"publish","type":"page","link":"https:\/\/keu.es\/pt-pt\/politica-de-privacidade-e-protecao-de-dados\/","title":{"rendered":"Pol\u00edtica de Privacidade e Prote\u00e7\u00e3o de Dados"},"content":{"rendered":"\t\t<div data-elementor-type=\"wp-page\" data-elementor-id=\"27240\" class=\"elementor elementor-27240 elementor-14430\" data-elementor-post-type=\"page\">\n\t\t\t\t<div class=\"elementor-element elementor-element-fb17e8a e-flex e-con-boxed e-con e-parent\" data-id=\"fb17e8a\" data-element_type=\"container\" data-e-type=\"container\" data-settings=\"{&quot;background_background&quot;:&quot;classic&quot;}\">\n\t\t\t\t\t<div class=\"e-con-inner\">\n\t\t<div class=\"elementor-element elementor-element-d02578a e-con-full elementor-hidden-tablet elementor-hidden-mobile e-flex e-con e-child\" data-id=\"d02578a\" data-element_type=\"container\" data-e-type=\"container\">\n\t\t\t\t<div class=\"elementor-element elementor-element-f71a7ed elementor-widget elementor-widget-image\" data-id=\"f71a7ed\" data-element_type=\"widget\" data-e-type=\"widget\" data-widget_type=\"image.default\">\n\t\t\t\t\t\t\t\t\t\t\t\t\t\t\t<img fetchpriority=\"high\" decoding=\"async\" width=\"493\" height=\"197\" src=\"https:\/\/keu.es\/wp-content\/uploads\/2025\/02\/keu-logo-white-e1656493617765.png\" class=\"attachment-large size-large wp-image-8700\" alt=\"KEU Logo\" srcset=\"https:\/\/keu.es\/wp-content\/uploads\/2025\/02\/keu-logo-white-e1656493617765.png 493w, https:\/\/keu.es\/wp-content\/uploads\/2025\/02\/keu-logo-white-e1656493617765-300x120.png 300w\" sizes=\"(max-width: 493px) 100vw, 493px\" \/>\t\t\t\t\t\t\t\t\t\t\t\t\t\t\t<\/div>\n\t\t\t\t<\/div>\n\t\t<div class=\"elementor-element elementor-element-44c8206 e-con-full e-flex e-con e-child\" data-id=\"44c8206\" data-element_type=\"container\" data-e-type=\"container\" data-settings=\"{&quot;background_background&quot;:&quot;classic&quot;}\">\n\t\t\t\t<div class=\"elementor-element elementor-element-05fadf6 elementor-widget elementor-widget-heading\" data-id=\"05fadf6\" data-element_type=\"widget\" data-e-type=\"widget\" data-settings=\"{&quot;motion_fx_motion_fx_scrolling&quot;:&quot;yes&quot;,&quot;motion_fx_devices&quot;:[&quot;desktop&quot;,&quot;tablet&quot;,&quot;mobile&quot;]}\" data-widget_type=\"heading.default\">\n\t\t\t\t\t<h2 class=\"elementor-heading-title elementor-size-default\">Privacidade e<br \/>Pol\u00edtica de Prote\u00e7\u00e3o de Dados<\/h2>\t\t\t\t<\/div>\n\t\t\t\t<div class=\"elementor-element elementor-element-9d02679 elementor-align-center elementor-widget elementor-widget-button\" data-id=\"9d02679\" data-element_type=\"widget\" data-e-type=\"widget\" data-widget_type=\"button.default\">\n\t\t\t\t\t\t\t\t\t\t<a class=\"elementor-button elementor-button-link elementor-size-sm\" href=\"https:\/\/keu.es\/pt-pt\/\">\n\t\t\t\t\t\t<span class=\"elementor-button-content-wrapper\">\n\t\t\t\t\t\t\t\t\t<span class=\"elementor-button-text\">VOLTAR \u00c0 P\u00c1GINA INICIAL<\/span>\n\t\t\t\t\t<\/span>\n\t\t\t\t\t<\/a>\n\t\t\t\t\t\t\t\t<\/div>\n\t\t\t\t<div class=\"elementor-element elementor-element-c565a90 elementor-invisible elementor-widget elementor-widget-heading\" data-id=\"c565a90\" data-element_type=\"widget\" data-e-type=\"widget\" data-settings=\"{&quot;motion_fx_motion_fx_scrolling&quot;:&quot;yes&quot;,&quot;_animation&quot;:&quot;fadeInDown&quot;,&quot;motion_fx_devices&quot;:[&quot;desktop&quot;,&quot;tablet&quot;,&quot;mobile&quot;]}\" data-widget_type=\"heading.default\">\n\t\t\t\t\t<h4 class=\"elementor-heading-title elementor-size-default\">1. Introdu\u00e7\u00e3o<\/h4>\t\t\t\t<\/div>\n\t\t\t\t<div class=\"elementor-element elementor-element-e844365 elementor-widget__width-inherit elementor-widget-mobile__width-initial elementor-widget elementor-widget-text-editor\" data-id=\"e844365\" data-element_type=\"widget\" data-e-type=\"widget\" data-widget_type=\"text-editor.default\">\n\t\t\t\t\t\t\t\t\t<p>Na KEU HOME, estamos empenhados em proteger a sua privacidade e em garantir que os seus dados pessoais s\u00e3o tratados de forma legal, justa e transparente.<\/p><p>Sendo uma empresa internacional que opera em diferentes regi\u00f5es, os regulamentos de prote\u00e7\u00e3o de dados podem variar consoante a sua localiza\u00e7\u00e3o. Por este motivo, disponibilizamos pol\u00edticas de privacidade espec\u00edficas da regi\u00e3o para garantir a total conformidade com os quadros jur\u00eddicos aplic\u00e1veis. <\/p><p>Esta p\u00e1gina serve como uma vis\u00e3o geral de como abordamos a prote\u00e7\u00e3o de dados. Para obter informa\u00e7\u00f5es completas e detalhadas, consulte a pol\u00edtica de privacidade aplic\u00e1vel \u00e0 sua regi\u00e3o. <\/p>\t\t\t\t\t\t\t\t<\/div>\n\t\t\t\t<div class=\"elementor-element elementor-element-a786a51 elementor-invisible elementor-widget elementor-widget-heading\" data-id=\"a786a51\" data-element_type=\"widget\" data-e-type=\"widget\" data-settings=\"{&quot;motion_fx_motion_fx_scrolling&quot;:&quot;yes&quot;,&quot;_animation&quot;:&quot;fadeInDown&quot;,&quot;motion_fx_devices&quot;:[&quot;desktop&quot;,&quot;tablet&quot;,&quot;mobile&quot;]}\" data-widget_type=\"heading.default\">\n\t\t\t\t\t<h4 class=\"elementor-heading-title elementor-size-default\">2. Quem somos<\/h4>\t\t\t\t<\/div>\n\t\t\t\t<div class=\"elementor-element elementor-element-82474f9 elementor-widget__width-inherit elementor-widget-mobile__width-initial elementor-widget elementor-widget-text-editor\" data-id=\"82474f9\" data-element_type=\"widget\" data-e-type=\"widget\" data-widget_type=\"text-editor.default\">\n\t\t\t\t\t\t\t\t\t<p>KEU HOME \u00e9 a marca comercial de:<\/p><p>Dise\u00f1o Formas y L\u00edneas S.L.<\/p><p>VAT ID: B42614230<\/p><p>Endere\u00e7o registado: Calle Antonio T\u00e0pies, 29, 3\u00ba1\u00aa, Espanha<\/p><p>Email: <a href=\"mailto:keu@keu.es\"><strong><span style=\"text-decoration: underline;\">keu@keu.es<\/span><\/strong><\/a><\/p><p>Telefone: +34 613 630 795<\/p>\t\t\t\t\t\t\t\t<\/div>\n\t\t\t\t<div class=\"elementor-element elementor-element-c68b95c elementor-invisible elementor-widget elementor-widget-heading\" data-id=\"c68b95c\" data-element_type=\"widget\" data-e-type=\"widget\" data-settings=\"{&quot;motion_fx_motion_fx_scrolling&quot;:&quot;yes&quot;,&quot;_animation&quot;:&quot;fadeInDown&quot;,&quot;motion_fx_devices&quot;:[&quot;desktop&quot;,&quot;tablet&quot;,&quot;mobile&quot;]}\" data-widget_type=\"heading.default\">\n\t\t\t\t\t<h4 class=\"elementor-heading-title elementor-size-default\">3. Que dados recolhemos<\/h4>\t\t\t\t<\/div>\n\t\t\t\t<div class=\"elementor-element elementor-element-1a469eb elementor-widget__width-inherit elementor-widget-mobile__width-initial elementor-widget elementor-widget-text-editor\" data-id=\"1a469eb\" data-element_type=\"widget\" data-e-type=\"widget\" data-widget_type=\"text-editor.default\">\n\t\t\t\t\t\t\t\t\t<p>Poderemos recolher e tratar os seguintes tipos de dados pessoais:<\/p><ul><li>Nome completo<\/li><li>Endere\u00e7o de e-mail<\/li><li>N\u00famero de telefone\/WhatsApp<\/li><li>Informa\u00e7\u00f5es relacionadas com o seu projeto ou consulta<\/li><li>Dados t\u00e9cnicos (endere\u00e7o IP, browser, dispositivo, etc.)<\/li><\/ul>\t\t\t\t\t\t\t\t<\/div>\n\t\t\t\t<div class=\"elementor-element elementor-element-515efb1 elementor-invisible elementor-widget elementor-widget-heading\" data-id=\"515efb1\" data-element_type=\"widget\" data-e-type=\"widget\" data-settings=\"{&quot;motion_fx_motion_fx_scrolling&quot;:&quot;yes&quot;,&quot;_animation&quot;:&quot;fadeInDown&quot;,&quot;motion_fx_devices&quot;:[&quot;desktop&quot;,&quot;tablet&quot;,&quot;mobile&quot;]}\" data-widget_type=\"heading.default\">\n\t\t\t\t\t<h4 class=\"elementor-heading-title elementor-size-default\">4. Como recolhemos os seus dados<\/h4>\t\t\t\t<\/div>\n\t\t\t\t<div class=\"elementor-element elementor-element-76eaa87 elementor-widget__width-inherit elementor-widget-mobile__width-initial elementor-widget elementor-widget-text-editor\" data-id=\"76eaa87\" data-element_type=\"widget\" data-e-type=\"widget\" data-widget_type=\"text-editor.default\">\n\t\t\t\t\t\t\t\t\t<p>Recolhemos os seus dados atrav\u00e9s de:<\/p><ul><li>Formul\u00e1rios de contacto no nosso site<\/li><li>Pedidos de informa\u00e7\u00e3o ou cat\u00e1logos<\/li><li>Comunica\u00e7\u00e3o direta (por exemplo, WhatsApp)<\/li><li>Cookies e ferramentas anal\u00edticas<\/li><\/ul>\t\t\t\t\t\t\t\t<\/div>\n\t\t\t\t<div class=\"elementor-element elementor-element-3a364a3 elementor-invisible elementor-widget elementor-widget-heading\" data-id=\"3a364a3\" data-element_type=\"widget\" data-e-type=\"widget\" data-settings=\"{&quot;motion_fx_motion_fx_scrolling&quot;:&quot;yes&quot;,&quot;_animation&quot;:&quot;fadeInDown&quot;,&quot;motion_fx_devices&quot;:[&quot;desktop&quot;,&quot;tablet&quot;,&quot;mobile&quot;]}\" data-widget_type=\"heading.default\">\n\t\t\t\t\t<h4 class=\"elementor-heading-title elementor-size-default\">5. Por que raz\u00e3o utilizamos os seus dados<\/h4>\t\t\t\t<\/div>\n\t\t\t\t<div class=\"elementor-element elementor-element-925da7b elementor-widget__width-inherit elementor-widget-mobile__width-initial elementor-widget elementor-widget-text-editor\" data-id=\"925da7b\" data-element_type=\"widget\" data-e-type=\"widget\" data-widget_type=\"text-editor.default\">\n\t\t\t\t\t\t\t\t\t<p>Os seus dados s\u00e3o utilizados para:<\/p><ul><li>Responda \u00e0s suas quest\u00f5es<\/li><li>Fornecer informa\u00e7\u00f5es personalizadas sobre os nossos produtos e servi\u00e7os<\/li><li>Melhorar o nosso site e a experi\u00eancia do utilizador<\/li><li>Gerir comunica\u00e7\u00f5es comerciais<\/li><\/ul>\t\t\t\t\t\t\t\t<\/div>\n\t\t\t\t<div class=\"elementor-element elementor-element-711b41b elementor-invisible elementor-widget elementor-widget-heading\" data-id=\"711b41b\" data-element_type=\"widget\" data-e-type=\"widget\" data-settings=\"{&quot;motion_fx_motion_fx_scrolling&quot;:&quot;yes&quot;,&quot;_animation&quot;:&quot;fadeInDown&quot;,&quot;motion_fx_devices&quot;:[&quot;desktop&quot;,&quot;tablet&quot;,&quot;mobile&quot;]}\" data-widget_type=\"heading.default\">\n\t\t\t\t\t<h4 class=\"elementor-heading-title elementor-size-default\">6. Aplica\u00e7\u00e3o regional das leis de privacidade<\/h4>\t\t\t\t<\/div>\n\t\t\t\t<div class=\"elementor-element elementor-element-e188480 elementor-widget__width-inherit elementor-widget-mobile__width-initial elementor-widget elementor-widget-text-editor\" data-id=\"e188480\" data-element_type=\"widget\" data-e-type=\"widget\" data-widget_type=\"text-editor.default\">\n\t\t\t\t\t\t\t\t\t<p>Os regulamentos de prote\u00e7\u00e3o de dados variam consoante a sua localiza\u00e7\u00e3o. A KEU HOME aplica a estrutura jur\u00eddica adequada com base na sua regi\u00e3o. <\/p><p>Para aceder a todos os detalhes de como s\u00e3o tratados os seus dados pessoais, selecione a sua regi\u00e3o abaixo:<\/p>\t\t\t\t\t\t\t\t<\/div>\n\t\t\t\t<div class=\"elementor-element elementor-element-ec2d9ef elementor-invisible elementor-widget elementor-widget-heading\" data-id=\"ec2d9ef\" data-element_type=\"widget\" data-e-type=\"widget\" data-settings=\"{&quot;motion_fx_motion_fx_scrolling&quot;:&quot;yes&quot;,&quot;_animation&quot;:&quot;fadeInDown&quot;,&quot;motion_fx_devices&quot;:[&quot;desktop&quot;,&quot;tablet&quot;,&quot;mobile&quot;]}\" data-widget_type=\"heading.default\">\n\t\t\t\t\t<h4 class=\"elementor-heading-title elementor-size-default\">7. Selecione a sua regi\u00e3o<\/h4>\t\t\t\t<\/div>\n\t\t\t\t<div class=\"elementor-element elementor-element-0d86660 elementor-widget__width-inherit elementor-widget-mobile__width-initial elementor-widget elementor-widget-text-editor\" data-id=\"0d86660\" data-element_type=\"widget\" data-e-type=\"widget\" data-widget_type=\"text-editor.default\">\n\t\t\t\t\t\t\t\t\t<p>Escolha a regi\u00e3o que se aplica a si:<\/p><ul><li><p><strong>Europa (RGPD)<\/strong><\/p><p>Aplica-se a utilizadores localizados em Espanha, Alemanha, Fran\u00e7a, Portugal e outros pa\u00edses da UE.<\/p><p><a href=\"https:\/\/keu.es\/pt-pt\/politica-de-privacidade-e-protecao-de-dados-europa\/\"><span style=\"text-decoration: underline;\">Consulte a Pol\u00edtica de Privacidade para a Europa<\/span><\/a><\/p><\/li><li><p><strong>Cara\u00edbas\/Porto Rico<\/strong><\/p><p>Aplica-se a utilizadores localizados nas regi\u00f5es de Porto Rico e Cara\u00edbas.<\/p><p><a href=\"https:\/\/keu.es\/pt-pt\/politica-de-privacidade-e-protecao-de-dados-caribe\/\"><span style=\"text-decoration: underline;\">Consulte a Pol\u00edtica de Privacidade do Caribe<\/span><\/a><\/p><\/li><li><p><strong>Canad\u00e1<\/strong><\/p><p>Aplica-se a utilizadores localizados no Canad\u00e1.<\/p><p><a href=\"https:\/\/keu.es\/pt-pt\/politica-de-privacidade-e-protecao-de-dados-canada\/\"><span style=\"text-decoration: underline;\">Consulte a Pol\u00edtica de Privacidade do Canad\u00e1<\/span><\/a><\/p><\/li><\/ul>\t\t\t\t\t\t\t\t<\/div>\n\t\t\t\t<div class=\"elementor-element elementor-element-f0c8662 elementor-invisible elementor-widget elementor-widget-heading\" data-id=\"f0c8662\" data-element_type=\"widget\" data-e-type=\"widget\" data-settings=\"{&quot;motion_fx_motion_fx_scrolling&quot;:&quot;yes&quot;,&quot;_animation&quot;:&quot;fadeInDown&quot;,&quot;motion_fx_devices&quot;:[&quot;desktop&quot;,&quot;tablet&quot;,&quot;mobile&quot;]}\" data-widget_type=\"heading.default\">\n\t\t\t\t\t<h4 class=\"elementor-heading-title elementor-size-default\">8. Aviso importante<\/h4>\t\t\t\t<\/div>\n\t\t\t\t<div class=\"elementor-element elementor-element-fe14040 elementor-widget__width-inherit elementor-widget-mobile__width-initial elementor-widget elementor-widget-text-editor\" data-id=\"fe14040\" data-element_type=\"widget\" data-e-type=\"widget\" data-widget_type=\"text-editor.default\">\n\t\t\t\t\t\t\t\t\t<p>As informa\u00e7\u00f5es fornecidas nesta p\u00e1gina s\u00e3o uma vis\u00e3o geral.<\/p><p>Para obter todos os detalhes legais relativos ao tratamento dos seus dados pessoais, incluindo os seus direitos e regulamentos aplic\u00e1veis, dever\u00e1 consultar a pol\u00edtica de privacidade correspondente \u00e0 sua regi\u00e3o.<\/p>\t\t\t\t\t\t\t\t<\/div>\n\t\t\t\t<div class=\"elementor-element elementor-element-15f7ec3 elementor-invisible elementor-widget elementor-widget-heading\" data-id=\"15f7ec3\" data-element_type=\"widget\" data-e-type=\"widget\" data-settings=\"{&quot;motion_fx_motion_fx_scrolling&quot;:&quot;yes&quot;,&quot;_animation&quot;:&quot;fadeInDown&quot;,&quot;motion_fx_devices&quot;:[&quot;desktop&quot;,&quot;tablet&quot;,&quot;mobile&quot;]}\" data-widget_type=\"heading.default\">\n\t\t\t\t\t<h4 class=\"elementor-heading-title elementor-size-default\">9. Contato<\/h4>\t\t\t\t<\/div>\n\t\t\t\t<div class=\"elementor-element elementor-element-bee422a elementor-widget__width-inherit elementor-widget-mobile__width-initial elementor-widget elementor-widget-text-editor\" data-id=\"bee422a\" data-element_type=\"widget\" data-e-type=\"widget\" data-widget_type=\"text-editor.default\">\n\t\t\t\t\t\t\t\t\t<p>Se tiver alguma d\u00favida sobre esta Pol\u00edtica de Privacidade ou sobre a forma como os seus dados s\u00e3o tratados, poder\u00e1 contactar-nos atrav\u00e9s de:<\/p><p><a href=\"mailto:keu@keu.es\"><span style=\"text-decoration: underline;\"><strong>keu@keu.es<\/strong><\/span><\/a><\/p>\t\t\t\t\t\t\t\t<\/div>\n\t\t\t\t<div class=\"elementor-element elementor-element-5c0414c elementor-align-center elementor-widget elementor-widget-button\" data-id=\"5c0414c\" data-element_type=\"widget\" data-e-type=\"widget\" data-widget_type=\"button.default\">\n\t\t\t\t\t\t\t\t\t\t<a class=\"elementor-button elementor-button-link elementor-size-sm\" href=\"https:\/\/keu.es\/pt-pt\/\">\n\t\t\t\t\t\t<span class=\"elementor-button-content-wrapper\">\n\t\t\t\t\t\t\t\t\t<span class=\"elementor-button-text\">VOLTAR \u00c0 P\u00c1GINA INICIAL<\/span>\n\t\t\t\t\t<\/span>\n\t\t\t\t\t<\/a>\n\t\t\t\t\t\t\t\t<\/div>\n\t\t\t\t<\/div>\n\t\t\t\t\t<\/div>\n\t\t\t\t<\/div>\n\t\t\t\t<\/div>\n\t\t","protected":false},"excerpt":{"rendered":"<p>Privacidade ePol\u00edtica de Prote\u00e7\u00e3o de Dados VOLTAR \u00c0 P\u00c1GINA INICIAL 1. Introdu\u00e7\u00e3o Na KEU HOME, estamos empenhados em proteger a sua privacidade e em garantir que os seus dados pessoais s\u00e3o tratados de forma legal, justa e transparente. Sendo uma empresa internacional que opera em diferentes regi\u00f5es, os regulamentos de prote\u00e7\u00e3o de dados podem variar [&hellip;]<\/p>\n","protected":false},"author":19,"featured_media":0,"parent":0,"menu_order":0,"comment_status":"closed","ping_status":"closed","template":"elementor_header_footer","meta":{"_acf_changed":false,"content-type":"","footnotes":""},"class_list":["post-27240","page","type-page","status-publish","hentry"],"acf":[],"_links":{"self":[{"href":"https:\/\/keu.es\/pt-pt\/wp-json\/wp\/v2\/pages\/27240","targetHints":{"allow":["GET"]}}],"collection":[{"href":"https:\/\/keu.es\/pt-pt\/wp-json\/wp\/v2\/pages"}],"about":[{"href":"https:\/\/keu.es\/pt-pt\/wp-json\/wp\/v2\/types\/page"}],"author":[{"embeddable":true,"href":"https:\/\/keu.es\/pt-pt\/wp-json\/wp\/v2\/users\/19"}],"replies":[{"embeddable":true,"href":"https:\/\/keu.es\/pt-pt\/wp-json\/wp\/v2\/comments?post=27240"}],"version-history":[{"count":4,"href":"https:\/\/keu.es\/pt-pt\/wp-json\/wp\/v2\/pages\/27240\/revisions"}],"predecessor-version":[{"id":27250,"href":"https:\/\/keu.es\/pt-pt\/wp-json\/wp\/v2\/pages\/27240\/revisions\/27250"}],"wp:attachment":[{"href":"https:\/\/keu.es\/pt-pt\/wp-json\/wp\/v2\/media?parent=27240"}],"curies":[{"name":"wp","href":"https:\/\/api.w.org\/{rel}","templated":true}]}}