{"id":27242,"date":"2025-06-04T05:01:31","date_gmt":"2025-06-04T05:01:31","guid":{"rendered":"https:\/\/keu.es\/politica-de-privacidade-e-protecao-de-dados-canada\/"},"modified":"2026-05-04T12:41:48","modified_gmt":"2026-05-04T12:41:48","slug":"politica-de-privacidade-e-protecao-de-dados-canada","status":"publish","type":"page","link":"https:\/\/keu.es\/pt-pt\/politica-de-privacidade-e-protecao-de-dados-canada\/","title":{"rendered":"Pol\u00edtica de Privacidade e Prote\u00e7\u00e3o de Dados Canad\u00e1"},"content":{"rendered":"\t\t<div data-elementor-type=\"wp-page\" data-elementor-id=\"27242\" class=\"elementor elementor-27242 elementor-14218\" data-elementor-post-type=\"page\">\n\t\t\t\t<div class=\"elementor-element elementor-element-fb17e8a e-flex e-con-boxed e-con e-parent\" data-id=\"fb17e8a\" data-element_type=\"container\" data-e-type=\"container\" data-settings=\"{&quot;background_background&quot;:&quot;classic&quot;}\">\n\t\t\t\t\t<div class=\"e-con-inner\">\n\t\t<div class=\"elementor-element elementor-element-d02578a e-con-full elementor-hidden-tablet elementor-hidden-mobile e-flex e-con e-child\" data-id=\"d02578a\" data-element_type=\"container\" data-e-type=\"container\">\n\t\t\t\t<div class=\"elementor-element elementor-element-f71a7ed elementor-widget elementor-widget-image\" data-id=\"f71a7ed\" data-element_type=\"widget\" data-e-type=\"widget\" data-widget_type=\"image.default\">\n\t\t\t\t\t\t\t\t\t\t\t\t\t\t\t<img fetchpriority=\"high\" decoding=\"async\" width=\"493\" height=\"197\" src=\"https:\/\/keu.es\/wp-content\/uploads\/2025\/02\/keu-logo-white-e1656493617765.png\" class=\"attachment-full size-full wp-image-8700\" alt=\"KEU Logo\" srcset=\"https:\/\/keu.es\/wp-content\/uploads\/2025\/02\/keu-logo-white-e1656493617765.png 493w, https:\/\/keu.es\/wp-content\/uploads\/2025\/02\/keu-logo-white-e1656493617765-300x120.png 300w\" sizes=\"(max-width: 493px) 100vw, 493px\" \/>\t\t\t\t\t\t\t\t\t\t\t\t\t\t\t<\/div>\n\t\t\t\t<\/div>\n\t\t<div class=\"elementor-element elementor-element-44c8206 e-con-full e-flex e-con e-child\" data-id=\"44c8206\" data-element_type=\"container\" data-e-type=\"container\" data-settings=\"{&quot;background_background&quot;:&quot;classic&quot;}\">\n\t\t\t\t<div class=\"elementor-element elementor-element-05fadf6 elementor-widget elementor-widget-heading\" data-id=\"05fadf6\" data-element_type=\"widget\" data-e-type=\"widget\" data-settings=\"{&quot;motion_fx_motion_fx_scrolling&quot;:&quot;yes&quot;,&quot;motion_fx_devices&quot;:[&quot;desktop&quot;,&quot;tablet&quot;,&quot;mobile&quot;]}\" data-widget_type=\"heading.default\">\n\t\t\t\t\t<h2 class=\"elementor-heading-title elementor-size-default\">Privacidade e<br \/>Pol\u00edtica de Prote\u00e7\u00e3o de Dados<\/h2>\t\t\t\t<\/div>\n\t\t\t\t<div class=\"elementor-element elementor-element-9d02679 elementor-align-center elementor-widget elementor-widget-button\" data-id=\"9d02679\" data-element_type=\"widget\" data-e-type=\"widget\" data-widget_type=\"button.default\">\n\t\t\t\t\t\t\t\t\t\t<a class=\"elementor-button elementor-button-link elementor-size-sm\" href=\"https:\/\/keu.es\/pt-pt\/\">\n\t\t\t\t\t\t<span class=\"elementor-button-content-wrapper\">\n\t\t\t\t\t\t\t\t\t<span class=\"elementor-button-text\">VOLTAR \u00c0 P\u00c1GINA INICIAL<\/span>\n\t\t\t\t\t<\/span>\n\t\t\t\t\t<\/a>\n\t\t\t\t\t\t\t\t<\/div>\n\t\t\t\t<div class=\"elementor-element elementor-element-c565a90 elementor-invisible elementor-widget elementor-widget-heading\" data-id=\"c565a90\" data-element_type=\"widget\" data-e-type=\"widget\" data-settings=\"{&quot;motion_fx_motion_fx_scrolling&quot;:&quot;yes&quot;,&quot;_animation&quot;:&quot;fadeInDown&quot;,&quot;motion_fx_devices&quot;:[&quot;desktop&quot;,&quot;tablet&quot;,&quot;mobile&quot;]}\" data-widget_type=\"heading.default\">\n\t\t\t\t\t<h4 class=\"elementor-heading-title elementor-size-default\">1. Informa\u00e7\u00f5es gerais<\/h4>\t\t\t\t<\/div>\n\t\t\t\t<div class=\"elementor-element elementor-element-e844365 elementor-widget__width-inherit elementor-widget-mobile__width-initial elementor-widget elementor-widget-text-editor\" data-id=\"e844365\" data-element_type=\"widget\" data-e-type=\"widget\" data-widget_type=\"text-editor.default\">\n\t\t\t\t\t\t\t\t\t<p>Esta Pol\u00edtica de Privacidade explica como a KEU HOME recolhe, utiliza e protege informa\u00e7\u00f5es pessoais de utilizadores localizados no Canad\u00e1, de acordo com a Lei de Prote\u00e7\u00e3o de Informa\u00e7\u00f5es Pessoais e Documentos Eletr\u00f3nicos (PIPEDA).<\/p><p>A Dise\u00f1o Formas y L\u00edneas S.L., detentora da marca comercial KEU HOME, compromete-se a tratar a informa\u00e7\u00e3o pessoal de forma transparente, segura e respons\u00e1vel.<\/p>\t\t\t\t\t\t\t\t<\/div>\n\t\t\t\t<div class=\"elementor-element elementor-element-a786a51 elementor-invisible elementor-widget elementor-widget-heading\" data-id=\"a786a51\" data-element_type=\"widget\" data-e-type=\"widget\" data-settings=\"{&quot;motion_fx_motion_fx_scrolling&quot;:&quot;yes&quot;,&quot;_animation&quot;:&quot;fadeInDown&quot;,&quot;motion_fx_devices&quot;:[&quot;desktop&quot;,&quot;tablet&quot;,&quot;mobile&quot;]}\" data-widget_type=\"heading.default\">\n\t\t\t\t\t<h4 class=\"elementor-heading-title elementor-size-default\">2. Controlador de dados<\/h4>\t\t\t\t<\/div>\n\t\t\t\t<div class=\"elementor-element elementor-element-82474f9 elementor-widget__width-inherit elementor-widget-mobile__width-initial elementor-widget elementor-widget-text-editor\" data-id=\"82474f9\" data-element_type=\"widget\" data-e-type=\"widget\" data-widget_type=\"text-editor.default\">\n\t\t\t\t\t\t\t\t\t<p>Nome da empresa: Dise\u00f1o Formas y L\u00edneas S.L.<br\/>VAT ID: B42614230<br\/>Endere\u00e7o registado: Calle Antonio T\u00e0pies, 29, 3\u00ba1\u00aa, Spain<br\/>Email: <a href=\"mailto:keu@keu.es\"><span style=\"text-decoration: underline;\"><strong>keu@keu.es<\/strong><\/span><\/a><br\/>N\u00famero de telefone: +34 613 630 795<\/p>\t\t\t\t\t\t\t\t<\/div>\n\t\t\t\t<div class=\"elementor-element elementor-element-c68b95c elementor-invisible elementor-widget elementor-widget-heading\" data-id=\"c68b95c\" data-element_type=\"widget\" data-e-type=\"widget\" data-settings=\"{&quot;motion_fx_motion_fx_scrolling&quot;:&quot;yes&quot;,&quot;_animation&quot;:&quot;fadeInDown&quot;,&quot;motion_fx_devices&quot;:[&quot;desktop&quot;,&quot;tablet&quot;,&quot;mobile&quot;]}\" data-widget_type=\"heading.default\">\n\t\t\t\t\t<h4 class=\"elementor-heading-title elementor-size-default\">3. Informa\u00e7\u00f5es pessoais que recolhemos<\/h4>\t\t\t\t<\/div>\n\t\t\t\t<div class=\"elementor-element elementor-element-1a469eb elementor-widget__width-inherit elementor-widget-mobile__width-initial elementor-widget elementor-widget-text-editor\" data-id=\"1a469eb\" data-element_type=\"widget\" data-e-type=\"widget\" data-widget_type=\"text-editor.default\">\n\t\t\t\t\t\t\t\t\t<p>Podemos recolher as seguintes informa\u00e7\u00f5es pessoais:<\/p><ul><li>Nome completo<\/li><li>Endere\u00e7o de e-mail<\/li><li>N\u00famero de telefone\/WhatsApp<\/li><li>Informa\u00e7\u00f5es relacionadas com a sua consulta ou projeto<\/li><li>Dados t\u00e9cnicos (endere\u00e7o IP, browser, dispositivo, sistema operativo)<\/li><\/ul>\t\t\t\t\t\t\t\t<\/div>\n\t\t\t\t<div class=\"elementor-element elementor-element-515efb1 elementor-invisible elementor-widget elementor-widget-heading\" data-id=\"515efb1\" data-element_type=\"widget\" data-e-type=\"widget\" data-settings=\"{&quot;motion_fx_motion_fx_scrolling&quot;:&quot;yes&quot;,&quot;_animation&quot;:&quot;fadeInDown&quot;,&quot;motion_fx_devices&quot;:[&quot;desktop&quot;,&quot;tablet&quot;,&quot;mobile&quot;]}\" data-widget_type=\"heading.default\">\n\t\t\t\t\t<h4 class=\"elementor-heading-title elementor-size-default\">4. Como recolhemos as suas informa\u00e7\u00f5es<\/h4>\t\t\t\t<\/div>\n\t\t\t\t<div class=\"elementor-element elementor-element-76eaa87 elementor-widget__width-inherit elementor-widget-mobile__width-initial elementor-widget elementor-widget-text-editor\" data-id=\"76eaa87\" data-element_type=\"widget\" data-e-type=\"widget\" data-widget_type=\"text-editor.default\">\n\t\t\t\t\t\t\t\t\t<p>Recolhemos as suas informa\u00e7\u00f5es:<\/p><ul><li>Quando preenche um formul\u00e1rio de contacto ou solicita informa\u00e7\u00f5es<\/li><li>Quando comunica connosco via WhatsApp ou outros canais<\/li><li>Automaticamente atrav\u00e9s de cookies e ferramentas anal\u00edticas (por exemplo, Google Analytics, Meta Pixel)<\/li><\/ul>\t\t\t\t\t\t\t\t<\/div>\n\t\t\t\t<div class=\"elementor-element elementor-element-3a364a3 elementor-invisible elementor-widget elementor-widget-heading\" data-id=\"3a364a3\" data-element_type=\"widget\" data-e-type=\"widget\" data-settings=\"{&quot;motion_fx_motion_fx_scrolling&quot;:&quot;yes&quot;,&quot;_animation&quot;:&quot;fadeInDown&quot;,&quot;motion_fx_devices&quot;:[&quot;desktop&quot;,&quot;tablet&quot;,&quot;mobile&quot;]}\" data-widget_type=\"heading.default\">\n\t\t\t\t\t<h4 class=\"elementor-heading-title elementor-size-default\">5. Finalidade da Recolha<\/h4>\t\t\t\t<\/div>\n\t\t\t\t<div class=\"elementor-element elementor-element-925da7b elementor-widget__width-inherit elementor-widget-mobile__width-initial elementor-widget elementor-widget-text-editor\" data-id=\"925da7b\" data-element_type=\"widget\" data-e-type=\"widget\" data-widget_type=\"text-editor.default\">\n\t\t\t\t\t\t\t\t\t<p>As suas informa\u00e7\u00f5es pessoais s\u00e3o recolhidas e utilizadas para os seguintes fins:<\/p><ul><li>Para responder \u00e0s suas d\u00favidas e solicita\u00e7\u00f5es<\/li><li>Para fornecer informa\u00e7\u00f5es sobre os produtos e servi\u00e7os KEU<\/li><li>Para gerir a comunica\u00e7\u00e3o cont\u00ednua<\/li><li>Para enviar comunica\u00e7\u00f5es comerciais (quando \u00e9 dado consentimento)<\/li><li>Para analisar o desempenho do site e melhorar a experi\u00eancia do utilizador<\/li><\/ul>\t\t\t\t\t\t\t\t<\/div>\n\t\t\t\t<div class=\"elementor-element elementor-element-711b41b elementor-invisible elementor-widget elementor-widget-heading\" data-id=\"711b41b\" data-element_type=\"widget\" data-e-type=\"widget\" data-settings=\"{&quot;motion_fx_motion_fx_scrolling&quot;:&quot;yes&quot;,&quot;_animation&quot;:&quot;fadeInDown&quot;,&quot;motion_fx_devices&quot;:[&quot;desktop&quot;,&quot;tablet&quot;,&quot;mobile&quot;]}\" data-widget_type=\"heading.default\">\n\t\t\t\t\t<h4 class=\"elementor-heading-title elementor-size-default\">6. Consentimento<\/h4>\t\t\t\t<\/div>\n\t\t\t\t<div class=\"elementor-element elementor-element-e188480 elementor-widget__width-inherit elementor-widget-mobile__width-initial elementor-widget elementor-widget-text-editor\" data-id=\"e188480\" data-element_type=\"widget\" data-e-type=\"widget\" data-widget_type=\"text-editor.default\">\n\t\t\t\t\t\t\t\t\t<p>De acordo com a lei canadiana (PIPEDA), o seu conhecimento e consentimento s\u00e3o necess\u00e1rios para a recolha, utiliza\u00e7\u00e3o e divulga\u00e7\u00e3o de informa\u00e7\u00f5es pessoais.<\/p><p>Ao enviar as suas informa\u00e7\u00f5es atrav\u00e9s do nosso website ou ao interagir com os nossos servi\u00e7os, concorda com a recolha e utiliza\u00e7\u00e3o das suas informa\u00e7\u00f5es pessoais, conforme descrito nesta pol\u00edtica.<\/p><p>Poder\u00e1 retirar o seu consentimento a qualquer momento, sujeito a restri\u00e7\u00f5es legais ou contratuais.<\/p>\t\t\t\t\t\t\t\t<\/div>\n\t\t\t\t<div class=\"elementor-element elementor-element-ec2d9ef elementor-invisible elementor-widget elementor-widget-heading\" data-id=\"ec2d9ef\" data-element_type=\"widget\" data-e-type=\"widget\" data-settings=\"{&quot;motion_fx_motion_fx_scrolling&quot;:&quot;yes&quot;,&quot;_animation&quot;:&quot;fadeInDown&quot;,&quot;motion_fx_devices&quot;:[&quot;desktop&quot;,&quot;tablet&quot;,&quot;mobile&quot;]}\" data-widget_type=\"heading.default\">\n\t\t\t\t\t<h4 class=\"elementor-heading-title elementor-size-default\">7. Reten\u00e7\u00e3o de dados<\/h4>\t\t\t\t<\/div>\n\t\t\t\t<div class=\"elementor-element elementor-element-0d86660 elementor-widget__width-inherit elementor-widget-mobile__width-initial elementor-widget elementor-widget-text-editor\" data-id=\"0d86660\" data-element_type=\"widget\" data-e-type=\"widget\" data-widget_type=\"text-editor.default\">\n\t\t\t\t\t\t\t\t\t<p>Retemos as suas informa\u00e7\u00f5es pessoais:<\/p><ul><li>Pelo tempo necess\u00e1rio para cumprir os fins descritos nesta pol\u00edtica<\/li><li>Durante qualquer relacionamento cont\u00ednuo<\/li><li>Ou at\u00e9 que solicite a exclus\u00e3o, sujeito a obriga\u00e7\u00f5es legais<\/li><\/ul>\t\t\t\t\t\t\t\t<\/div>\n\t\t\t\t<div class=\"elementor-element elementor-element-f0c8662 elementor-invisible elementor-widget elementor-widget-heading\" data-id=\"f0c8662\" data-element_type=\"widget\" data-e-type=\"widget\" data-settings=\"{&quot;motion_fx_motion_fx_scrolling&quot;:&quot;yes&quot;,&quot;_animation&quot;:&quot;fadeInDown&quot;,&quot;motion_fx_devices&quot;:[&quot;desktop&quot;,&quot;tablet&quot;,&quot;mobile&quot;]}\" data-widget_type=\"heading.default\">\n\t\t\t\t\t<h4 class=\"elementor-heading-title elementor-size-default\">8. Divulga\u00e7\u00e3o de informa\u00e7\u00e3o<\/h4>\t\t\t\t<\/div>\n\t\t\t\t<div class=\"elementor-element elementor-element-fe14040 elementor-widget__width-inherit elementor-widget-mobile__width-initial elementor-widget elementor-widget-text-editor\" data-id=\"fe14040\" data-element_type=\"widget\" data-e-type=\"widget\" data-widget_type=\"text-editor.default\">\n\t\t\t\t\t\t\t\t\t<p>Podemos partilhar as suas informa\u00e7\u00f5es com:<\/p><ul><li>Prestadores de servi\u00e7os (alojamento, CRM, an\u00e1lises, plataformas de marketing)<\/li><li>Parceiros tecnol\u00f3gicos (por exemplo, Google, Meta, ferramentas de comunica\u00e7\u00e3o)<\/li><\/ul><p>Todos os terceiros s\u00e3o obrigados a proteger as suas informa\u00e7\u00f5es e a utiliz\u00e1-las apenas para os fins para os quais foram fornecidas.<\/p>\t\t\t\t\t\t\t\t<\/div>\n\t\t\t\t<div class=\"elementor-element elementor-element-15f7ec3 elementor-invisible elementor-widget elementor-widget-heading\" data-id=\"15f7ec3\" data-element_type=\"widget\" data-e-type=\"widget\" data-settings=\"{&quot;motion_fx_motion_fx_scrolling&quot;:&quot;yes&quot;,&quot;_animation&quot;:&quot;fadeInDown&quot;,&quot;motion_fx_devices&quot;:[&quot;desktop&quot;,&quot;tablet&quot;,&quot;mobile&quot;]}\" data-widget_type=\"heading.default\">\n\t\t\t\t\t<h4 class=\"elementor-heading-title elementor-size-default\">9. Transfer\u00eancias Internacionais de Dados<\/h4>\t\t\t\t<\/div>\n\t\t\t\t<div class=\"elementor-element elementor-element-bee422a elementor-widget__width-inherit elementor-widget-mobile__width-initial elementor-widget elementor-widget-text-editor\" data-id=\"bee422a\" data-element_type=\"widget\" data-e-type=\"widget\" data-widget_type=\"text-editor.default\">\n\t\t\t\t\t\t\t\t\t<p>As suas informa\u00e7\u00f5es podem ser transferidas e processadas fora do Canad\u00e1, incluindo na Uni\u00e3o Europeia ou nos Estados Unidos.<\/p><p>Ao utilizar os nossos servi\u00e7os, reconhece e concorda com tais transfer\u00eancias, compreendendo que as leis de prote\u00e7\u00e3o de dados nestas jurisdi\u00e7\u00f5es podem ser diferentes das do Canad\u00e1.<\/p>\t\t\t\t\t\t\t\t<\/div>\n\t\t\t\t<div class=\"elementor-element elementor-element-4fdc27c elementor-invisible elementor-widget elementor-widget-heading\" data-id=\"4fdc27c\" data-element_type=\"widget\" data-e-type=\"widget\" data-settings=\"{&quot;motion_fx_motion_fx_scrolling&quot;:&quot;yes&quot;,&quot;_animation&quot;:&quot;fadeInDown&quot;,&quot;motion_fx_devices&quot;:[&quot;desktop&quot;,&quot;tablet&quot;,&quot;mobile&quot;]}\" data-widget_type=\"heading.default\">\n\t\t\t\t\t<h4 class=\"elementor-heading-title elementor-size-default\">10. Os seus direitos<\/h4>\t\t\t\t<\/div>\n\t\t\t\t<div class=\"elementor-element elementor-element-3e44419 elementor-widget__width-inherit elementor-widget-mobile__width-initial elementor-widget elementor-widget-text-editor\" data-id=\"3e44419\" data-element_type=\"widget\" data-e-type=\"widget\" data-widget_type=\"text-editor.default\">\n\t\t\t\t\t\t\t\t\t<p>No PIPEDA, tem direito a:<\/p><ul><li>Aceda \u00e0s suas informa\u00e7\u00f5es pessoais<\/li><li>Solicitar corre\u00e7\u00e3o de informa\u00e7\u00e3o imprecisa ou incompleta<\/li><li>Retirar o seu consentimento<\/li><li>Solicite informa\u00e7\u00f5es sobre como os seus dados s\u00e3o utilizados<\/li><\/ul><p>Para exercer os seus direitos, contacte-nos para:<\/p><p><a href=\"mailto:keu@keu.es\"><span style=\"text-decoration: underline;\"><strong>keu@keu.es<\/strong><\/span><\/a><\/p><p>Se n\u00e3o estiver satisfeito com a nossa resposta, pode contactar o Office of the Privacy Commissioner of Canada:<\/p><p><a href=\"https:\/\/www.priv.gc.ca\" target=\"_blank\" rel=\"noopener\"><span style=\"text-decoration: underline;\">https:\/\/www.priv.gc.ca<\/span><\/a><\/p>\t\t\t\t\t\t\t\t<\/div>\n\t\t\t\t<div class=\"elementor-element elementor-element-f9b9331 elementor-invisible elementor-widget elementor-widget-heading\" data-id=\"f9b9331\" data-element_type=\"widget\" data-e-type=\"widget\" data-settings=\"{&quot;motion_fx_motion_fx_scrolling&quot;:&quot;yes&quot;,&quot;_animation&quot;:&quot;fadeInDown&quot;,&quot;motion_fx_devices&quot;:[&quot;desktop&quot;,&quot;tablet&quot;,&quot;mobile&quot;]}\" data-widget_type=\"heading.default\">\n\t\t\t\t\t<h4 class=\"elementor-heading-title elementor-size-default\">11. Seguran\u00e7a de dados<\/h4>\t\t\t\t<\/div>\n\t\t\t\t<div class=\"elementor-element elementor-element-6143354 elementor-widget__width-inherit elementor-widget-mobile__width-initial elementor-widget elementor-widget-text-editor\" data-id=\"6143354\" data-element_type=\"widget\" data-e-type=\"widget\" data-widget_type=\"text-editor.default\">\n\t\t\t\t\t\t\t\t\t<p>Implement\u00e1mos medidas de seguran\u00e7a adequadas para proteger as suas informa\u00e7\u00f5es pessoais contra acesso n\u00e3o autorizado, divulga\u00e7\u00e3o ou utiliza\u00e7\u00e3o indevida.<\/p><p>Este site utiliza encripta\u00e7\u00e3o SSL\/TLS para garantir a transmiss\u00e3o segura de dados.<\/p>\t\t\t\t\t\t\t\t<\/div>\n\t\t\t\t<div class=\"elementor-element elementor-element-1abdab0 elementor-invisible elementor-widget elementor-widget-heading\" data-id=\"1abdab0\" data-element_type=\"widget\" data-e-type=\"widget\" data-settings=\"{&quot;motion_fx_motion_fx_scrolling&quot;:&quot;yes&quot;,&quot;_animation&quot;:&quot;fadeInDown&quot;,&quot;motion_fx_devices&quot;:[&quot;desktop&quot;,&quot;tablet&quot;,&quot;mobile&quot;]}\" data-widget_type=\"heading.default\">\n\t\t\t\t\t<h4 class=\"elementor-heading-title elementor-size-default\">12. Biscoitos<\/h4>\t\t\t\t<\/div>\n\t\t\t\t<div class=\"elementor-element elementor-element-8de5bfe elementor-widget__width-inherit elementor-widget-mobile__width-initial elementor-widget elementor-widget-text-editor\" data-id=\"8de5bfe\" data-element_type=\"widget\" data-e-type=\"widget\" data-widget_type=\"text-editor.default\">\n\t\t\t\t\t\t\t\t\t<p>Utilizamos cookies e tecnologias semelhantes para:<\/p><ul><li>Melhorar a funcionalidade do site<\/li><li>Analise o tr\u00e1fego (Google Analytics)<\/li><li>Fornecer publicidade personalizada (Meta\/Facebook Pixel)<\/li><\/ul><p>Pode gerir as suas prefer\u00eancias de cookies atrav\u00e9s do banner de consentimento ou das defini\u00e7\u00f5es do seu navegador.<\/p>\t\t\t\t\t\t\t\t<\/div>\n\t\t\t\t<div class=\"elementor-element elementor-element-492293b elementor-invisible elementor-widget elementor-widget-heading\" data-id=\"492293b\" data-element_type=\"widget\" data-e-type=\"widget\" data-settings=\"{&quot;motion_fx_motion_fx_scrolling&quot;:&quot;yes&quot;,&quot;_animation&quot;:&quot;fadeInDown&quot;,&quot;motion_fx_devices&quot;:[&quot;desktop&quot;,&quot;tablet&quot;,&quot;mobile&quot;]}\" data-widget_type=\"heading.default\">\n\t\t\t\t\t<h4 class=\"elementor-heading-title elementor-size-default\">13. Ferramentas externas<\/h4>\t\t\t\t<\/div>\n\t\t\t\t<div class=\"elementor-element elementor-element-16e4301 elementor-widget__width-inherit elementor-widget-mobile__width-initial elementor-widget elementor-widget-text-editor\" data-id=\"16e4301\" data-element_type=\"widget\" data-e-type=\"widget\" data-widget_type=\"text-editor.default\">\n\t\t\t\t\t\t\t\t\t<p>We may use third-party services such as:<\/p><ul><li>Google Analytics (Google LLC, EUA)<\/li><li>Meta \/ Facebook Pixel<\/li><li>WhatsApp Business<\/li><li>YouTube (Google LLC)<\/li><li>Ferramentas de CRM (por exemplo, HubSpot ou similar)<\/li><\/ul>\t\t\t\t\t\t\t\t<\/div>\n\t\t\t\t<div class=\"elementor-element elementor-element-97f78c0 elementor-invisible elementor-widget elementor-widget-heading\" data-id=\"97f78c0\" data-element_type=\"widget\" data-e-type=\"widget\" data-settings=\"{&quot;motion_fx_motion_fx_scrolling&quot;:&quot;yes&quot;,&quot;_animation&quot;:&quot;fadeInDown&quot;,&quot;motion_fx_devices&quot;:[&quot;desktop&quot;,&quot;tablet&quot;,&quot;mobile&quot;]}\" data-widget_type=\"heading.default\">\n\t\t\t\t\t<h4 class=\"elementor-heading-title elementor-size-default\">14. Links de terceiros<\/h4>\t\t\t\t<\/div>\n\t\t\t\t<div class=\"elementor-element elementor-element-7036e20 elementor-widget__width-inherit elementor-widget-mobile__width-initial elementor-widget elementor-widget-text-editor\" data-id=\"7036e20\" data-element_type=\"widget\" data-e-type=\"widget\" data-widget_type=\"text-editor.default\">\n\t\t\t\t\t\t\t\t\t<p>O nosso site pode incluir links para sites externos. A KEU HOME n\u00e3o \u00e9 respons\u00e1vel pelo seu conte\u00fado ou pr\u00e1ticas de privacidade. Recomendamos rever as suas pol\u00edticas de privacidade.  <\/p>\t\t\t\t\t\t\t\t<\/div>\n\t\t\t\t<div class=\"elementor-element elementor-element-453d694 elementor-invisible elementor-widget elementor-widget-heading\" data-id=\"453d694\" data-element_type=\"widget\" data-e-type=\"widget\" data-settings=\"{&quot;motion_fx_motion_fx_scrolling&quot;:&quot;yes&quot;,&quot;_animation&quot;:&quot;fadeInDown&quot;,&quot;motion_fx_devices&quot;:[&quot;desktop&quot;,&quot;tablet&quot;,&quot;mobile&quot;]}\" data-widget_type=\"heading.default\">\n\t\t\t\t\t<h4 class=\"elementor-heading-title elementor-size-default\">15. Altera\u00e7\u00f5es \u00e0 presente Pol\u00edtica<\/h4>\t\t\t\t<\/div>\n\t\t\t\t<div class=\"elementor-element elementor-element-d6877f5 elementor-widget__width-inherit elementor-widget-mobile__width-initial elementor-widget elementor-widget-text-editor\" data-id=\"d6877f5\" data-element_type=\"widget\" data-e-type=\"widget\" data-widget_type=\"text-editor.default\">\n\t\t\t\t\t\t\t\t\t<p>Poderemos atualizar esta Pol\u00edtica de Privacidade periodicamente para refletir altera\u00e7\u00f5es nos requisitos legais ou nas opera\u00e7\u00f5es comerciais.<\/p>\t\t\t\t\t\t\t\t<\/div>\n\t\t\t\t<div class=\"elementor-element elementor-element-b2e8873 elementor-invisible elementor-widget elementor-widget-heading\" data-id=\"b2e8873\" data-element_type=\"widget\" data-e-type=\"widget\" data-settings=\"{&quot;motion_fx_motion_fx_scrolling&quot;:&quot;yes&quot;,&quot;_animation&quot;:&quot;fadeInDown&quot;,&quot;motion_fx_devices&quot;:[&quot;desktop&quot;,&quot;tablet&quot;,&quot;mobile&quot;]}\" data-widget_type=\"heading.default\">\n\t\t\t\t\t<h4 class=\"elementor-heading-title elementor-size-default\">16. Contato<\/h4>\t\t\t\t<\/div>\n\t\t\t\t<div class=\"elementor-element elementor-element-fb09e9f elementor-widget__width-inherit elementor-widget-mobile__width-initial elementor-widget elementor-widget-text-editor\" data-id=\"fb09e9f\" data-element_type=\"widget\" data-e-type=\"widget\" data-widget_type=\"text-editor.default\">\n\t\t\t\t\t\t\t\t\t<p>Se tiver alguma d\u00favida sobre esta Pol\u00edtica de Privacidade ou sobre a forma como as suas informa\u00e7\u00f5es pessoais s\u00e3o tratadas, pode contactar-nos atrav\u00e9s do endere\u00e7o:<\/p><p><a href=\"mailto:keu@keu.es\"><span style=\"text-decoration: underline;\"><strong>keu@keu.es<\/strong><\/span><\/a><\/p>\t\t\t\t\t\t\t\t<\/div>\n\t\t\t\t<div class=\"elementor-element elementor-element-5c0414c elementor-align-center elementor-widget elementor-widget-button\" data-id=\"5c0414c\" data-element_type=\"widget\" data-e-type=\"widget\" data-widget_type=\"button.default\">\n\t\t\t\t\t\t\t\t\t\t<a class=\"elementor-button elementor-button-link elementor-size-sm\" href=\"https:\/\/keu.es\/pt-pt\/\">\n\t\t\t\t\t\t<span class=\"elementor-button-content-wrapper\">\n\t\t\t\t\t\t\t\t\t<span class=\"elementor-button-text\">VOLTAR \u00c0 P\u00c1GINA INICIAL<\/span>\n\t\t\t\t\t<\/span>\n\t\t\t\t\t<\/a>\n\t\t\t\t\t\t\t\t<\/div>\n\t\t\t\t<\/div>\n\t\t\t\t\t<\/div>\n\t\t\t\t<\/div>\n\t\t<div class=\"elementor-element elementor-element-2364571 e-con-full e-flex e-con e-parent\" data-id=\"2364571\" data-element_type=\"container\" data-e-type=\"container\" data-settings=\"{&quot;background_background&quot;:&quot;classic&quot;}\">\n\t\t<div class=\"elementor-element elementor-element-7f2384f e-con-full e-flex e-con e-child\" data-id=\"7f2384f\" data-element_type=\"container\" data-e-type=\"container\">\n\t\t\t\t<\/div>\n\t\t<div class=\"elementor-element elementor-element-8545d08 e-con-full e-flex e-con e-child\" data-id=\"8545d08\" data-element_type=\"container\" data-e-type=\"container\">\n\t\t\t\t<div class=\"elementor-element elementor-element-2826442 elementor-widget__width-inherit elementor-widget-mobile__width-initial elementor-widget elementor-widget-text-editor\" data-id=\"2826442\" data-element_type=\"widget\" data-e-type=\"widget\" data-widget_type=\"text-editor.default\">\n\t\t\t\t\t\t\t\t\t<p>Diretor de Vendas &#8211; Este do Canad\u00e1<br\/>Telefone: <a href=\"tel:+14162747474\"><strong style=\"color: #766c50;\">+1 416 274 7474<\/strong><\/a> (Toronto)<\/p>\t\t\t\t\t\t\t\t<\/div>\n\t\t\t\t<\/div>\n\t\t<div class=\"elementor-element elementor-element-ac75720 e-con-full e-flex e-con e-child\" data-id=\"ac75720\" data-element_type=\"container\" data-e-type=\"container\">\n\t\t\t\t<\/div>\n\t\t\t\t<\/div>\n\t\t\t\t<\/div>\n\t\t","protected":false},"excerpt":{"rendered":"<p>Privacidade ePol\u00edtica de Prote\u00e7\u00e3o de Dados VOLTAR \u00c0 P\u00c1GINA INICIAL 1. Informa\u00e7\u00f5es gerais Esta Pol\u00edtica de Privacidade explica como a KEU HOME recolhe, utiliza e protege informa\u00e7\u00f5es pessoais de utilizadores localizados no Canad\u00e1, de acordo com a Lei de Prote\u00e7\u00e3o de Informa\u00e7\u00f5es Pessoais e Documentos Eletr\u00f3nicos (PIPEDA). A Dise\u00f1o Formas y L\u00edneas S.L., detentora da [&hellip;]<\/p>\n","protected":false},"author":19,"featured_media":0,"parent":0,"menu_order":0,"comment_status":"closed","ping_status":"closed","template":"elementor_header_footer","meta":{"_acf_changed":false,"content-type":"","footnotes":""},"class_list":["post-27242","page","type-page","status-publish","hentry"],"acf":[],"_links":{"self":[{"href":"https:\/\/keu.es\/pt-pt\/wp-json\/wp\/v2\/pages\/27242","targetHints":{"allow":["GET"]}}],"collection":[{"href":"https:\/\/keu.es\/pt-pt\/wp-json\/wp\/v2\/pages"}],"about":[{"href":"https:\/\/keu.es\/pt-pt\/wp-json\/wp\/v2\/types\/page"}],"author":[{"embeddable":true,"href":"https:\/\/keu.es\/pt-pt\/wp-json\/wp\/v2\/users\/19"}],"replies":[{"embeddable":true,"href":"https:\/\/keu.es\/pt-pt\/wp-json\/wp\/v2\/comments?post=27242"}],"version-history":[{"count":1,"href":"https:\/\/keu.es\/pt-pt\/wp-json\/wp\/v2\/pages\/27242\/revisions"}],"predecessor-version":[{"id":27243,"href":"https:\/\/keu.es\/pt-pt\/wp-json\/wp\/v2\/pages\/27242\/revisions\/27243"}],"wp:attachment":[{"href":"https:\/\/keu.es\/pt-pt\/wp-json\/wp\/v2\/media?parent=27242"}],"curies":[{"name":"wp","href":"https:\/\/api.w.org\/{rel}","templated":true}]}}