{"id":27245,"date":"2025-06-04T06:27:27","date_gmt":"2025-06-04T06:27:27","guid":{"rendered":"https:\/\/keu.es\/politica-de-privacidade-e-protecao-de-dados-caribe\/"},"modified":"2026-05-04T12:51:01","modified_gmt":"2026-05-04T12:51:01","slug":"politica-de-privacidade-e-protecao-de-dados-caribe","status":"publish","type":"page","link":"https:\/\/keu.es\/pt-pt\/politica-de-privacidade-e-protecao-de-dados-caribe\/","title":{"rendered":"Pol\u00edtica de Privacidade e Prote\u00e7\u00e3o de Dados Caribe"},"content":{"rendered":"\t\t<div data-elementor-type=\"wp-page\" data-elementor-id=\"27245\" class=\"elementor elementor-27245 elementor-14311\" data-elementor-post-type=\"page\">\n\t\t\t\t<div class=\"elementor-element elementor-element-fb17e8a e-flex e-con-boxed e-con e-parent\" data-id=\"fb17e8a\" data-element_type=\"container\" data-e-type=\"container\" data-settings=\"{&quot;background_background&quot;:&quot;classic&quot;}\">\n\t\t\t\t\t<div class=\"e-con-inner\">\n\t\t<div class=\"elementor-element elementor-element-d02578a e-con-full elementor-hidden-tablet elementor-hidden-mobile e-flex e-con e-child\" data-id=\"d02578a\" data-element_type=\"container\" data-e-type=\"container\">\n\t\t\t\t<div class=\"elementor-element elementor-element-f71a7ed elementor-widget elementor-widget-image\" data-id=\"f71a7ed\" data-element_type=\"widget\" data-e-type=\"widget\" data-widget_type=\"image.default\">\n\t\t\t\t\t\t\t\t\t\t\t\t\t\t\t<img fetchpriority=\"high\" decoding=\"async\" width=\"493\" height=\"197\" src=\"https:\/\/keu.es\/wp-content\/uploads\/2025\/02\/keu-logo-white-e1656493617765.png\" class=\"attachment-large size-large wp-image-8700\" alt=\"KEU Logo\" srcset=\"https:\/\/keu.es\/wp-content\/uploads\/2025\/02\/keu-logo-white-e1656493617765.png 493w, https:\/\/keu.es\/wp-content\/uploads\/2025\/02\/keu-logo-white-e1656493617765-300x120.png 300w\" sizes=\"(max-width: 493px) 100vw, 493px\" \/>\t\t\t\t\t\t\t\t\t\t\t\t\t\t\t<\/div>\n\t\t\t\t<\/div>\n\t\t<div class=\"elementor-element elementor-element-44c8206 e-con-full e-flex e-con e-child\" data-id=\"44c8206\" data-element_type=\"container\" data-e-type=\"container\" data-settings=\"{&quot;background_background&quot;:&quot;classic&quot;}\">\n\t\t\t\t<div class=\"elementor-element elementor-element-05fadf6 elementor-widget elementor-widget-heading\" data-id=\"05fadf6\" data-element_type=\"widget\" data-e-type=\"widget\" data-settings=\"{&quot;motion_fx_motion_fx_scrolling&quot;:&quot;yes&quot;,&quot;motion_fx_devices&quot;:[&quot;desktop&quot;,&quot;tablet&quot;,&quot;mobile&quot;]}\" data-widget_type=\"heading.default\">\n\t\t\t\t\t<h2 class=\"elementor-heading-title elementor-size-default\">Privacidade e<br \/>Pol\u00edtica de Prote\u00e7\u00e3o de Dados<\/h2>\t\t\t\t<\/div>\n\t\t\t\t<div class=\"elementor-element elementor-element-9d02679 elementor-align-center elementor-widget elementor-widget-button\" data-id=\"9d02679\" data-element_type=\"widget\" data-e-type=\"widget\" data-widget_type=\"button.default\">\n\t\t\t\t\t\t\t\t\t\t<a class=\"elementor-button elementor-button-link elementor-size-sm\" href=\"https:\/\/keu.es\/pt-pt\/\">\n\t\t\t\t\t\t<span class=\"elementor-button-content-wrapper\">\n\t\t\t\t\t\t\t\t\t<span class=\"elementor-button-text\">VOLTAR \u00c0 P\u00c1GINA INICIAL<\/span>\n\t\t\t\t\t<\/span>\n\t\t\t\t\t<\/a>\n\t\t\t\t\t\t\t\t<\/div>\n\t\t\t\t<div class=\"elementor-element elementor-element-c565a90 elementor-invisible elementor-widget elementor-widget-heading\" data-id=\"c565a90\" data-element_type=\"widget\" data-e-type=\"widget\" data-settings=\"{&quot;motion_fx_motion_fx_scrolling&quot;:&quot;yes&quot;,&quot;_animation&quot;:&quot;fadeInDown&quot;,&quot;motion_fx_devices&quot;:[&quot;desktop&quot;,&quot;tablet&quot;,&quot;mobile&quot;]}\" data-widget_type=\"heading.default\">\n\t\t\t\t\t<h4 class=\"elementor-heading-title elementor-size-default\">1. Informa\u00e7\u00f5es gerais<\/h4>\t\t\t\t<\/div>\n\t\t\t\t<div class=\"elementor-element elementor-element-e844365 elementor-widget__width-inherit elementor-widget-mobile__width-initial elementor-widget elementor-widget-text-editor\" data-id=\"e844365\" data-element_type=\"widget\" data-e-type=\"widget\" data-widget_type=\"text-editor.default\">\n\t\t\t\t\t\t\t\t\t<p>Esta Pol\u00edtica de Privacidade explica como a KEU HOME recolhe, utiliza e protege os dados pessoais de utilizadores localizados na regi\u00e3o das Cara\u00edbas, incluindo Porto Rico.<\/p><p>A Dise\u00f1o Formas y L\u00edneas S.L., detentora da marca comercial KEU HOME, compromete-se a tratar os dados pessoais de forma transparente, segura e respons\u00e1vel.<\/p>\t\t\t\t\t\t\t\t<\/div>\n\t\t\t\t<div class=\"elementor-element elementor-element-a786a51 elementor-invisible elementor-widget elementor-widget-heading\" data-id=\"a786a51\" data-element_type=\"widget\" data-e-type=\"widget\" data-settings=\"{&quot;motion_fx_motion_fx_scrolling&quot;:&quot;yes&quot;,&quot;_animation&quot;:&quot;fadeInDown&quot;,&quot;motion_fx_devices&quot;:[&quot;desktop&quot;,&quot;tablet&quot;,&quot;mobile&quot;]}\" data-widget_type=\"heading.default\">\n\t\t\t\t\t<h4 class=\"elementor-heading-title elementor-size-default\">2. Controlador de dados<\/h4>\t\t\t\t<\/div>\n\t\t\t\t<div class=\"elementor-element elementor-element-82474f9 elementor-widget__width-inherit elementor-widget-mobile__width-initial elementor-widget elementor-widget-text-editor\" data-id=\"82474f9\" data-element_type=\"widget\" data-e-type=\"widget\" data-widget_type=\"text-editor.default\">\n\t\t\t\t\t\t\t\t\t<p>Nome da empresa: Dise\u00f1o Formas y L\u00edneas S.L.<br\/>VAT ID: B42614230<br\/>Endere\u00e7o registado: Calle Antonio T\u00e0pies, 29, 3\u00ba1\u00aa, Spain<br\/>Email: <a href=\"mailto:keu@keu.es\"><strong><span style=\"text-decoration: underline;\">keu@keu.es<\/span><\/strong><\/a><br\/>N\u00famero de telefone: +34 613 630 795<\/p>\t\t\t\t\t\t\t\t<\/div>\n\t\t\t\t<div class=\"elementor-element elementor-element-c68b95c elementor-invisible elementor-widget elementor-widget-heading\" data-id=\"c68b95c\" data-element_type=\"widget\" data-e-type=\"widget\" data-settings=\"{&quot;motion_fx_motion_fx_scrolling&quot;:&quot;yes&quot;,&quot;_animation&quot;:&quot;fadeInDown&quot;,&quot;motion_fx_devices&quot;:[&quot;desktop&quot;,&quot;tablet&quot;,&quot;mobile&quot;]}\" data-widget_type=\"heading.default\">\n\t\t\t\t\t<h4 class=\"elementor-heading-title elementor-size-default\">3. Dados pessoais que recolhemos<\/h4>\t\t\t\t<\/div>\n\t\t\t\t<div class=\"elementor-element elementor-element-1a469eb elementor-widget__width-inherit elementor-widget-mobile__width-initial elementor-widget elementor-widget-text-editor\" data-id=\"1a469eb\" data-element_type=\"widget\" data-e-type=\"widget\" data-widget_type=\"text-editor.default\">\n\t\t\t\t\t\t\t\t\t<p>Poderemos recolher os seguintes dados pessoais:<\/p><ul><li>Nome completo<\/li><li>Endere\u00e7o de e-mail<\/li><li>N\u00famero de telefone\/WhatsApp<\/li><li>Informa\u00e7\u00f5es relacionadas com a sua consulta ou projeto<\/li><li>Dados t\u00e9cnicos (endere\u00e7o IP, browser, dispositivo, sistema operativo)<\/li><\/ul>\t\t\t\t\t\t\t\t<\/div>\n\t\t\t\t<div class=\"elementor-element elementor-element-515efb1 elementor-invisible elementor-widget elementor-widget-heading\" data-id=\"515efb1\" data-element_type=\"widget\" data-e-type=\"widget\" data-settings=\"{&quot;motion_fx_motion_fx_scrolling&quot;:&quot;yes&quot;,&quot;_animation&quot;:&quot;fadeInDown&quot;,&quot;motion_fx_devices&quot;:[&quot;desktop&quot;,&quot;tablet&quot;,&quot;mobile&quot;]}\" data-widget_type=\"heading.default\">\n\t\t\t\t\t<h4 class=\"elementor-heading-title elementor-size-default\">4. Como recolhemos os seus dados<\/h4>\t\t\t\t<\/div>\n\t\t\t\t<div class=\"elementor-element elementor-element-76eaa87 elementor-widget__width-inherit elementor-widget-mobile__width-initial elementor-widget elementor-widget-text-editor\" data-id=\"76eaa87\" data-element_type=\"widget\" data-e-type=\"widget\" data-widget_type=\"text-editor.default\">\n\t\t\t\t\t\t\t\t\t<p>Recolhemos os seus dados:<\/p><ul><li>Quando preenche um formul\u00e1rio de contacto ou solicita informa\u00e7\u00f5es<\/li><li>Quando comunica connosco via WhatsApp ou outros canais<\/li><li>Automaticamente atrav\u00e9s de cookies e ferramentas anal\u00edticas (por exemplo, Google Analytics, Meta Pixel)<\/li><\/ul>\t\t\t\t\t\t\t\t<\/div>\n\t\t\t\t<div class=\"elementor-element elementor-element-3a364a3 elementor-invisible elementor-widget elementor-widget-heading\" data-id=\"3a364a3\" data-element_type=\"widget\" data-e-type=\"widget\" data-settings=\"{&quot;motion_fx_motion_fx_scrolling&quot;:&quot;yes&quot;,&quot;_animation&quot;:&quot;fadeInDown&quot;,&quot;motion_fx_devices&quot;:[&quot;desktop&quot;,&quot;tablet&quot;,&quot;mobile&quot;]}\" data-widget_type=\"heading.default\">\n\t\t\t\t\t<h4 class=\"elementor-heading-title elementor-size-default\">5. Finalidade do Tratamento de Dados<\/h4>\t\t\t\t<\/div>\n\t\t\t\t<div class=\"elementor-element elementor-element-925da7b elementor-widget__width-inherit elementor-widget-mobile__width-initial elementor-widget elementor-widget-text-editor\" data-id=\"925da7b\" data-element_type=\"widget\" data-e-type=\"widget\" data-widget_type=\"text-editor.default\">\n\t\t\t\t\t\t\t\t\t<p>Os seus dados s\u00e3o utilizados para:<\/p><ul><li>Responda \u00e0s suas d\u00favidas e solicita\u00e7\u00f5es<\/li><li>Fornecer informa\u00e7\u00f5es sobre os produtos e servi\u00e7os KEU<\/li><li>Mantenha a comunica\u00e7\u00e3o consigo<\/li><li>Enviar comunica\u00e7\u00f5es comerciais (quando aplic\u00e1vel)<\/li><li>Melhorar o nosso site e a experi\u00eancia do utilizador<\/li><\/ul>\t\t\t\t\t\t\t\t<\/div>\n\t\t\t\t<div class=\"elementor-element elementor-element-711b41b elementor-invisible elementor-widget elementor-widget-heading\" data-id=\"711b41b\" data-element_type=\"widget\" data-e-type=\"widget\" data-settings=\"{&quot;motion_fx_motion_fx_scrolling&quot;:&quot;yes&quot;,&quot;_animation&quot;:&quot;fadeInDown&quot;,&quot;motion_fx_devices&quot;:[&quot;desktop&quot;,&quot;tablet&quot;,&quot;mobile&quot;]}\" data-widget_type=\"heading.default\">\n\t\t\t\t\t<h4 class=\"elementor-heading-title elementor-size-default\">6. Base Jur\u00eddica<\/h4>\t\t\t\t<\/div>\n\t\t\t\t<div class=\"elementor-element elementor-element-e188480 elementor-widget__width-inherit elementor-widget-mobile__width-initial elementor-widget elementor-widget-text-editor\" data-id=\"e188480\" data-element_type=\"widget\" data-e-type=\"widget\" data-widget_type=\"text-editor.default\">\n\t\t\t\t\t\t\t\t\t<p>Ao utilizar o nosso website e ao enviar os seus dados pessoais, concorda com a recolha e utiliza\u00e7\u00e3o das suas informa\u00e7\u00f5es conforme descrito nesta Pol\u00edtica de Privacidade.<\/p>\t\t\t\t\t\t\t\t<\/div>\n\t\t\t\t<div class=\"elementor-element elementor-element-ec2d9ef elementor-invisible elementor-widget elementor-widget-heading\" data-id=\"ec2d9ef\" data-element_type=\"widget\" data-e-type=\"widget\" data-settings=\"{&quot;motion_fx_motion_fx_scrolling&quot;:&quot;yes&quot;,&quot;_animation&quot;:&quot;fadeInDown&quot;,&quot;motion_fx_devices&quot;:[&quot;desktop&quot;,&quot;tablet&quot;,&quot;mobile&quot;]}\" data-widget_type=\"heading.default\">\n\t\t\t\t\t<h4 class=\"elementor-heading-title elementor-size-default\">7. Reten\u00e7\u00e3o de dados<\/h4>\t\t\t\t<\/div>\n\t\t\t\t<div class=\"elementor-element elementor-element-0d86660 elementor-widget__width-inherit elementor-widget-mobile__width-initial elementor-widget elementor-widget-text-editor\" data-id=\"0d86660\" data-element_type=\"widget\" data-e-type=\"widget\" data-widget_type=\"text-editor.default\">\n\t\t\t\t\t\t\t\t\t<p>Conservamos os seus dados:<\/p><ul><li>Pelo tempo necess\u00e1rio para cumprir os fins acima descritos<\/li><li>Durante qualquer relacionamento cont\u00ednuo<\/li><li>Ou at\u00e9 solicitar a sua exclus\u00e3o<\/li><\/ul>\t\t\t\t\t\t\t\t<\/div>\n\t\t\t\t<div class=\"elementor-element elementor-element-f0c8662 elementor-invisible elementor-widget elementor-widget-heading\" data-id=\"f0c8662\" data-element_type=\"widget\" data-e-type=\"widget\" data-settings=\"{&quot;motion_fx_motion_fx_scrolling&quot;:&quot;yes&quot;,&quot;_animation&quot;:&quot;fadeInDown&quot;,&quot;motion_fx_devices&quot;:[&quot;desktop&quot;,&quot;tablet&quot;,&quot;mobile&quot;]}\" data-widget_type=\"heading.default\">\n\t\t\t\t\t<h4 class=\"elementor-heading-title elementor-size-default\">8. Partilha de dados<\/h4>\t\t\t\t<\/div>\n\t\t\t\t<div class=\"elementor-element elementor-element-fe14040 elementor-widget__width-inherit elementor-widget-mobile__width-initial elementor-widget elementor-widget-text-editor\" data-id=\"fe14040\" data-element_type=\"widget\" data-e-type=\"widget\" data-widget_type=\"text-editor.default\">\n\t\t\t\t\t\t\t\t\t<p>Os seus dados poder\u00e3o ser partilhados com:<\/p><ul><li>Prestadores de servi\u00e7os (alojamento, CRM, an\u00e1lises, plataformas de marketing)<\/li><li>Parceiros tecnol\u00f3gicos (por exemplo, Google, Meta, ferramentas de comunica\u00e7\u00e3o)<\/li><\/ul><p>Estes fornecedores s\u00e3o obrigados a utilizar os seus dados apenas para os fins previstos e a proteg\u00ea-los adequadamente.<\/p>\t\t\t\t\t\t\t\t<\/div>\n\t\t\t\t<div class=\"elementor-element elementor-element-15f7ec3 elementor-invisible elementor-widget elementor-widget-heading\" data-id=\"15f7ec3\" data-element_type=\"widget\" data-e-type=\"widget\" data-settings=\"{&quot;motion_fx_motion_fx_scrolling&quot;:&quot;yes&quot;,&quot;_animation&quot;:&quot;fadeInDown&quot;,&quot;motion_fx_devices&quot;:[&quot;desktop&quot;,&quot;tablet&quot;,&quot;mobile&quot;]}\" data-widget_type=\"heading.default\">\n\t\t\t\t\t<h4 class=\"elementor-heading-title elementor-size-default\">9. Transfer\u00eancias Internacionais de Dados<\/h4>\t\t\t\t<\/div>\n\t\t\t\t<div class=\"elementor-element elementor-element-bee422a elementor-widget__width-inherit elementor-widget-mobile__width-initial elementor-widget elementor-widget-text-editor\" data-id=\"bee422a\" data-element_type=\"widget\" data-e-type=\"widget\" data-widget_type=\"text-editor.default\">\n\t\t\t\t\t\t\t\t\t<p>Os seus dados podem ser transferidos e tratados fora do seu pa\u00eds, incluindo na Uni\u00e3o Europeia ou nos Estados Unidos.<\/p><p>Ao utilizar os nossos servi\u00e7os, reconhece e aceita estas transfer\u00eancias.<\/p>\t\t\t\t\t\t\t\t<\/div>\n\t\t\t\t<div class=\"elementor-element elementor-element-4fdc27c elementor-invisible elementor-widget elementor-widget-heading\" data-id=\"4fdc27c\" data-element_type=\"widget\" data-e-type=\"widget\" data-settings=\"{&quot;motion_fx_motion_fx_scrolling&quot;:&quot;yes&quot;,&quot;_animation&quot;:&quot;fadeInDown&quot;,&quot;motion_fx_devices&quot;:[&quot;desktop&quot;,&quot;tablet&quot;,&quot;mobile&quot;]}\" data-widget_type=\"heading.default\">\n\t\t\t\t\t<h4 class=\"elementor-heading-title elementor-size-default\">10. Os seus direitos<\/h4>\t\t\t\t<\/div>\n\t\t\t\t<div class=\"elementor-element elementor-element-3e44419 elementor-widget__width-inherit elementor-widget-mobile__width-initial elementor-widget elementor-widget-text-editor\" data-id=\"3e44419\" data-element_type=\"widget\" data-e-type=\"widget\" data-widget_type=\"text-editor.default\">\n\t\t\t\t\t\t\t\t\t<p>Tem o direito de:<\/p><ul><li>Solicite o acesso aos seus dados pessoais<\/li><li>Solicitar corre\u00e7\u00e3o de informa\u00e7\u00e3o imprecisa<\/li><li>Solicite a elimina\u00e7\u00e3o dos seus dados<\/li><li>Retirar o seu consentimento a qualquer momento<\/li><\/ul><p>Para exercer os seus direitos, contacte-nos para:<\/p><p><a href=\"mailto:keu@keu.es\"><span style=\"text-decoration: underline;\"><strong>keu@keu.es<\/strong><\/span><\/a><\/p>\t\t\t\t\t\t\t\t<\/div>\n\t\t\t\t<div class=\"elementor-element elementor-element-f9b9331 elementor-invisible elementor-widget elementor-widget-heading\" data-id=\"f9b9331\" data-element_type=\"widget\" data-e-type=\"widget\" data-settings=\"{&quot;motion_fx_motion_fx_scrolling&quot;:&quot;yes&quot;,&quot;_animation&quot;:&quot;fadeInDown&quot;,&quot;motion_fx_devices&quot;:[&quot;desktop&quot;,&quot;tablet&quot;,&quot;mobile&quot;]}\" data-widget_type=\"heading.default\">\n\t\t\t\t\t<h4 class=\"elementor-heading-title elementor-size-default\">11. Seguran\u00e7a de dados<\/h4>\t\t\t\t<\/div>\n\t\t\t\t<div class=\"elementor-element elementor-element-6143354 elementor-widget__width-inherit elementor-widget-mobile__width-initial elementor-widget elementor-widget-text-editor\" data-id=\"6143354\" data-element_type=\"widget\" data-e-type=\"widget\" data-widget_type=\"text-editor.default\">\n\t\t\t\t\t\t\t\t\t<p>Implement\u00e1mos medidas de seguran\u00e7a adequadas para proteger os seus dados pessoais.<\/p><p>Este site utiliza encripta\u00e7\u00e3o SSL\/TLS para garantir a transmiss\u00e3o segura de informa\u00e7\u00e3o.<\/p>\t\t\t\t\t\t\t\t<\/div>\n\t\t\t\t<div class=\"elementor-element elementor-element-1abdab0 elementor-invisible elementor-widget elementor-widget-heading\" data-id=\"1abdab0\" data-element_type=\"widget\" data-e-type=\"widget\" data-settings=\"{&quot;motion_fx_motion_fx_scrolling&quot;:&quot;yes&quot;,&quot;_animation&quot;:&quot;fadeInDown&quot;,&quot;motion_fx_devices&quot;:[&quot;desktop&quot;,&quot;tablet&quot;,&quot;mobile&quot;]}\" data-widget_type=\"heading.default\">\n\t\t\t\t\t<h4 class=\"elementor-heading-title elementor-size-default\">12. Biscoitos<\/h4>\t\t\t\t<\/div>\n\t\t\t\t<div class=\"elementor-element elementor-element-8de5bfe elementor-widget__width-inherit elementor-widget-mobile__width-initial elementor-widget elementor-widget-text-editor\" data-id=\"8de5bfe\" data-element_type=\"widget\" data-e-type=\"widget\" data-widget_type=\"text-editor.default\">\n\t\t\t\t\t\t\t\t\t<p>Utilizamos cookies e tecnologias semelhantes para:<\/p><ul><li>Garanta a funcionalidade adequada do site<\/li><li>Analise o tr\u00e1fego (Google Analytics)<\/li><li>Fornecer marketing personalizado (Meta\/Facebook Pixel)<\/li><\/ul><p>Pode gerir as suas prefer\u00eancias de cookies atrav\u00e9s do banner de consentimento ou das defini\u00e7\u00f5es do seu navegador.<\/p>\t\t\t\t\t\t\t\t<\/div>\n\t\t\t\t<div class=\"elementor-element elementor-element-97f78c0 elementor-invisible elementor-widget elementor-widget-heading\" data-id=\"97f78c0\" data-element_type=\"widget\" data-e-type=\"widget\" data-settings=\"{&quot;motion_fx_motion_fx_scrolling&quot;:&quot;yes&quot;,&quot;_animation&quot;:&quot;fadeInDown&quot;,&quot;motion_fx_devices&quot;:[&quot;desktop&quot;,&quot;tablet&quot;,&quot;mobile&quot;]}\" data-widget_type=\"heading.default\">\n\t\t\t\t\t<h4 class=\"elementor-heading-title elementor-size-default\">13. Ferramentas externas<\/h4>\t\t\t\t<\/div>\n\t\t\t\t<div class=\"elementor-element elementor-element-16e4301 elementor-widget__width-inherit elementor-widget-mobile__width-initial elementor-widget elementor-widget-text-editor\" data-id=\"16e4301\" data-element_type=\"widget\" data-e-type=\"widget\" data-widget_type=\"text-editor.default\">\n\t\t\t\t\t\t\t\t\t<p>We may use third-party services such as:<\/p><ul><li>Google Analytics (Google LLC, EUA)<\/li><li>Meta \/ Facebook Pixel<\/li><li>WhatsApp Business<\/li><li>YouTube (Google LLC)<\/li><li>Ferramentas de CRM (por exemplo, HubSpot ou similar)<\/li><\/ul>\t\t\t\t\t\t\t\t<\/div>\n\t\t\t\t<div class=\"elementor-element elementor-element-8ca410e elementor-invisible elementor-widget elementor-widget-heading\" data-id=\"8ca410e\" data-element_type=\"widget\" data-e-type=\"widget\" data-settings=\"{&quot;motion_fx_motion_fx_scrolling&quot;:&quot;yes&quot;,&quot;_animation&quot;:&quot;fadeInDown&quot;,&quot;motion_fx_devices&quot;:[&quot;desktop&quot;,&quot;tablet&quot;,&quot;mobile&quot;]}\" data-widget_type=\"heading.default\">\n\t\t\t\t\t<h4 class=\"elementor-heading-title elementor-size-default\">14. Links de terceiros<\/h4>\t\t\t\t<\/div>\n\t\t\t\t<div class=\"elementor-element elementor-element-e4ae9e3 elementor-widget__width-inherit elementor-widget-mobile__width-initial elementor-widget elementor-widget-text-editor\" data-id=\"e4ae9e3\" data-element_type=\"widget\" data-e-type=\"widget\" data-widget_type=\"text-editor.default\">\n\t\t\t\t\t\t\t\t\t<p>O nosso site pode conter links para sites externos. A KEU HOME n\u00e3o \u00e9 respons\u00e1vel pelo seu conte\u00fado ou pr\u00e1ticas de privacidade. <\/p>\t\t\t\t\t\t\t\t<\/div>\n\t\t\t\t<div class=\"elementor-element elementor-element-8d70b3a elementor-invisible elementor-widget elementor-widget-heading\" data-id=\"8d70b3a\" data-element_type=\"widget\" data-e-type=\"widget\" data-settings=\"{&quot;motion_fx_motion_fx_scrolling&quot;:&quot;yes&quot;,&quot;_animation&quot;:&quot;fadeInDown&quot;,&quot;motion_fx_devices&quot;:[&quot;desktop&quot;,&quot;tablet&quot;,&quot;mobile&quot;]}\" data-widget_type=\"heading.default\">\n\t\t\t\t\t<h4 class=\"elementor-heading-title elementor-size-default\">15. Altera\u00e7\u00f5es \u00e0 presente Pol\u00edtica<\/h4>\t\t\t\t<\/div>\n\t\t\t\t<div class=\"elementor-element elementor-element-f95c7e1 elementor-widget__width-inherit elementor-widget-mobile__width-initial elementor-widget elementor-widget-text-editor\" data-id=\"f95c7e1\" data-element_type=\"widget\" data-e-type=\"widget\" data-widget_type=\"text-editor.default\">\n\t\t\t\t\t\t\t\t\t<p>Poderemos atualizar esta Pol\u00edtica de Privacidade a qualquer momento para refletir altera\u00e7\u00f5es \u00e0s nossas pr\u00e1ticas ou regulamentos aplic\u00e1veis.<\/p>\t\t\t\t\t\t\t\t<\/div>\n\t\t\t\t<div class=\"elementor-element elementor-element-093f458 elementor-invisible elementor-widget elementor-widget-heading\" data-id=\"093f458\" data-element_type=\"widget\" data-e-type=\"widget\" data-settings=\"{&quot;motion_fx_motion_fx_scrolling&quot;:&quot;yes&quot;,&quot;_animation&quot;:&quot;fadeInDown&quot;,&quot;motion_fx_devices&quot;:[&quot;desktop&quot;,&quot;tablet&quot;,&quot;mobile&quot;]}\" data-widget_type=\"heading.default\">\n\t\t\t\t\t<h4 class=\"elementor-heading-title elementor-size-default\">16. Contato<\/h4>\t\t\t\t<\/div>\n\t\t\t\t<div class=\"elementor-element elementor-element-0de98b2 elementor-widget__width-inherit elementor-widget-mobile__width-initial elementor-widget elementor-widget-text-editor\" data-id=\"0de98b2\" data-element_type=\"widget\" data-e-type=\"widget\" data-widget_type=\"text-editor.default\">\n\t\t\t\t\t\t\t\t\t<p>Se tiver alguma d\u00favida sobre esta Pol\u00edtica de Privacidade, pode contactar-nos atrav\u00e9s do endere\u00e7o:<\/p><p><a href=\"mailto:keu@keu.es\"><span style=\"text-decoration: underline;\"><strong>keu@keu.es<\/strong><\/span><\/a><\/p>\t\t\t\t\t\t\t\t<\/div>\n\t\t\t\t<div class=\"elementor-element elementor-element-5c0414c elementor-align-center elementor-widget elementor-widget-button\" data-id=\"5c0414c\" data-element_type=\"widget\" data-e-type=\"widget\" data-widget_type=\"button.default\">\n\t\t\t\t\t\t\t\t\t\t<a class=\"elementor-button elementor-button-link elementor-size-sm\" href=\"https:\/\/keu.es\/pt-pt\/\">\n\t\t\t\t\t\t<span class=\"elementor-button-content-wrapper\">\n\t\t\t\t\t\t\t\t\t<span class=\"elementor-button-text\">VOLTAR \u00c0 P\u00c1GINA INICIAL<\/span>\n\t\t\t\t\t<\/span>\n\t\t\t\t\t<\/a>\n\t\t\t\t\t\t\t\t<\/div>\n\t\t\t\t<\/div>\n\t\t\t\t\t<\/div>\n\t\t\t\t<\/div>\n\t\t\t\t<\/div>\n\t\t","protected":false},"excerpt":{"rendered":"<p>Privacidade ePol\u00edtica de Prote\u00e7\u00e3o de Dados VOLTAR \u00c0 P\u00c1GINA INICIAL 1. Informa\u00e7\u00f5es gerais Esta Pol\u00edtica de Privacidade explica como a KEU HOME recolhe, utiliza e protege os dados pessoais de utilizadores localizados na regi\u00e3o das Cara\u00edbas, incluindo Porto Rico. A Dise\u00f1o Formas y L\u00edneas S.L., detentora da marca comercial KEU HOME, compromete-se a tratar os [&hellip;]<\/p>\n","protected":false},"author":19,"featured_media":0,"parent":0,"menu_order":0,"comment_status":"closed","ping_status":"closed","template":"elementor_header_footer","meta":{"_acf_changed":false,"content-type":"","footnotes":""},"class_list":["post-27245","page","type-page","status-publish","hentry"],"acf":[],"_links":{"self":[{"href":"https:\/\/keu.es\/pt-pt\/wp-json\/wp\/v2\/pages\/27245","targetHints":{"allow":["GET"]}}],"collection":[{"href":"https:\/\/keu.es\/pt-pt\/wp-json\/wp\/v2\/pages"}],"about":[{"href":"https:\/\/keu.es\/pt-pt\/wp-json\/wp\/v2\/types\/page"}],"author":[{"embeddable":true,"href":"https:\/\/keu.es\/pt-pt\/wp-json\/wp\/v2\/users\/19"}],"replies":[{"embeddable":true,"href":"https:\/\/keu.es\/pt-pt\/wp-json\/wp\/v2\/comments?post=27245"}],"version-history":[{"count":1,"href":"https:\/\/keu.es\/pt-pt\/wp-json\/wp\/v2\/pages\/27245\/revisions"}],"predecessor-version":[{"id":27246,"href":"https:\/\/keu.es\/pt-pt\/wp-json\/wp\/v2\/pages\/27245\/revisions\/27246"}],"wp:attachment":[{"href":"https:\/\/keu.es\/pt-pt\/wp-json\/wp\/v2\/media?parent=27245"}],"curies":[{"name":"wp","href":"https:\/\/api.w.org\/{rel}","templated":true}]}}