{"id":12755,"date":"2025-08-07T18:43:37","date_gmt":"2025-08-07T18:43:37","guid":{"rendered":"https:\/\/keupuertorico.com\/?page_id=12755"},"modified":"2025-08-08T02:09:53","modified_gmt":"2025-08-08T02:09:53","slug":"blog","status":"publish","type":"page","link":"https:\/\/keu.es\/puertorico\/blog\/","title":{"rendered":"Blog"},"content":{"rendered":"\t\t<div data-elementor-type=\"wp-page\" data-elementor-id=\"12755\" class=\"elementor elementor-12755\" data-elementor-post-type=\"page\">\n\t\t\t\t<div class=\"elementor-element elementor-element-2b7d60be e-flex e-con-boxed e-con e-parent\" data-id=\"2b7d60be\" data-element_type=\"container\" data-e-type=\"container\" data-settings=\"{&quot;background_background&quot;:&quot;classic&quot;}\">\n\t\t\t\t\t<div class=\"e-con-inner\">\n\t\t\t\t<div class=\"elementor-element elementor-element-6562544c elementor-widget elementor-widget-heading\" data-id=\"6562544c\" data-element_type=\"widget\" data-e-type=\"widget\" data-widget_type=\"heading.default\">\n\t\t\t\t<div class=\"elementor-widget-container\">\n\t\t\t\t\t<h1 class=\"elementor-heading-title elementor-size-default\">Blog<\/h1>\t\t\t\t<\/div>\n\t\t\t\t<\/div>\n\t\t\t\t<div class=\"elementor-element elementor-element-3c858a50 elementor-widget elementor-widget-text-editor\" data-id=\"3c858a50\" data-element_type=\"widget\" data-e-type=\"widget\" data-widget_type=\"text-editor.default\">\n\t\t\t\t<div class=\"elementor-widget-container\">\n\t\t\t\t\t\t\t\t\t<p>Descubre lo \u00faltimo del mercado de las casas prefabricadas en nuestro blog<\/p>\t\t\t\t\t\t\t\t<\/div>\n\t\t\t\t<\/div>\n\t\t\t\t\t<\/div>\n\t\t\t\t<\/div>\n\t\t<div class=\"elementor-element elementor-element-6f30535 e-con-full e-flex e-con e-parent\" data-id=\"6f30535\" data-element_type=\"container\" data-e-type=\"container\" data-settings=\"{&quot;background_background&quot;:&quot;classic&quot;}\">\n\t\t\t\t<div class=\"elementor-element elementor-element-388b5932 elementor-posts__hover-none elementor-grid-3 elementor-grid-tablet-2 elementor-grid-mobile-1 elementor-posts--thumbnail-top elementor-widget elementor-widget-posts\" data-id=\"388b5932\" data-element_type=\"widget\" data-e-type=\"widget\" data-settings=\"{&quot;cards_row_gap&quot;:{&quot;unit&quot;:&quot;px&quot;,&quot;size&quot;:80,&quot;sizes&quot;:[]},&quot;cards_row_gap_tablet&quot;:{&quot;unit&quot;:&quot;px&quot;,&quot;size&quot;:71,&quot;sizes&quot;:[]},&quot;cards_row_gap_mobile&quot;:{&quot;unit&quot;:&quot;px&quot;,&quot;size&quot;:30,&quot;sizes&quot;:[]},&quot;cards_columns&quot;:&quot;3&quot;,&quot;cards_columns_tablet&quot;:&quot;2&quot;,&quot;cards_columns_mobile&quot;:&quot;1&quot;,&quot;cards_row_gap_widescreen&quot;:{&quot;unit&quot;:&quot;px&quot;,&quot;size&quot;:&quot;&quot;,&quot;sizes&quot;:[]},&quot;cards_row_gap_laptop&quot;:{&quot;unit&quot;:&quot;px&quot;,&quot;size&quot;:&quot;&quot;,&quot;sizes&quot;:[]},&quot;cards_row_gap_tablet_extra&quot;:{&quot;unit&quot;:&quot;px&quot;,&quot;size&quot;:&quot;&quot;,&quot;sizes&quot;:[]},&quot;cards_row_gap_mobile_extra&quot;:{&quot;unit&quot;:&quot;px&quot;,&quot;size&quot;:&quot;&quot;,&quot;sizes&quot;:[]}}\" data-widget_type=\"posts.cards\">\n\t\t\t\t<div class=\"elementor-widget-container\">\n\t\t\t\t\t\t\t<div class=\"elementor-posts-container elementor-posts elementor-posts--skin-cards elementor-grid\" role=\"list\">\n\t\t\t\t<article class=\"elementor-post elementor-grid-item post-12989 post type-post status-publish format-standard has-post-thumbnail hentry category-sin-categorizar\" role=\"listitem\">\n\t\t\t<div class=\"elementor-post__card\">\n\t\t\t\t<a class=\"elementor-post__thumbnail__link\" href=\"https:\/\/keu.es\/puertorico\/tipos-de-casas-prefabricadas\/\" tabindex=\"-1\" ><div class=\"elementor-post__thumbnail\"><img fetchpriority=\"high\" decoding=\"async\" width=\"1600\" height=\"900\" src=\"https:\/\/keu.es\/puertorico\/wp-content\/uploads\/2025\/08\/imagen_2025-03-29_120619050-1-1.webp\" class=\"attachment-full size-full wp-image-12991\" alt=\"\" srcset=\"https:\/\/keu.es\/puertorico\/wp-content\/uploads\/2025\/08\/imagen_2025-03-29_120619050-1-1.webp 1600w, https:\/\/keu.es\/puertorico\/wp-content\/uploads\/2025\/08\/imagen_2025-03-29_120619050-1-1-300x169.webp 300w, https:\/\/keu.es\/puertorico\/wp-content\/uploads\/2025\/08\/imagen_2025-03-29_120619050-1-1-1024x576.webp 1024w, https:\/\/keu.es\/puertorico\/wp-content\/uploads\/2025\/08\/imagen_2025-03-29_120619050-1-1-768x432.webp 768w, https:\/\/keu.es\/puertorico\/wp-content\/uploads\/2025\/08\/imagen_2025-03-29_120619050-1-1-1536x864.webp 1536w\" sizes=\"(max-width: 1600px) 100vw, 1600px\" \/><\/div><\/a>\n\t\t\t\t<div class=\"elementor-post__text\">\n\t\t\t\t<p class=\"elementor-post__title\">\n\t\t\t<a href=\"https:\/\/keu.es\/puertorico\/tipos-de-casas-prefabricadas\/\" >\n\t\t\t\tTipos de Casas Prefabricadas \u00bfCu\u00e1l es la Mejor?\t\t\t<\/a>\n\t\t<\/p>\n\t\t\t\t<div class=\"elementor-post__excerpt\">\n\t\t\t<p>Es muy probable que ahora, al buscar m\u00e1s informaci\u00f3n sobre los diferentes tipos de casas prefabricadas, te hayas dado cuenta de algo muy importante: no<\/p>\n\t\t<\/div>\n\t\t\n\t\t<a class=\"elementor-post__read-more\" href=\"https:\/\/keu.es\/puertorico\/tipos-de-casas-prefabricadas\/\" aria-label=\"M\u00e1s informaci\u00f3n sobre Tipos de Casas Prefabricadas \u00bfCu\u00e1l es la Mejor?\" tabindex=\"-1\" >\n\t\t\tLeer m\u00e1s\t\t<\/a>\n\n\t\t\t\t<\/div>\n\t\t\t\t\t<\/div>\n\t\t<\/article>\n\t\t\t\t<article class=\"elementor-post elementor-grid-item post-12956 post type-post status-publish format-standard has-post-thumbnail hentry category-sin-categorizar\" role=\"listitem\">\n\t\t\t<div class=\"elementor-post__card\">\n\t\t\t\t<a class=\"elementor-post__thumbnail__link\" href=\"https:\/\/keu.es\/puertorico\/cuanto-dura-una-casa-prefabricada\/\" tabindex=\"-1\" ><div class=\"elementor-post__thumbnail\"><img decoding=\"async\" width=\"1200\" height=\"675\" src=\"https:\/\/keu.es\/puertorico\/wp-content\/uploads\/2025\/08\/FOTO-4-4-1-scaled-1.webp\" class=\"attachment-full size-full wp-image-12727\" alt=\"\" srcset=\"https:\/\/keu.es\/puertorico\/wp-content\/uploads\/2025\/08\/FOTO-4-4-1-scaled-1.webp 1200w, https:\/\/keu.es\/puertorico\/wp-content\/uploads\/2025\/08\/FOTO-4-4-1-scaled-1-300x169.webp 300w, https:\/\/keu.es\/puertorico\/wp-content\/uploads\/2025\/08\/FOTO-4-4-1-scaled-1-1024x576.webp 1024w, https:\/\/keu.es\/puertorico\/wp-content\/uploads\/2025\/08\/FOTO-4-4-1-scaled-1-768x432.webp 768w\" sizes=\"(max-width: 1200px) 100vw, 1200px\" \/><\/div><\/a>\n\t\t\t\t<div class=\"elementor-post__text\">\n\t\t\t\t<p class=\"elementor-post__title\">\n\t\t\t<a href=\"https:\/\/keu.es\/puertorico\/cuanto-dura-una-casa-prefabricada\/\" >\n\t\t\t\tLa Verdad Sobre Cu\u00e1nto Dura una Casa Prefabricada en Puerto Rico\t\t\t<\/a>\n\t\t<\/p>\n\t\t\t\t<div class=\"elementor-post__excerpt\">\n\t\t\t<p>Preguntarse cu\u00e1nto puede durar una casa prefabricada es casi inevitable. De hecho, en un lugar como Puerto Rico la pregunta cobra todav\u00eda m\u00e1s sentido, tomando<\/p>\n\t\t<\/div>\n\t\t\n\t\t<a class=\"elementor-post__read-more\" href=\"https:\/\/keu.es\/puertorico\/cuanto-dura-una-casa-prefabricada\/\" aria-label=\"M\u00e1s informaci\u00f3n sobre La Verdad Sobre Cu\u00e1nto Dura una Casa Prefabricada en Puerto Rico\" tabindex=\"-1\" >\n\t\t\tLeer m\u00e1s\t\t<\/a>\n\n\t\t\t\t<\/div>\n\t\t\t\t\t<\/div>\n\t\t<\/article>\n\t\t\t\t<\/div>\n\t\t\n\t\t\t\t\t\t<\/div>\n\t\t\t\t<\/div>\n\t\t\t\t<\/div>\n\t\t<div class=\"elementor-element elementor-element-1f84ddd9 elementor-hidden-widescreen elementor-hidden-desktop elementor-hidden-laptop elementor-hidden-tablet_extra elementor-hidden-tablet elementor-hidden-mobile_extra elementor-hidden-mobile e-flex e-con-boxed e-con e-parent\" data-id=\"1f84ddd9\" data-element_type=\"container\" data-e-type=\"container\">\n\t\t\t\t\t<div class=\"e-con-inner\">\n\t\t<div class=\"elementor-element elementor-element-4a52cc2f e-flex e-con-boxed e-con e-child\" data-id=\"4a52cc2f\" data-element_type=\"container\" data-e-type=\"container\" data-settings=\"{&quot;background_background&quot;:&quot;classic&quot;}\">\n\t\t\t\t\t<div class=\"e-con-inner\">\n\t\t\t\t<div class=\"elementor-element elementor-element-42de18f6 elementor-widget elementor-widget-heading\" data-id=\"42de18f6\" data-element_type=\"widget\" data-e-type=\"widget\" data-widget_type=\"heading.default\">\n\t\t\t\t<div class=\"elementor-widget-container\">\n\t\t\t\t\t<h2 class=\"elementor-heading-title elementor-size-default\">\u00bfQuieres est\u00e1r al tanto de todo?\n<br>\n<br>\nSuscr\u00edbete a nuestro Newsletter<\/h2>\t\t\t\t<\/div>\n\t\t\t\t<\/div>\n\t\t\t\t<div class=\"elementor-element elementor-element-59089af0 elementor-button-align-stretch elementor-widget elementor-widget-form\" data-id=\"59089af0\" data-element_type=\"widget\" data-e-type=\"widget\" data-settings=\"{&quot;button_width&quot;:&quot;40&quot;,&quot;button_width_tablet&quot;:&quot;40&quot;,&quot;step_type&quot;:&quot;number_text&quot;,&quot;step_icon_shape&quot;:&quot;circle&quot;}\" data-widget_type=\"form.default\">\n\t\t\t\t<div class=\"elementor-widget-container\">\n\t\t\t\t\t\t\t<form class=\"elementor-form\" method=\"post\" name=\"Newsletter Form\" aria-label=\"Newsletter Form\">\n\t\t\t<input type=\"hidden\" name=\"post_id\" value=\"12755\"\/>\n\t\t\t<input type=\"hidden\" name=\"form_id\" value=\"59089af0\"\/>\n\t\t\t<input type=\"hidden\" name=\"referer_title\" value=\"Blog - KEU Puerto Rico y el Caribe\" \/>\n\n\t\t\t\t\t\t\t<input type=\"hidden\" name=\"queried_id\" value=\"12755\"\/>\n\t\t\t\n\t\t\t<div class=\"elementor-form-fields-wrapper elementor-labels-\">\n\t\t\t\t\t\t\t\t<div class=\"elementor-field-type-email elementor-field-group elementor-column elementor-field-group-email elementor-col-60 elementor-md-60 elementor-field-required\">\n\t\t\t\t\t\t\t\t\t\t\t\t<label for=\"form-field-email\" class=\"elementor-field-label elementor-screen-only\">\n\t\t\t\t\t\t\t\tcorreo\t\t\t\t\t\t\t<\/label>\n\t\t\t\t\t\t\t\t\t\t\t\t\t\t<input size=\"1\" type=\"email\" name=\"form_fields[email]\" id=\"form-field-email\" class=\"elementor-field elementor-size-md  elementor-field-textual\" placeholder=\"Tu Correo\" required=\"required\">\n\t\t\t\t\t\t\t\t\t\t\t<\/div>\n\t\t\t\t\t\t\t\t<div class=\"elementor-field-group elementor-column elementor-field-type-submit elementor-col-40 e-form__buttons elementor-md-40\">\n\t\t\t\t\t<button class=\"elementor-button elementor-size-md\" type=\"submit\">\n\t\t\t\t\t\t<span class=\"elementor-button-content-wrapper\">\n\t\t\t\t\t\t\t\t\t\t\t\t\t\t\t\t\t\t\t\t\t\t<span class=\"elementor-button-text\">Suscribirme<\/span>\n\t\t\t\t\t\t\t\t\t\t\t\t\t<\/span>\n\t\t\t\t\t<\/button>\n\t\t\t\t<\/div>\n\t\t\t<\/div>\n\t\t<\/form>\n\t\t\t\t\t\t<\/div>\n\t\t\t\t<\/div>\n\t\t\t\t\t<\/div>\n\t\t\t\t<\/div>\n\t\t\t\t\t<\/div>\n\t\t\t\t<\/div>\n\t\t\t\t<\/div>\n\t\t","protected":false},"excerpt":{"rendered":"<p>Blog Descubre lo \u00faltimo del mercado de las casas prefabricadas en nuestro blog \u00bfQuieres est\u00e1r al tanto de todo? Suscr\u00edbete a nuestro Newsletter<\/p>\n","protected":false},"author":3,"featured_media":0,"parent":0,"menu_order":0,"comment_status":"closed","ping_status":"closed","template":"","meta":{"footnotes":""},"class_list":["post-12755","page","type-page","status-publish","hentry"],"yoast_head":"<!-- This site is optimized with the Yoast SEO plugin v27.4 - https:\/\/yoast.com\/product\/yoast-seo-wordpress\/ -->\n<title>Blog - KEU Home Casas Prefabricadas en Puerto Rico<\/title>\n<meta name=\"robots\" content=\"index, follow, max-snippet:-1, max-image-preview:large, max-video-preview:-1\" \/>\n<link rel=\"canonical\" href=\"https:\/\/keu.es\/puertorico\/blog\/\" \/>\n<meta property=\"og:locale\" content=\"es_ES\" \/>\n<meta property=\"og:type\" content=\"article\" \/>\n<meta property=\"og:title\" content=\"Blog - KEU Home Casas Prefabricadas en Puerto Rico\" \/>\n<meta property=\"og:description\" content=\"Blog Descubre lo \u00faltimo del mercado de las casas prefabricadas en nuestro blog \u00bfQuieres est\u00e1r al tanto de todo? Suscr\u00edbete a nuestro Newsletter\" \/>\n<meta property=\"og:url\" content=\"https:\/\/keu.es\/puertorico\/blog\/\" \/>\n<meta property=\"og:site_name\" content=\"KEU Home Casas Prefabricadas en Puerto Rico\" \/>\n<meta property=\"article:modified_time\" content=\"2025-08-08T02:09:53+00:00\" \/>\n<meta name=\"twitter:card\" content=\"summary_large_image\" \/>\n<script type=\"application\/ld+json\" class=\"yoast-schema-graph\">{\"@context\":\"https:\\\/\\\/schema.org\",\"@graph\":[{\"@type\":\"WebPage\",\"@id\":\"https:\\\/\\\/keu.es\\\/puertorico\\\/blog\\\/\",\"url\":\"https:\\\/\\\/keu.es\\\/puertorico\\\/blog\\\/\",\"name\":\"Blog - KEU Home Casas Prefabricadas en Puerto Rico\",\"isPartOf\":{\"@id\":\"https:\\\/\\\/keu.es\\\/puertorico\\\/#website\"},\"datePublished\":\"2025-08-07T18:43:37+00:00\",\"dateModified\":\"2025-08-08T02:09:53+00:00\",\"breadcrumb\":{\"@id\":\"https:\\\/\\\/keu.es\\\/puertorico\\\/blog\\\/#breadcrumb\"},\"inLanguage\":\"es\",\"potentialAction\":[{\"@type\":\"ReadAction\",\"target\":[\"https:\\\/\\\/keu.es\\\/puertorico\\\/blog\\\/\"]}]},{\"@type\":\"BreadcrumbList\",\"@id\":\"https:\\\/\\\/keu.es\\\/puertorico\\\/blog\\\/#breadcrumb\",\"itemListElement\":[{\"@type\":\"ListItem\",\"position\":1,\"name\":\"Portada\",\"item\":\"https:\\\/\\\/keu.es\\\/puertorico\\\/\"},{\"@type\":\"ListItem\",\"position\":2,\"name\":\"Blog\"}]},{\"@type\":\"WebSite\",\"@id\":\"https:\\\/\\\/keu.es\\\/puertorico\\\/#website\",\"url\":\"https:\\\/\\\/keu.es\\\/puertorico\\\/\",\"name\":\"KEU Home Casas Prefabricadas en Puerto Rico\",\"description\":\"Casas inteligentes prefabricadas\",\"publisher\":{\"@id\":\"https:\\\/\\\/keu.es\\\/puertorico\\\/#organization\"},\"potentialAction\":[{\"@type\":\"SearchAction\",\"target\":{\"@type\":\"EntryPoint\",\"urlTemplate\":\"https:\\\/\\\/keu.es\\\/puertorico\\\/?s={search_term_string}\"},\"query-input\":{\"@type\":\"PropertyValueSpecification\",\"valueRequired\":true,\"valueName\":\"search_term_string\"}}],\"inLanguage\":\"es\"},{\"@type\":\"Organization\",\"@id\":\"https:\\\/\\\/keu.es\\\/puertorico\\\/#organization\",\"name\":\"KEU Home Casas Prefabricadas en Puerto Rico\",\"url\":\"https:\\\/\\\/keu.es\\\/puertorico\\\/\",\"logo\":{\"@type\":\"ImageObject\",\"inLanguage\":\"es\",\"@id\":\"https:\\\/\\\/keu.es\\\/puertorico\\\/#\\\/schema\\\/logo\\\/image\\\/\",\"url\":\"https:\\\/\\\/keu.es\\\/puertorico\\\/wp-content\\\/uploads\\\/2025\\\/02\\\/imagen_2025-03-29_125517987.webp\",\"contentUrl\":\"https:\\\/\\\/keu.es\\\/puertorico\\\/wp-content\\\/uploads\\\/2025\\\/02\\\/imagen_2025-03-29_125517987.webp\",\"width\":1373,\"height\":540,\"caption\":\"KEU Home Casas Prefabricadas en Puerto Rico\"},\"image\":{\"@id\":\"https:\\\/\\\/keu.es\\\/puertorico\\\/#\\\/schema\\\/logo\\\/image\\\/\"}}]}<\/script>\n<!-- \/ Yoast SEO plugin. -->","yoast_head_json":{"title":"Blog - KEU Home Casas Prefabricadas en Puerto Rico","robots":{"index":"index","follow":"follow","max-snippet":"max-snippet:-1","max-image-preview":"max-image-preview:large","max-video-preview":"max-video-preview:-1"},"canonical":"https:\/\/keu.es\/puertorico\/blog\/","og_locale":"es_ES","og_type":"article","og_title":"Blog - KEU Home Casas Prefabricadas en Puerto Rico","og_description":"Blog Descubre lo \u00faltimo del mercado de las casas prefabricadas en nuestro blog \u00bfQuieres est\u00e1r al tanto de todo? Suscr\u00edbete a nuestro Newsletter","og_url":"https:\/\/keu.es\/puertorico\/blog\/","og_site_name":"KEU Home Casas Prefabricadas en Puerto Rico","article_modified_time":"2025-08-08T02:09:53+00:00","twitter_card":"summary_large_image","schema":{"@context":"https:\/\/schema.org","@graph":[{"@type":"WebPage","@id":"https:\/\/keu.es\/puertorico\/blog\/","url":"https:\/\/keu.es\/puertorico\/blog\/","name":"Blog - KEU Home Casas Prefabricadas en Puerto Rico","isPartOf":{"@id":"https:\/\/keu.es\/puertorico\/#website"},"datePublished":"2025-08-07T18:43:37+00:00","dateModified":"2025-08-08T02:09:53+00:00","breadcrumb":{"@id":"https:\/\/keu.es\/puertorico\/blog\/#breadcrumb"},"inLanguage":"es","potentialAction":[{"@type":"ReadAction","target":["https:\/\/keu.es\/puertorico\/blog\/"]}]},{"@type":"BreadcrumbList","@id":"https:\/\/keu.es\/puertorico\/blog\/#breadcrumb","itemListElement":[{"@type":"ListItem","position":1,"name":"Portada","item":"https:\/\/keu.es\/puertorico\/"},{"@type":"ListItem","position":2,"name":"Blog"}]},{"@type":"WebSite","@id":"https:\/\/keu.es\/puertorico\/#website","url":"https:\/\/keu.es\/puertorico\/","name":"KEU Home Casas Prefabricadas en Puerto Rico","description":"Casas inteligentes prefabricadas","publisher":{"@id":"https:\/\/keu.es\/puertorico\/#organization"},"potentialAction":[{"@type":"SearchAction","target":{"@type":"EntryPoint","urlTemplate":"https:\/\/keu.es\/puertorico\/?s={search_term_string}"},"query-input":{"@type":"PropertyValueSpecification","valueRequired":true,"valueName":"search_term_string"}}],"inLanguage":"es"},{"@type":"Organization","@id":"https:\/\/keu.es\/puertorico\/#organization","name":"KEU Home Casas Prefabricadas en Puerto Rico","url":"https:\/\/keu.es\/puertorico\/","logo":{"@type":"ImageObject","inLanguage":"es","@id":"https:\/\/keu.es\/puertorico\/#\/schema\/logo\/image\/","url":"https:\/\/keu.es\/puertorico\/wp-content\/uploads\/2025\/02\/imagen_2025-03-29_125517987.webp","contentUrl":"https:\/\/keu.es\/puertorico\/wp-content\/uploads\/2025\/02\/imagen_2025-03-29_125517987.webp","width":1373,"height":540,"caption":"KEU Home Casas Prefabricadas en Puerto Rico"},"image":{"@id":"https:\/\/keu.es\/puertorico\/#\/schema\/logo\/image\/"}}]}},"_links":{"self":[{"href":"https:\/\/keu.es\/puertorico\/wp-json\/wp\/v2\/pages\/12755","targetHints":{"allow":["GET"]}}],"collection":[{"href":"https:\/\/keu.es\/puertorico\/wp-json\/wp\/v2\/pages"}],"about":[{"href":"https:\/\/keu.es\/puertorico\/wp-json\/wp\/v2\/types\/page"}],"author":[{"embeddable":true,"href":"https:\/\/keu.es\/puertorico\/wp-json\/wp\/v2\/users\/3"}],"replies":[{"embeddable":true,"href":"https:\/\/keu.es\/puertorico\/wp-json\/wp\/v2\/comments?post=12755"}],"version-history":[{"count":39,"href":"https:\/\/keu.es\/puertorico\/wp-json\/wp\/v2\/pages\/12755\/revisions"}],"predecessor-version":[{"id":13031,"href":"https:\/\/keu.es\/puertorico\/wp-json\/wp\/v2\/pages\/12755\/revisions\/13031"}],"wp:attachment":[{"href":"https:\/\/keu.es\/puertorico\/wp-json\/wp\/v2\/media?parent=12755"}],"curies":[{"name":"wp","href":"https:\/\/api.w.org\/{rel}","templated":true}]}}