{"id":13039,"date":"2025-08-08T02:41:04","date_gmt":"2025-08-08T02:41:04","guid":{"rendered":"https:\/\/keupuertorico.com\/?page_id=13039"},"modified":"2025-08-08T02:49:10","modified_gmt":"2025-08-08T02:49:10","slug":"politica-de-cookies","status":"publish","type":"page","link":"https:\/\/keu.es\/puertorico\/politica-de-cookies\/","title":{"rendered":"Pol\u00edtica de Cookies"},"content":{"rendered":"\t\t<div data-elementor-type=\"wp-page\" data-elementor-id=\"13039\" class=\"elementor elementor-13039\" data-elementor-post-type=\"page\">\n\t\t\t\t<div class=\"elementor-element elementor-element-d52a937 e-con-full e-flex e-con e-parent\" data-id=\"d52a937\" data-element_type=\"container\" data-settings=\"{&quot;background_background&quot;:&quot;classic&quot;,&quot;background_motion_fx_motion_fx_mouse&quot;:&quot;yes&quot;}\">\n\t\t<div class=\"elementor-element elementor-element-3713af1 e-con-full e-flex e-con e-child\" data-id=\"3713af1\" data-element_type=\"container\">\n\t\t<div class=\"elementor-element elementor-element-6f39411 e-con-full e-flex e-con e-child\" data-id=\"6f39411\" data-element_type=\"container\">\n\t\t\t\t<div class=\"elementor-element elementor-element-fd74c34 elementor-widget-mobile__width-inherit elementor-widget__width-inherit elementor-invisible elementor-widget elementor-widget-heading\" data-id=\"fd74c34\" data-element_type=\"widget\" data-settings=\"{&quot;motion_fx_motion_fx_scrolling&quot;:&quot;yes&quot;,&quot;_animation&quot;:&quot;fadeInDown&quot;,&quot;motion_fx_devices&quot;:[&quot;widescreen&quot;,&quot;desktop&quot;,&quot;laptop&quot;,&quot;tablet_extra&quot;,&quot;tablet&quot;,&quot;mobile_extra&quot;,&quot;mobile&quot;]}\" data-widget_type=\"heading.default\">\n\t\t\t\t<div class=\"elementor-widget-container\">\n\t\t\t\t\t<h1 class=\"elementor-heading-title elementor-size-default\">Pol\u00edtica de Cookies<\/h1>\t\t\t\t<\/div>\n\t\t\t\t<\/div>\n\t\t\t\t<\/div>\n\t\t\t\t<\/div>\n\t\t\t\t<\/div>\n\t\t<div class=\"elementor-element elementor-element-7fbf286 e-flex e-con-boxed e-con e-parent\" data-id=\"7fbf286\" data-element_type=\"container\" data-settings=\"{&quot;background_background&quot;:&quot;classic&quot;}\">\n\t\t\t\t\t<div class=\"e-con-inner\">\n\t\t\t\t<div class=\"elementor-element elementor-element-e532605 elementor-widget elementor-widget-text-editor\" data-id=\"e532605\" data-element_type=\"widget\" data-widget_type=\"text-editor.default\">\n\t\t\t\t<div class=\"elementor-widget-container\">\n\t\t\t\t\t\t\t\t\t<p><br \/>\u00daltima actualizaci\u00f3n: 28-Jul-2025<\/p><p class=\"privacy-policy-p\">Esta Pol\u00edtica de Cookies explica qu\u00e9 son las cookies y c\u00f3mo las utilizamos en nuestro sitio web <strong>https:\/\/keu.es\/puertorico<\/strong> (en adelante, \u00abel Sitio\u00bb).<br \/>Le recomendamos leer esta pol\u00edtica para comprender qu\u00e9 informaci\u00f3n recopilamos mediante las cookies y c\u00f3mo puede gestionarlas.<\/p><h2 class=\"privacy-policy-h2\">\u00bfQu\u00e9 son las cookies?<\/h2><p class=\"privacy-policy-p\">Las cookies son peque\u00f1os archivos de texto que se almacenan en su dispositivo (ordenador, tableta o m\u00f3vil) cuando visita un sitio web.<br \/>Se utilizan ampliamente para que el sitio funcione correctamente, para mejorar la experiencia del usuario y para proporcionar informaci\u00f3n a los propietarios del sitio.<\/p><h2 class=\"privacy-policy-h2\">\u00bfQu\u00e9 tipos de cookies utilizamos?<\/h2><ol class=\"privacy-policy-ol\"><li><strong>Cookies esenciales:<\/strong> necesarias para el funcionamiento b\u00e1sico del sitio. Estas cookies permiten funcionalidades como la navegaci\u00f3n y el acceso seguro a \u00e1reas del sitio.<\/li><li><strong>Cookies de rendimiento:<\/strong> recopilan informaci\u00f3n sobre c\u00f3mo los usuarios interact\u00faan con el sitio (por ejemplo, p\u00e1ginas visitadas o errores) con el fin de mejorar su funcionamiento.<\/li><li><strong>Cookies de funcionalidad:<\/strong> permiten recordar elecciones que ha hecho (como su idioma o regi\u00f3n) para ofrecerle una experiencia m\u00e1s personalizada.<\/li><li><strong>Cookies de publicidad:<\/strong> se utilizan para ofrecer anuncios relevantes para usted y sus intereses, as\u00ed como para limitar la cantidad de veces que ve un anuncio.<\/li><\/ol><h2 class=\"privacy-policy-h2\">\u00bfC\u00f3mo utilizamos las cookies?<\/h2><p class=\"privacy-policy-p\">Utilizamos cookies para mejorar la funcionalidad del sitio, analizar el tr\u00e1fico, personalizar contenido y anuncios, y ofrecer funciones de redes sociales.<br \/>Al continuar navegando por el sitio, acepta el uso de cookies seg\u00fan esta pol\u00edtica.<\/p><h2 class=\"privacy-policy-h2\">Gesti\u00f3n de cookies<\/h2><p class=\"privacy-policy-p\">Puede configurar su navegador para rechazar todas las cookies o para que le notifique cuando se env\u00ede una cookie. Sin embargo, si desactiva las cookies, es posible que algunas partes del sitio no funcionen correctamente.<\/p><p class=\"privacy-policy-p\">Tambi\u00e9n puede gestionar sus preferencias directamente desde el banner de cookies que aparece cuando accede por primera vez al sitio.<\/p><h2 class=\"privacy-policy-h2\">Cookies de terceros<\/h2><p class=\"privacy-policy-p\">Podemos permitir a terceros, como proveedores de an\u00e1lisis y anunciantes, colocar cookies en su dispositivo a trav\u00e9s de nuestro sitio. Estos terceros pueden utilizar cookies para recopilar informaci\u00f3n sobre sus actividades en l\u00ednea a lo largo del tiempo y en diferentes sitios web.<\/p><h2 class=\"privacy-policy-h2\">Actualizaciones<\/h2><p class=\"privacy-policy-p\">Podemos actualizar esta Pol\u00edtica de Cookies ocasionalmente. Le recomendamos que revise esta p\u00e1gina regularmente para estar informado sobre cualquier cambio. La fecha de \u00faltima actualizaci\u00f3n se indica al inicio del documento.<\/p><h2 class=\"privacy-policy-h2\">Contacto<\/h2><p class=\"privacy-policy-p\">Si tiene alguna pregunta sobre nuestra pol\u00edtica de cookies, puede contactarnos en:<br \/><br \/>Dise\u00f1o Formas y L\u00edneas S.L.<br \/>Calle Antonio T\u00e0pies, 29, 3\u00ba1\u00aa, Barcelona, 08017, Espa\u00f1a<br \/>Email: <a href=\"mailto:keu@keu.es\">keu@keu.es<\/a><\/p><p class=\"privacy-policy-p\">Pol\u00edtica de Cookies generada con <a href=\"https:\/\/www.cookieyes.com\" target=\"_blank\" rel=\"noopener nofollow\">CookieYes<\/a>.<\/p>\t\t\t\t\t\t\t\t<\/div>\n\t\t\t\t<\/div>\n\t\t\t\t\t<\/div>\n\t\t\t\t<\/div>\n\t\t\t\t<\/div>\n\t\t","protected":false},"excerpt":{"rendered":"<p>Pol\u00edtica de Cookies \u00daltima actualizaci\u00f3n: 28-Jul-2025 Esta Pol\u00edtica de Cookies explica qu\u00e9 son las cookies y c\u00f3mo las utilizamos en nuestro sitio web https:\/\/keu.es\/puertorico (en adelante, \u00abel Sitio\u00bb).Le recomendamos leer esta pol\u00edtica para comprender qu\u00e9 informaci\u00f3n recopilamos mediante las cookies y c\u00f3mo puede gestionarlas. \u00bfQu\u00e9 son las cookies? Las cookies son peque\u00f1os archivos de texto [&hellip;]<\/p>\n","protected":false},"author":3,"featured_media":0,"parent":0,"menu_order":0,"comment_status":"closed","ping_status":"closed","template":"elementor_header_footer","meta":{"footnotes":""},"class_list":["post-13039","page","type-page","status-publish","hentry"],"yoast_head":"<!-- This site is optimized with the Yoast SEO plugin v26.5 - https:\/\/yoast.com\/wordpress\/plugins\/seo\/ -->\n<title>Pol\u00edtica de Cookies - KEU Home Casas Prefabricadas en Puerto Rico<\/title>\n<meta name=\"description\" content=\"\u00bfQu\u00e9 es una cookie? Una cookie es un archivo que se almacena en el navegador del usuario mientras se navega por diferentes sitios web.\" \/>\n<meta name=\"robots\" content=\"noindex, nofollow\" \/>\n<meta property=\"og:locale\" content=\"es_ES\" \/>\n<meta property=\"og:type\" content=\"article\" \/>\n<meta property=\"og:title\" content=\"Pol\u00edtica de Cookies - KEU Home Casas Prefabricadas en Puerto Rico\" \/>\n<meta property=\"og:description\" content=\"\u00bfQu\u00e9 es una cookie? Una cookie es un archivo que se almacena en el navegador del usuario mientras se navega por diferentes sitios web.\" \/>\n<meta property=\"og:url\" content=\"https:\/\/keu.es\/puertorico\/politica-de-cookies\/\" \/>\n<meta property=\"og:site_name\" content=\"KEU Home Casas Prefabricadas en Puerto Rico\" \/>\n<meta property=\"article:modified_time\" content=\"2025-08-08T02:49:10+00:00\" \/>\n<meta name=\"twitter:card\" content=\"summary_large_image\" \/>\n<meta name=\"twitter:label1\" content=\"Tiempo de lectura\" \/>\n\t<meta name=\"twitter:data1\" content=\"4 minutos\" \/>\n<script type=\"application\/ld+json\" class=\"yoast-schema-graph\">{\"@context\":\"https:\/\/schema.org\",\"@graph\":[{\"@type\":\"WebPage\",\"@id\":\"https:\/\/keu.es\/puertorico\/politica-de-cookies\/\",\"url\":\"https:\/\/keu.es\/puertorico\/politica-de-cookies\/\",\"name\":\"Pol\u00edtica de Cookies - KEU Home Casas Prefabricadas en Puerto Rico\",\"isPartOf\":{\"@id\":\"https:\/\/keu.es\/puertorico\/#website\"},\"datePublished\":\"2025-08-08T02:41:04+00:00\",\"dateModified\":\"2025-08-08T02:49:10+00:00\",\"description\":\"\u00bfQu\u00e9 es una cookie? Una cookie es un archivo que se almacena en el navegador del usuario mientras se navega por diferentes sitios web.\",\"breadcrumb\":{\"@id\":\"https:\/\/keu.es\/puertorico\/politica-de-cookies\/#breadcrumb\"},\"inLanguage\":\"es\",\"potentialAction\":[{\"@type\":\"ReadAction\",\"target\":[\"https:\/\/keu.es\/puertorico\/politica-de-cookies\/\"]}]},{\"@type\":\"BreadcrumbList\",\"@id\":\"https:\/\/keu.es\/puertorico\/politica-de-cookies\/#breadcrumb\",\"itemListElement\":[{\"@type\":\"ListItem\",\"position\":1,\"name\":\"Portada\",\"item\":\"https:\/\/keu.es\/puertorico\/\"},{\"@type\":\"ListItem\",\"position\":2,\"name\":\"Pol\u00edtica de Cookies\"}]},{\"@type\":\"WebSite\",\"@id\":\"https:\/\/keu.es\/puertorico\/#website\",\"url\":\"https:\/\/keu.es\/puertorico\/\",\"name\":\"KEU Home Casas Prefabricadas en Puerto Rico\",\"description\":\"Casas inteligentes prefabricadas\",\"publisher\":{\"@id\":\"https:\/\/keu.es\/puertorico\/#organization\"},\"potentialAction\":[{\"@type\":\"SearchAction\",\"target\":{\"@type\":\"EntryPoint\",\"urlTemplate\":\"https:\/\/keu.es\/puertorico\/?s={search_term_string}\"},\"query-input\":{\"@type\":\"PropertyValueSpecification\",\"valueRequired\":true,\"valueName\":\"search_term_string\"}}],\"inLanguage\":\"es\"},{\"@type\":\"Organization\",\"@id\":\"https:\/\/keu.es\/puertorico\/#organization\",\"name\":\"KEU Home Casas Prefabricadas en Puerto Rico\",\"url\":\"https:\/\/keu.es\/puertorico\/\",\"logo\":{\"@type\":\"ImageObject\",\"inLanguage\":\"es\",\"@id\":\"https:\/\/keu.es\/puertorico\/#\/schema\/logo\/image\/\",\"url\":\"https:\/\/keu.es\/puertorico\/wp-content\/uploads\/2025\/02\/imagen_2025-03-29_125517987.webp\",\"contentUrl\":\"https:\/\/keu.es\/puertorico\/wp-content\/uploads\/2025\/02\/imagen_2025-03-29_125517987.webp\",\"width\":1373,\"height\":540,\"caption\":\"KEU Home Casas Prefabricadas en Puerto Rico\"},\"image\":{\"@id\":\"https:\/\/keu.es\/puertorico\/#\/schema\/logo\/image\/\"}}]}<\/script>\n<!-- \/ Yoast SEO plugin. -->","yoast_head_json":{"title":"Pol\u00edtica de Cookies - KEU Home Casas Prefabricadas en Puerto Rico","description":"\u00bfQu\u00e9 es una cookie? Una cookie es un archivo que se almacena en el navegador del usuario mientras se navega por diferentes sitios web.","robots":{"index":"noindex","follow":"nofollow"},"og_locale":"es_ES","og_type":"article","og_title":"Pol\u00edtica de Cookies - KEU Home Casas Prefabricadas en Puerto Rico","og_description":"\u00bfQu\u00e9 es una cookie? Una cookie es un archivo que se almacena en el navegador del usuario mientras se navega por diferentes sitios web.","og_url":"https:\/\/keu.es\/puertorico\/politica-de-cookies\/","og_site_name":"KEU Home Casas Prefabricadas en Puerto Rico","article_modified_time":"2025-08-08T02:49:10+00:00","twitter_card":"summary_large_image","twitter_misc":{"Tiempo de lectura":"4 minutos"},"schema":{"@context":"https:\/\/schema.org","@graph":[{"@type":"WebPage","@id":"https:\/\/keu.es\/puertorico\/politica-de-cookies\/","url":"https:\/\/keu.es\/puertorico\/politica-de-cookies\/","name":"Pol\u00edtica de Cookies - KEU Home Casas Prefabricadas en Puerto Rico","isPartOf":{"@id":"https:\/\/keu.es\/puertorico\/#website"},"datePublished":"2025-08-08T02:41:04+00:00","dateModified":"2025-08-08T02:49:10+00:00","description":"\u00bfQu\u00e9 es una cookie? Una cookie es un archivo que se almacena en el navegador del usuario mientras se navega por diferentes sitios web.","breadcrumb":{"@id":"https:\/\/keu.es\/puertorico\/politica-de-cookies\/#breadcrumb"},"inLanguage":"es","potentialAction":[{"@type":"ReadAction","target":["https:\/\/keu.es\/puertorico\/politica-de-cookies\/"]}]},{"@type":"BreadcrumbList","@id":"https:\/\/keu.es\/puertorico\/politica-de-cookies\/#breadcrumb","itemListElement":[{"@type":"ListItem","position":1,"name":"Portada","item":"https:\/\/keu.es\/puertorico\/"},{"@type":"ListItem","position":2,"name":"Pol\u00edtica de Cookies"}]},{"@type":"WebSite","@id":"https:\/\/keu.es\/puertorico\/#website","url":"https:\/\/keu.es\/puertorico\/","name":"KEU Home Casas Prefabricadas en Puerto Rico","description":"Casas inteligentes prefabricadas","publisher":{"@id":"https:\/\/keu.es\/puertorico\/#organization"},"potentialAction":[{"@type":"SearchAction","target":{"@type":"EntryPoint","urlTemplate":"https:\/\/keu.es\/puertorico\/?s={search_term_string}"},"query-input":{"@type":"PropertyValueSpecification","valueRequired":true,"valueName":"search_term_string"}}],"inLanguage":"es"},{"@type":"Organization","@id":"https:\/\/keu.es\/puertorico\/#organization","name":"KEU Home Casas Prefabricadas en Puerto Rico","url":"https:\/\/keu.es\/puertorico\/","logo":{"@type":"ImageObject","inLanguage":"es","@id":"https:\/\/keu.es\/puertorico\/#\/schema\/logo\/image\/","url":"https:\/\/keu.es\/puertorico\/wp-content\/uploads\/2025\/02\/imagen_2025-03-29_125517987.webp","contentUrl":"https:\/\/keu.es\/puertorico\/wp-content\/uploads\/2025\/02\/imagen_2025-03-29_125517987.webp","width":1373,"height":540,"caption":"KEU Home Casas Prefabricadas en Puerto Rico"},"image":{"@id":"https:\/\/keu.es\/puertorico\/#\/schema\/logo\/image\/"}}]}},"_links":{"self":[{"href":"https:\/\/keu.es\/puertorico\/wp-json\/wp\/v2\/pages\/13039","targetHints":{"allow":["GET"]}}],"collection":[{"href":"https:\/\/keu.es\/puertorico\/wp-json\/wp\/v2\/pages"}],"about":[{"href":"https:\/\/keu.es\/puertorico\/wp-json\/wp\/v2\/types\/page"}],"author":[{"embeddable":true,"href":"https:\/\/keu.es\/puertorico\/wp-json\/wp\/v2\/users\/3"}],"replies":[{"embeddable":true,"href":"https:\/\/keu.es\/puertorico\/wp-json\/wp\/v2\/comments?post=13039"}],"version-history":[{"count":4,"href":"https:\/\/keu.es\/puertorico\/wp-json\/wp\/v2\/pages\/13039\/revisions"}],"predecessor-version":[{"id":13043,"href":"https:\/\/keu.es\/puertorico\/wp-json\/wp\/v2\/pages\/13039\/revisions\/13043"}],"wp:attachment":[{"href":"https:\/\/keu.es\/puertorico\/wp-json\/wp\/v2\/media?parent=13039"}],"curies":[{"name":"wp","href":"https:\/\/api.w.org\/{rel}","templated":true}]}}